{"id":1831,"date":"2023-10-04T02:26:34","date_gmt":"2023-10-04T02:26:34","guid":{"rendered":"https:\/\/museodelacharreria.org.mx\/?page_id=1831"},"modified":"2024-12-06T07:19:11","modified_gmt":"2024-12-06T13:19:11","slug":"vingtieme-siecle","status":"publish","type":"page","link":"https:\/\/museodelacharreria.org.mx\/fr\/historia\/siglo-xx\/","title":{"rendered":"20E SI\u00c8CLE"},"content":{"rendered":"<style type=\"text\/css\" data-created_by=\"avia_inline_auto\" id=\"style-css-av-2xkel7-bde44a0d5dbd3ad145764fe2370db91c\">\n.avia-section.av-2xkel7-bde44a0d5dbd3ad145764fe2370db91c{\nbackground-repeat:no-repeat;\nbackground-image:url(https:\/\/museodelacharreria.org.mx\/wp-content\/uploads\/2023\/10\/division-del-norte-francisco-villa.webp);\nbackground-position:50% 0%;\nbackground-attachment:scroll;\nmargin-top:0px;\nmargin-bottom:0px;\n}\n<\/style>\n<div id='av_section_1'  class='avia-section av-2xkel7-bde44a0d5dbd3ad145764fe2370db91c main_color avia-section-default avia-no-border-styling  avia-builder-el-0  el_before_av_submenu  avia-builder-el-first  avia-full-stretch avia-bg-style-scroll av-minimum-height av-minimum-height-60 av-height-percent  container_wrap fullsize'  data-section-bg-repeat='stretch' data-av_minimum_height_pc='60' data-av_min_height_opt='percent'><div class='container av-section-cont-open' ><main  role=\"main\" itemprop=\"mainContentOfPage\"  class='template-page content  av-content-full alpha units'><div class='post-entry post-entry-type-page post-entry-1831'><div class='entry-content-wrapper clearfix'>\n\n<style type=\"text\/css\" data-created_by=\"avia_inline_auto\" id=\"style-css-av-lo6drtvd-85972c50f3926622da4821f0cd198ed2\">\n.av_font_icon.av-lo6drtvd-85972c50f3926622da4821f0cd198ed2 .av-icon-char{\nfont-size:20px;\nline-height:20px;\n}\n<\/style>\n<span  class='av_font_icon av-lo6drtvd-85972c50f3926622da4821f0cd198ed2 avia_animate_when_visible av-icon-style- avia-icon-pos-right av-no-color avia-icon-animate'><span class='av-icon-char' aria-hidden='true' data-av_icon='\ue8e0' data-av_iconfont='entypo-fontello' data-avia-icon-tooltip=\"Imagen: &amp;#8220;Francisco Villa &amp;#8211; Batalla de Ojinaga&amp;#8221; 1914 Archivo Casasola. Mediateca del Instituto Nacional de Antropolog\u00eda e Historia de M\u00e9xico &amp;#8211; Derechos Reservados&lt;br \/&gt;\"><\/span><\/span>\n<\/div><\/div><\/main><!-- close content main element --><\/div><\/div><div class='clear'><\/div><div id='sub_menu1'  class='av-submenu-container av-5syjid-20cc2c243a2f2778b0c5c3a1afbb5dc1 main_color  avia-builder-el-2  el_after_av_section  el_before_av_one_full  av-sticky-submenu submenu-not-first container_wrap fullsize' style='z-index:301' ><div class='container av-menu-mobile-disabled av-submenu-pos-center'><ul id=\"menu-historia\" class=\"av-subnav-menu\" role=\"menu\"><li role=\"menuitem\" id=\"menu-item-1778\" class=\"menu-item menu-item-type-post_type menu-item-object-page menu-item-top-level menu-item-top-level-1\"><a href=\"https:\/\/museodelacharreria.org.mx\/fr\/historia\/siglo-xvi\/\" itemprop=\"url\" tabindex=\"0\"><span class=\"avia-bullet\"><\/span><span class=\"avia-menu-text\">16E SI\u00c8CLE<\/span><span class=\"avia-menu-fx\"><span class=\"avia-arrow-wrap\"><span class=\"avia-arrow\"><\/span><\/span><\/span><\/a><\/li>\n<li role=\"menuitem\" id=\"menu-item-1797\" class=\"menu-item menu-item-type-post_type menu-item-object-page menu-item-top-level menu-item-top-level-2\"><a href=\"https:\/\/museodelacharreria.org.mx\/fr\/historia\/siglo-xvii\/\" itemprop=\"url\" tabindex=\"0\"><span class=\"avia-bullet\"><\/span><span class=\"avia-menu-text\">17E SI\u00c8CLE<\/span><span class=\"avia-menu-fx\"><span class=\"avia-arrow-wrap\"><span class=\"avia-arrow\"><\/span><\/span><\/span><\/a><\/li>\n<li role=\"menuitem\" id=\"menu-item-1809\" class=\"menu-item menu-item-type-post_type menu-item-object-page menu-item-top-level menu-item-top-level-3\"><a href=\"https:\/\/museodelacharreria.org.mx\/fr\/historia\/siglo-xviii\/\" itemprop=\"url\" tabindex=\"0\"><span class=\"avia-bullet\"><\/span><span class=\"avia-menu-text\">18E SI\u00c8CLE<\/span><span class=\"avia-menu-fx\"><span class=\"avia-arrow-wrap\"><span class=\"avia-arrow\"><\/span><\/span><\/span><\/a><\/li>\n<li role=\"menuitem\" id=\"menu-item-1818\" class=\"menu-item menu-item-type-post_type menu-item-object-page menu-item-top-level menu-item-top-level-4\"><a href=\"https:\/\/museodelacharreria.org.mx\/fr\/historia\/siglo-xix\/\" itemprop=\"url\" tabindex=\"0\"><span class=\"avia-bullet\"><\/span><span class=\"avia-menu-text\">19E SI\u00c8CLE<\/span><span class=\"avia-menu-fx\"><span class=\"avia-arrow-wrap\"><span class=\"avia-arrow\"><\/span><\/span><\/span><\/a><\/li>\n<li role=\"menuitem\" id=\"menu-item-1840\" class=\"menu-item menu-item-type-post_type menu-item-object-page menu-item-top-level menu-item-top-level-5\"><a href=\"https:\/\/museodelacharreria.org.mx\/fr\/historia\/siglo-xx\/\" itemprop=\"url\" tabindex=\"0\"><span class=\"avia-bullet\"><\/span><span class=\"avia-menu-text\">20E SI\u00c8CLE<\/span><span class=\"avia-menu-fx\"><span class=\"avia-arrow-wrap\"><span class=\"avia-arrow\"><\/span><\/span><\/span><\/a><\/li>\n<li role=\"menuitem\" id=\"menu-item-1863\" class=\"menu-item menu-item-type-post_type menu-item-object-page menu-item-top-level menu-item-top-level-6\"><a href=\"https:\/\/museodelacharreria.org.mx\/fr\/historia\/siglo-xxi\/\" itemprop=\"url\" tabindex=\"0\"><span class=\"avia-bullet\"><\/span><span class=\"avia-menu-text\">21E SI\u00c8CLE<\/span><span class=\"avia-menu-fx\"><span class=\"avia-arrow-wrap\"><span class=\"avia-arrow\"><\/span><\/span><\/span><\/a><\/li>\n<\/ul><\/div><\/div><div class='sticky_placeholder'><\/div><div id='after_submenu_1'  class='main_color av_default_container_wrap container_wrap fullsize'  ><div class='container av-section-cont-open' ><div class='template-page content  av-content-full alpha units'><div class='post-entry post-entry-type-page post-entry-1831'><div class='entry-content-wrapper clearfix'><\/p>\n\n<style type=\"text\/css\" data-created_by=\"avia_inline_auto\" id=\"style-css-av-lnapyhdx-b289005ca77e5017eff9eca400f12de3\">\n#top .flex_column.av-lnapyhdx-b289005ca77e5017eff9eca400f12de3{\nmargin-top:-7%;\nmargin-bottom:0px;\n}\n.flex_column.av-lnapyhdx-b289005ca77e5017eff9eca400f12de3{\npadding:5% 5% 5% 5%;\nbackground-color:rgba(10,10,10,0.48);\n}\n.responsive #top #wrap_all .flex_column.av-lnapyhdx-b289005ca77e5017eff9eca400f12de3{\nmargin-top:-7%;\nmargin-bottom:0px;\n}\n<\/style>\n<div  class='flex_column av-lnapyhdx-b289005ca77e5017eff9eca400f12de3 av_one_full  avia-builder-el-3  el_after_av_submenu  avia-builder-el-no-sibling  first flex_column_div'     ><p>\n<style type=\"text\/css\" data-created_by=\"avia_inline_auto\" id=\"style-css-av-lnap3288-95d43671b747991d2bbf56ac8b92d10f\">\n#top .av-special-heading.av-lnap3288-95d43671b747991d2bbf56ac8b92d10f{\npadding-bottom:10px;\n}\nbody .av-special-heading.av-lnap3288-95d43671b747991d2bbf56ac8b92d10f .av-special-heading-tag .heading-char{\nfont-size:25px;\n}\n.av-special-heading.av-lnap3288-95d43671b747991d2bbf56ac8b92d10f .av-subheading{\nfont-size:15px;\n}\n<\/style>\n<div  class='av-special-heading av-lnap3288-95d43671b747991d2bbf56ac8b92d10f av-special-heading-h2 blockquote modern-quote modern-centered  avia-builder-el-4  el_before_av_textblock  avia-builder-el-first'><h2 class='av-special-heading-tag'  itemprop=\"headline\"  >20E SI\u00c8CLE<\/h2><div class='av-subheading av-subheading_below'><p>L'\u00e9volution de la Charreria dans l'histoire du Mexique<\/p>\n<\/div><div class=\"special-heading-border\"><div class=\"special-heading-inner-border\"><\/div><\/div><\/div><br \/>\n<section  class='av_textblock_section av-lnap26cr-22bc630749eb84fff7f01f2c3751306f'   itemscope=\"itemscope\" itemtype=\"https:\/\/schema.org\/CreativeWork\" ><div class='avia_textblock'  itemprop=\"text\" ><p>Au cours de la <strong>20e si\u00e8cle<\/strong>Au cours du XXe si\u00e8cle, la charrerie a atteint sa plus grande splendeur dans les hautes terres, et dans toutes les grandes haciendas, \u00e0 certaines p\u00e9riodes de l'ann\u00e9e, on proc\u00e9dait au ferrage, \u00e0 la honglerie ou au capadero et au tusadero des chevaux. Ces travaux donnaient lieu \u00e0 de grandes festivit\u00e9s, et les propri\u00e9taires comme les cow-boys s'en donnaient \u00e0 c\u0153ur joie.<\/p>\n<p>L'art de la \"Charreria\" \u00e9tait d\u00e9j\u00e0 connu en Europe et aux \u00c9tats-Unis depuis le d\u00e9but du si\u00e8cle dernier, gr\u00e2ce aux exhibitions des \"charros\". Ponciano D\u00edaz Gonz\u00e1lez a donn\u00e9 les premi\u00e8res repr\u00e9sentations en 1888. Il fut le premier Mexicain \u00e0 se produire dans les ar\u00e8nes espagnoles, les corridas de toro et de reata, en portant avec distinction les costumes de \"charro\".<\/p>\n<p>Les paysans avaient l'habitude de chasser les animaux qui n'\u00e9taient pas marqu\u00e9s. Ils devaient desseller les chevaux en ne laissant que les brides, puis ils s'attachaient par la taille et s'attachaient au cheval qui s'approchait des troupeaux sauvages. Puis, choisissant les animaux qui leur plaisaient, ils sautaient sur eux, saisissaient leur crini\u00e8re et les montaient jusqu'\u00e0 ce qu'ils soient apprivois\u00e9s. C'est l'origine du \"passage de la mort\" et d'autres actes.<\/p>\n<p>Les premi\u00e8res \"Manganas floreadas\" ont \u00e9t\u00e9 cr\u00e9\u00e9es par Don Felipe et Don Ignacio Gonz\u00e1lez. Ils appel\u00e8rent ces actes : \"La Crinolina\", \"la contra crinolina\" et \"la caricia\". C'est ainsi qu'est n\u00e9 le v\u00e9ritable art, le maniement de la reata.<\/p>\n<p>Les \"charros\" formaient une v\u00e9ritable aristocratie rurale avec un sens aigu du Mexique. Les propri\u00e9taires terriens alternaient, fraternellement, avec leurs cow-boys et leurs p\u00e9ons, menant les activit\u00e9s les plus audacieuses. Ce sont donc des hommes courageux, durs et honn\u00eates qui forment le c\u0153ur du peuple mexicain.<\/p>\n<p style=\"text-align: center;\"><strong>LA R\u00c9VOLUTION MEXICAINE<\/strong><\/p>\n<p>Plus tard dans la r\u00e9volution, Francisco I. Madero, un riche propri\u00e9taire terrien de Coahuila aux id\u00e9es d\u00e9mocratiques, dont la devise \u00e9tait \"Sufragio Efectivo no Reelecci\u00f3n\", a incit\u00e9 le peuple \u00e0 renverser le dictateur Porfirio D\u00edaz. Ce dernier prend le pouvoir apr\u00e8s la r\u00e9volution de 1910, qui d\u00e9ferle sur les plaines du nord et les campagnes du sud. Au galop du cheval, les rencontres les plus importantes impliquent l'action des centaures. En 1911, avec la marche de Madero, le si\u00e8cle des r\u00e9volutions commence, avec de larges chapeaux et une croix de cartouche sur la poitrine. Au plus fort de la r\u00e9volution, Francisco Villa passait le plus clair de son temps \u00e0 cheval, ce qui lui valut le surnom de \"El Centauro del Norte\" (le Centaure du Nord). Emiliano Zapata, consid\u00e9r\u00e9 comme le meilleur dompteur de chevaux de la r\u00e9gion, portait l'habit caract\u00e9ristique des paysans du sud de la r\u00e9publique, le costume de charro. Il fut le seul leader de la r\u00e9volution \u00e0 savoir d\u00e8s le d\u00e9part quel \u00e9tait son objectif : la restitution des terres \u00e0 leurs propri\u00e9taires d'origine. Outre les noms d\u00e9j\u00e0 c\u00e9l\u00e8bres de Villa et Zapata, beaucoup d'autres se sont distingu\u00e9s par leur courage t\u00e9m\u00e9raire. Une fois la phase arm\u00e9e termin\u00e9e, vint la phase du droit ; le constitutionnalisme triompha et la r\u00e9volution, devenue gouvernement, pensa que la partie la plus importante de la richesse de la Patrie \u00e9tait l'homme.<\/p>\n<p style=\"text-align: center;\"><strong>POST-R\u00c9VOLUTION<\/strong><\/p>\n<p>Avec la disparition des haciendas dans les provinces mexicaines, bien que dans une moindre mesure, ils ont continu\u00e9 \u00e0 effectuer les travaux de la campagne avec ce qui restait du b\u00e9tail ; mais pour ceux qui sont all\u00e9s \u00e0 la ville, il ne restait que le souvenir de l'ancienne \u00e9poque des haciendas. Au fil des ann\u00e9es, ces personnes ont voulu faire revivre les coutumes qui \u00e9taient si profond\u00e9ment enracin\u00e9es en elles. La charreria est devenue un sport lorsque les charros, conscients de leur valeur en tant que d\u00e9positaires de la tradition \u00e9questre de la campagne, se sont organis\u00e9s pour pouvoir reproduire dans les villes les t\u00e2ches dont notre sport fait partie. Les travaux du charro de campagne, bien de chez nous et bien mexicains, sont une partie sensible de notre esprit, n\u00e9 de l'accouchement douloureux, produit de l'union de deux races : indienne-autochtone et espagnole, pour donner naissance au m\u00e9tis, un homme dur, souffrant, \u00e0 la personnalit\u00e9 s\u00e9rieuse et imp\u00e9tueuse, serein et digne repr\u00e9sentant de notre campagne, qui se bat avec courage dans le d\u00e9sert, rit et tombe amoureux d'une femme, ou s'agenouille et baise la main de sa m\u00e8re. Il aime la jungle, la plaine, le d\u00e9sert, le ciel, le vent, la pluie et son \u00e2me paysanne, l'\u00e2me du charro, porte l'orgueil de nos montagnes. C'est dans les campagnes que s'est form\u00e9e la charreria, que s'est form\u00e9 le Mexique et que s'est \u00e9crite notre histoire.<\/p>\n<p style=\"text-align: center;\"><strong>LA CHARRERIE EN TANT QUE SPORT<\/strong><\/p>\n<p>Il est donc clair que la Charrerie est n\u00e9e \u00e0 la campagne et s'est d\u00e9velopp\u00e9e en ville. La premi\u00e8re association a vu le jour \u00e0 Mexico, sous le nom de \"La Nacional\", le 4 juin 1921. Plus tard, le 29 avril 1923, la deuxi\u00e8me association de la R\u00e9publique a vu le jour sous le nom de \"Club Nacional de Charros Potosinos\", aujourd'hui Potosina de Charros dans la capitale de l'\u00c9tat de San Luis Potosi et, le 8 ao\u00fbt 1923, \u00e0 Toluca, dans l'\u00c9tat de Mexico, la troisi\u00e8me association de charros de l'\u00c9tat de Mexico.<\/p>\n<p>La charrerie a \u00e9t\u00e9 d\u00e9clar\u00e9e \"sport national\" par le pr\u00e9sident de la R\u00e9publique, M. Manuel Avila Camacho, et le 14 septembre a \u00e9t\u00e9 institu\u00e9 \"journ\u00e9e du charro\".<\/p>\n<p>Le 16 d\u00e9cembre 1933 est fond\u00e9e la F\u00e9d\u00e9ration nationale des charros, qui entreprend la double et fructueuse t\u00e2che de r\u00e9unir toutes les associations de charros du pays afin d'organiser des comp\u00e9titions et d'\u00e9laborer un r\u00e8glement commun qui unifie les crit\u00e8res de pratique de ce sport national. <a href=\"https:\/\/museodelacharreria.org.mx\/deporte\/\">sport national<\/a>.<\/p>\n<p style=\"text-align: center;\"><strong>SEMI-PROFESSIONNALISATION ET HAUTE PERFORMANCE<\/strong><\/p>\n<p>Dans les ann\u00e9es 80, le boom de la haute performance a commenc\u00e9, controvers\u00e9 en raison de la question de la semi-professionnalisation, mais largement accept\u00e9 pour le d\u00e9veloppement et la croissance du sport transform\u00e9 en une forme d'art. Auparavant, les \u00e9quipes \u00e9taient principalement compos\u00e9es de membres de la famille qui, en plus de leurs activit\u00e9s agricoles, se r\u00e9unissaient pour se mesurer \u00e0 d'autres familles. Cette semi-professionnalisation a conduit au d\u00e9veloppement de sportifs de haut niveau, dont l'activit\u00e9 principale \u00e9tait pr\u00e9cis\u00e9ment ce sport.<\/p>\n<p>Aujourd'hui, de plus en plus de charros ont des dipl\u00f4mes universitaires qu'ils ont obtenus gr\u00e2ce \u00e0 un travail acharn\u00e9, ce qui a permis d'\u00e9lever le niveau du sport gr\u00e2ce aux nouvelles g\u00e9n\u00e9rations.<\/p>\n<p>La Charreria vit le pr\u00e9sent dans tous les sens du terme, en gagnant de nouveaux adeptes, en obtenant de plus en plus de sponsors, tandis que le niveau du sport continue de cro\u00eetre et ce, gr\u00e2ce \u00e0 la haute performance sportive qui est imprim\u00e9e dans chaque comp\u00e9tition, dans tout le pays, ainsi qu'\u00e0 Allende las Fronteras.<\/p>\n<\/div><\/section><\/p><\/div>","protected":false},"excerpt":{"rendered":"","protected":false},"author":2,"featured_media":1836,"parent":56,"menu_order":0,"comment_status":"closed","ping_status":"closed","template":"","meta":{"footnotes":""},"class_list":["post-1831","page","type-page","status-publish","has-post-thumbnail","hentry"],"yoast_head":"<!-- This site is optimized with the Yoast SEO plugin v27.4 - https:\/\/yoast.com\/product\/yoast-seo-wordpress\/ -->\n<title>SIGLO XX - Museo de la Charrer\u00eda CDMX<\/title>\n<meta name=\"robots\" content=\"index, follow, max-snippet:-1, max-image-preview:large, max-video-preview:-1\" \/>\n<link rel=\"canonical\" href=\"https:\/\/museodelacharreria.org.mx\/fr\/lhistoire\/vingtieme-siecle\/\" \/>\n<meta property=\"og:locale\" content=\"fr_FR\" \/>\n<meta property=\"og:type\" content=\"article\" \/>\n<meta property=\"og:title\" content=\"SIGLO XX - Museo de la Charrer\u00eda CDMX\" \/>\n<meta property=\"og:url\" content=\"https:\/\/museodelacharreria.org.mx\/fr\/lhistoire\/vingtieme-siecle\/\" \/>\n<meta property=\"og:site_name\" content=\"Museo de la Charrer\u00eda CDMX\" \/>\n<meta property=\"article:modified_time\" content=\"2024-12-06T13:19:11+00:00\" \/>\n<meta property=\"og:image\" content=\"https:\/\/museodelacharreria.org.mx\/wp-content\/uploads\/2023\/10\/division-del-norte-francisco-villa.webp\" \/>\n\t<meta property=\"og:image:width\" content=\"1200\" \/>\n\t<meta property=\"og:image:height\" content=\"750\" \/>\n\t<meta property=\"og:image:type\" content=\"image\/webp\" \/>\n<meta name=\"twitter:card\" content=\"summary_large_image\" \/>\n<meta name=\"twitter:label1\" content=\"Dur\u00e9e de lecture estim\u00e9e\" \/>\n\t<meta name=\"twitter:data1\" content=\"5 minutes\" \/>\n<script type=\"application\/ld+json\" class=\"yoast-schema-graph\">{\"@context\":\"https:\\\/\\\/schema.org\",\"@graph\":[{\"@type\":\"WebPage\",\"@id\":\"https:\\\/\\\/museodelacharreria.org.mx\\\/historia\\\/siglo-xx\\\/\",\"url\":\"https:\\\/\\\/museodelacharreria.org.mx\\\/historia\\\/siglo-xx\\\/\",\"name\":\"SIGLO XX - Museo de la Charrer\u00eda CDMX\",\"isPartOf\":{\"@id\":\"https:\\\/\\\/museodelacharreria.org.mx\\\/#website\"},\"primaryImageOfPage\":{\"@id\":\"https:\\\/\\\/museodelacharreria.org.mx\\\/historia\\\/siglo-xx\\\/#primaryimage\"},\"image\":{\"@id\":\"https:\\\/\\\/museodelacharreria.org.mx\\\/historia\\\/siglo-xx\\\/#primaryimage\"},\"thumbnailUrl\":\"https:\\\/\\\/museodelacharreria.org.mx\\\/wp-content\\\/uploads\\\/2023\\\/10\\\/division-del-norte-francisco-villa.webp\",\"datePublished\":\"2023-10-04T02:26:34+00:00\",\"dateModified\":\"2024-12-06T13:19:11+00:00\",\"breadcrumb\":{\"@id\":\"https:\\\/\\\/museodelacharreria.org.mx\\\/historia\\\/siglo-xx\\\/#breadcrumb\"},\"inLanguage\":\"fr-FR\",\"potentialAction\":[{\"@type\":\"ReadAction\",\"target\":[\"https:\\\/\\\/museodelacharreria.org.mx\\\/historia\\\/siglo-xx\\\/\"]}]},{\"@type\":\"ImageObject\",\"inLanguage\":\"fr-FR\",\"@id\":\"https:\\\/\\\/museodelacharreria.org.mx\\\/historia\\\/siglo-xx\\\/#primaryimage\",\"url\":\"https:\\\/\\\/museodelacharreria.org.mx\\\/wp-content\\\/uploads\\\/2023\\\/10\\\/division-del-norte-francisco-villa.webp\",\"contentUrl\":\"https:\\\/\\\/museodelacharreria.org.mx\\\/wp-content\\\/uploads\\\/2023\\\/10\\\/division-del-norte-francisco-villa.webp\",\"width\":1200,\"height\":750,\"caption\":\"Francisco Villa Batalla de Ojinaga 1914 - Mediateca INAH Archivo Casasola. Derechos Reservados\"},{\"@type\":\"BreadcrumbList\",\"@id\":\"https:\\\/\\\/museodelacharreria.org.mx\\\/historia\\\/siglo-xx\\\/#breadcrumb\",\"itemListElement\":[{\"@type\":\"ListItem\",\"position\":1,\"name\":\"Portada\",\"item\":\"https:\\\/\\\/museodelacharreria.org.mx\\\/inicio\\\/\"},{\"@type\":\"ListItem\",\"position\":2,\"name\":\"HISTORIA\",\"item\":\"https:\\\/\\\/museodelacharreria.org.mx\\\/historia\\\/\"},{\"@type\":\"ListItem\",\"position\":3,\"name\":\"SIGLO XX\"}]},{\"@type\":\"WebSite\",\"@id\":\"https:\\\/\\\/museodelacharreria.org.mx\\\/#website\",\"url\":\"https:\\\/\\\/museodelacharreria.org.mx\\\/\",\"name\":\"Museo de la Charrer\u00eda CDMX\",\"description\":\"Historia y tradici\u00f3n, patrimonio cultural inmaterial de la humanidad UNESCO\",\"publisher\":{\"@id\":\"https:\\\/\\\/museodelacharreria.org.mx\\\/#organization\"},\"potentialAction\":[{\"@type\":\"SearchAction\",\"target\":{\"@type\":\"EntryPoint\",\"urlTemplate\":\"https:\\\/\\\/museodelacharreria.org.mx\\\/?s={search_term_string}\"},\"query-input\":{\"@type\":\"PropertyValueSpecification\",\"valueRequired\":true,\"valueName\":\"search_term_string\"}}],\"inLanguage\":\"fr-FR\"},{\"@type\":\"Organization\",\"@id\":\"https:\\\/\\\/museodelacharreria.org.mx\\\/#organization\",\"name\":\"Museo de la Charrer\u00eda Ciudad de M\u00e9xico\",\"alternateName\":\"Museo de la Charrer\u00eda CDMX\",\"url\":\"https:\\\/\\\/museodelacharreria.org.mx\\\/\",\"logo\":{\"@type\":\"ImageObject\",\"inLanguage\":\"fr-FR\",\"@id\":\"https:\\\/\\\/museodelacharreria.org.mx\\\/#\\\/schema\\\/logo\\\/image\\\/\",\"url\":\"https:\\\/\\\/museodelacharreria.org.mx\\\/wp-content\\\/uploads\\\/2023\\\/07\\\/Logo-Museo-de-la-Charreria-b-n.png\",\"contentUrl\":\"https:\\\/\\\/museodelacharreria.org.mx\\\/wp-content\\\/uploads\\\/2023\\\/07\\\/Logo-Museo-de-la-Charreria-b-n.png\",\"width\":500,\"height\":250,\"caption\":\"Museo de la Charrer\u00eda Ciudad de M\u00e9xico\"},\"image\":{\"@id\":\"https:\\\/\\\/museodelacharreria.org.mx\\\/#\\\/schema\\\/logo\\\/image\\\/\"},\"sameAs\":[\"https:\\\/\\\/www.youtube.com\\\/@MuseoDeLaCharreria\"]}]}<\/script>\n<!-- \/ Yoast SEO plugin. -->","yoast_head_json":{"title":"20e SI\u00c8CLE - Mus\u00e9e de la Charrerie CDMX","robots":{"index":"index","follow":"follow","max-snippet":"max-snippet:-1","max-image-preview":"max-image-preview:large","max-video-preview":"max-video-preview:-1"},"canonical":"https:\/\/museodelacharreria.org.mx\/fr\/lhistoire\/vingtieme-siecle\/","og_locale":"fr_FR","og_type":"article","og_title":"SIGLO XX - Museo de la Charrer\u00eda CDMX","og_url":"https:\/\/museodelacharreria.org.mx\/fr\/lhistoire\/vingtieme-siecle\/","og_site_name":"Museo de la Charrer\u00eda CDMX","article_modified_time":"2024-12-06T13:19:11+00:00","og_image":[{"width":1200,"height":750,"url":"https:\/\/museodelacharreria.org.mx\/wp-content\/uploads\/2023\/10\/division-del-norte-francisco-villa.webp","type":"image\/webp"}],"twitter_card":"summary_large_image","twitter_misc":{"Dur\u00e9e de lecture estim\u00e9e":"5 minutes"},"schema":{"@context":"https:\/\/schema.org","@graph":[{"@type":"WebPage","@id":"https:\/\/museodelacharreria.org.mx\/historia\/siglo-xx\/","url":"https:\/\/museodelacharreria.org.mx\/historia\/siglo-xx\/","name":"20e SI\u00c8CLE - Mus\u00e9e de la Charrerie CDMX","isPartOf":{"@id":"https:\/\/museodelacharreria.org.mx\/#website"},"primaryImageOfPage":{"@id":"https:\/\/museodelacharreria.org.mx\/historia\/siglo-xx\/#primaryimage"},"image":{"@id":"https:\/\/museodelacharreria.org.mx\/historia\/siglo-xx\/#primaryimage"},"thumbnailUrl":"https:\/\/museodelacharreria.org.mx\/wp-content\/uploads\/2023\/10\/division-del-norte-francisco-villa.webp","datePublished":"2023-10-04T02:26:34+00:00","dateModified":"2024-12-06T13:19:11+00:00","breadcrumb":{"@id":"https:\/\/museodelacharreria.org.mx\/historia\/siglo-xx\/#breadcrumb"},"inLanguage":"fr-FR","potentialAction":[{"@type":"ReadAction","target":["https:\/\/museodelacharreria.org.mx\/historia\/siglo-xx\/"]}]},{"@type":"ImageObject","inLanguage":"fr-FR","@id":"https:\/\/museodelacharreria.org.mx\/historia\/siglo-xx\/#primaryimage","url":"https:\/\/museodelacharreria.org.mx\/wp-content\/uploads\/2023\/10\/division-del-norte-francisco-villa.webp","contentUrl":"https:\/\/museodelacharreria.org.mx\/wp-content\/uploads\/2023\/10\/division-del-norte-francisco-villa.webp","width":1200,"height":750,"caption":"Francisco Villa Batalla de Ojinaga 1914 - Mediateca INAH Archivo Casasola. Derechos Reservados"},{"@type":"BreadcrumbList","@id":"https:\/\/museodelacharreria.org.mx\/historia\/siglo-xx\/#breadcrumb","itemListElement":[{"@type":"ListItem","position":1,"name":"Portada","item":"https:\/\/museodelacharreria.org.mx\/inicio\/"},{"@type":"ListItem","position":2,"name":"HISTORIA","item":"https:\/\/museodelacharreria.org.mx\/historia\/"},{"@type":"ListItem","position":3,"name":"SIGLO XX"}]},{"@type":"WebSite","@id":"https:\/\/museodelacharreria.org.mx\/#website","url":"https:\/\/museodelacharreria.org.mx\/","name":"Mus\u00e9e de la Charrerie CDMX","description":"Histoire et tradition, patrimoine culturel immat\u00e9riel de l'humanit\u00e9 UNESCO","publisher":{"@id":"https:\/\/museodelacharreria.org.mx\/#organization"},"potentialAction":[{"@type":"SearchAction","target":{"@type":"EntryPoint","urlTemplate":"https:\/\/museodelacharreria.org.mx\/?s={search_term_string}"},"query-input":{"@type":"PropertyValueSpecification","valueRequired":true,"valueName":"search_term_string"}}],"inLanguage":"fr-FR"},{"@type":"Organization","@id":"https:\/\/museodelacharreria.org.mx\/#organization","name":"Mus\u00e9e de la Charrerie Mexico","alternateName":"Museo de la Charrer\u00eda CDMX","url":"https:\/\/museodelacharreria.org.mx\/","logo":{"@type":"ImageObject","inLanguage":"fr-FR","@id":"https:\/\/museodelacharreria.org.mx\/#\/schema\/logo\/image\/","url":"https:\/\/museodelacharreria.org.mx\/wp-content\/uploads\/2023\/07\/Logo-Museo-de-la-Charreria-b-n.png","contentUrl":"https:\/\/museodelacharreria.org.mx\/wp-content\/uploads\/2023\/07\/Logo-Museo-de-la-Charreria-b-n.png","width":500,"height":250,"caption":"Museo de la Charrer\u00eda Ciudad de M\u00e9xico"},"image":{"@id":"https:\/\/museodelacharreria.org.mx\/#\/schema\/logo\/image\/"},"sameAs":["https:\/\/www.youtube.com\/@MuseoDeLaCharreria"]}]}},"_links":{"self":[{"href":"https:\/\/museodelacharreria.org.mx\/fr\/wp-json\/wp\/v2\/pages\/1831","targetHints":{"allow":["GET"]}}],"collection":[{"href":"https:\/\/museodelacharreria.org.mx\/fr\/wp-json\/wp\/v2\/pages"}],"about":[{"href":"https:\/\/museodelacharreria.org.mx\/fr\/wp-json\/wp\/v2\/types\/page"}],"author":[{"embeddable":true,"href":"https:\/\/museodelacharreria.org.mx\/fr\/wp-json\/wp\/v2\/users\/2"}],"replies":[{"embeddable":true,"href":"https:\/\/museodelacharreria.org.mx\/fr\/wp-json\/wp\/v2\/comments?post=1831"}],"version-history":[{"count":13,"href":"https:\/\/museodelacharreria.org.mx\/fr\/wp-json\/wp\/v2\/pages\/1831\/revisions"}],"predecessor-version":[{"id":3994,"href":"https:\/\/museodelacharreria.org.mx\/fr\/wp-json\/wp\/v2\/pages\/1831\/revisions\/3994"}],"up":[{"embeddable":true,"href":"https:\/\/museodelacharreria.org.mx\/fr\/wp-json\/wp\/v2\/pages\/56"}],"wp:featuredmedia":[{"embeddable":true,"href":"https:\/\/museodelacharreria.org.mx\/fr\/wp-json\/wp\/v2\/media\/1836"}],"wp:attachment":[{"href":"https:\/\/museodelacharreria.org.mx\/fr\/wp-json\/wp\/v2\/media?parent=1831"}],"curies":[{"name":"wp","href":"https:\/\/api.w.org\/{rel}","templated":true}]}}