{"id":1831,"date":"2023-10-04T02:26:34","date_gmt":"2023-10-04T02:26:34","guid":{"rendered":"https:\/\/museodelacharreria.org.mx\/?page_id=1831"},"modified":"2024-12-06T07:19:11","modified_gmt":"2024-12-06T13:19:11","slug":"siglo-xx","status":"publish","type":"page","link":"https:\/\/museodelacharreria.org.mx\/hi\/historia\/siglo-xx\/","title":{"rendered":"\u092c\u0940\u0938\u0935\u0940\u0902 \u0936\u0924\u093e\u092c\u094d\u0926\u0940"},"content":{"rendered":"<style type=\"text\/css\" data-created_by=\"avia_inline_auto\" id=\"style-css-av-2xkel7-bde44a0d5dbd3ad145764fe2370db91c\">\n.avia-section.av-2xkel7-bde44a0d5dbd3ad145764fe2370db91c{\nbackground-repeat:no-repeat;\nbackground-image:url(https:\/\/museodelacharreria.org.mx\/wp-content\/uploads\/2023\/10\/division-del-norte-francisco-villa.webp);\nbackground-position:50% 0%;\nbackground-attachment:scroll;\nmargin-top:0px;\nmargin-bottom:0px;\n}\n<\/style>\n<div id='av_section_1'  class='avia-section av-2xkel7-bde44a0d5dbd3ad145764fe2370db91c main_color avia-section-default avia-no-border-styling  avia-builder-el-0  el_before_av_submenu  avia-builder-el-first  avia-full-stretch avia-bg-style-scroll av-minimum-height av-minimum-height-60 av-height-percent  container_wrap fullsize'  data-section-bg-repeat='stretch' data-av_minimum_height_pc='60' data-av_min_height_opt='percent'><div class='container av-section-cont-open' ><main  role=\"main\" itemprop=\"mainContentOfPage\"  class='template-page content  av-content-full alpha units'><div class='post-entry post-entry-type-page post-entry-1831'><div class='entry-content-wrapper clearfix'>\n\n<style type=\"text\/css\" data-created_by=\"avia_inline_auto\" id=\"style-css-av-lo6drtvd-85972c50f3926622da4821f0cd198ed2\">\n.av_font_icon.av-lo6drtvd-85972c50f3926622da4821f0cd198ed2 .av-icon-char{\nfont-size:20px;\nline-height:20px;\n}\n<\/style>\n<span  class='av_font_icon av-lo6drtvd-85972c50f3926622da4821f0cd198ed2 avia_animate_when_visible av-icon-style- avia-icon-pos-right av-no-color avia-icon-animate'><span class='av-icon-char' aria-hidden='true' data-av_icon='\ue8e0' data-av_iconfont='entypo-fontello' data-avia-icon-tooltip=\"Imagen: &amp;#8220;Francisco Villa &amp;#8211; Batalla de Ojinaga&amp;#8221; 1914 Archivo Casasola. Mediateca del Instituto Nacional de Antropolog\u00eda e Historia de M\u00e9xico &amp;#8211; Derechos Reservados&lt;br \/&gt;\"><\/span><\/span>\n<\/div><\/div><\/main><!-- close content main element --><\/div><\/div><div class='clear'><\/div><div id='sub_menu1'  class='av-submenu-container av-5syjid-20cc2c243a2f2778b0c5c3a1afbb5dc1 main_color  avia-builder-el-2  el_after_av_section  el_before_av_one_full  av-sticky-submenu submenu-not-first container_wrap fullsize' style='z-index:301' ><div class='container av-menu-mobile-disabled av-submenu-pos-center'><ul id=\"menu-historia\" class=\"av-subnav-menu\" role=\"menu\"><li role=\"menuitem\" id=\"menu-item-1778\" class=\"menu-item menu-item-type-post_type menu-item-object-page menu-item-top-level menu-item-top-level-1\"><a href=\"https:\/\/museodelacharreria.org.mx\/hi\/historia\/siglo-xvi\/\" itemprop=\"url\" tabindex=\"0\"><span class=\"avia-bullet\"><\/span><span class=\"avia-menu-text\">\u0937\u094b\u0921\u0936 \u0936\u0924\u093e\u092c\u094d\u0926\u0940<\/span><span class=\"avia-menu-fx\"><span class=\"avia-arrow-wrap\"><span class=\"avia-arrow\"><\/span><\/span><\/span><\/a><\/li>\n<li role=\"menuitem\" id=\"menu-item-1797\" class=\"menu-item menu-item-type-post_type menu-item-object-page menu-item-top-level menu-item-top-level-2\"><a href=\"https:\/\/museodelacharreria.org.mx\/hi\/historia\/siglo-xvii\/\" itemprop=\"url\" tabindex=\"0\"><span class=\"avia-bullet\"><\/span><span class=\"avia-menu-text\">\u0938\u0924\u094d\u0930\u0939\u0935\u0940\u0902 \u0936\u0924\u093e\u092c\u094d\u0926\u0940<\/span><span class=\"avia-menu-fx\"><span class=\"avia-arrow-wrap\"><span class=\"avia-arrow\"><\/span><\/span><\/span><\/a><\/li>\n<li role=\"menuitem\" id=\"menu-item-1809\" class=\"menu-item menu-item-type-post_type menu-item-object-page menu-item-top-level menu-item-top-level-3\"><a href=\"https:\/\/museodelacharreria.org.mx\/hi\/historia\/siglo-xviii\/\" itemprop=\"url\" tabindex=\"0\"><span class=\"avia-bullet\"><\/span><span class=\"avia-menu-text\">\u0905\u0920\u093e\u0930\u0939\u0935\u0940\u0902 \u0936\u0924\u093e\u092c\u094d\u0926\u0940<\/span><span class=\"avia-menu-fx\"><span class=\"avia-arrow-wrap\"><span class=\"avia-arrow\"><\/span><\/span><\/span><\/a><\/li>\n<li role=\"menuitem\" id=\"menu-item-1818\" class=\"menu-item menu-item-type-post_type menu-item-object-page menu-item-top-level menu-item-top-level-4\"><a href=\"https:\/\/museodelacharreria.org.mx\/hi\/historia\/siglo-xix\/\" itemprop=\"url\" tabindex=\"0\"><span class=\"avia-bullet\"><\/span><span class=\"avia-menu-text\">\u0909\u0928\u094d\u0928\u0940\u0938\u0935\u0940\u0902 \u0936\u0924\u093e\u092c\u094d\u0926\u0940<\/span><span class=\"avia-menu-fx\"><span class=\"avia-arrow-wrap\"><span class=\"avia-arrow\"><\/span><\/span><\/span><\/a><\/li>\n<li role=\"menuitem\" id=\"menu-item-1840\" class=\"menu-item menu-item-type-post_type menu-item-object-page menu-item-top-level menu-item-top-level-5\"><a href=\"https:\/\/museodelacharreria.org.mx\/hi\/historia\/siglo-xx\/\" itemprop=\"url\" tabindex=\"0\"><span class=\"avia-bullet\"><\/span><span class=\"avia-menu-text\">\u092c\u0940\u0938\u0935\u0940\u0902 \u0936\u0924\u093e\u092c\u094d\u0926\u0940<\/span><span class=\"avia-menu-fx\"><span class=\"avia-arrow-wrap\"><span class=\"avia-arrow\"><\/span><\/span><\/span><\/a><\/li>\n<li role=\"menuitem\" id=\"menu-item-1863\" class=\"menu-item menu-item-type-post_type menu-item-object-page menu-item-top-level menu-item-top-level-6\"><a href=\"https:\/\/museodelacharreria.org.mx\/hi\/historia\/siglo-xxi\/\" itemprop=\"url\" tabindex=\"0\"><span class=\"avia-bullet\"><\/span><span class=\"avia-menu-text\">\u0907\u0915\u094d\u0915\u0940\u0938\u0935\u0940\u0902 \u0936\u0924\u093e\u092c\u094d\u0926\u0940<\/span><span class=\"avia-menu-fx\"><span class=\"avia-arrow-wrap\"><span class=\"avia-arrow\"><\/span><\/span><\/span><\/a><\/li>\n<\/ul><\/div><\/div><div class='sticky_placeholder'><\/div><div id='after_submenu_1'  class='main_color av_default_container_wrap container_wrap fullsize'  ><div class='container av-section-cont-open' ><div class='template-page content  av-content-full alpha units'><div class='post-entry post-entry-type-page post-entry-1831'><div class='entry-content-wrapper clearfix'><\/p>\n\n<style type=\"text\/css\" data-created_by=\"avia_inline_auto\" id=\"style-css-av-lnapyhdx-b289005ca77e5017eff9eca400f12de3\">\n#top .flex_column.av-lnapyhdx-b289005ca77e5017eff9eca400f12de3{\nmargin-top:-7%;\nmargin-bottom:0px;\n}\n.flex_column.av-lnapyhdx-b289005ca77e5017eff9eca400f12de3{\npadding:5% 5% 5% 5%;\nbackground-color:rgba(10,10,10,0.48);\n}\n.responsive #top #wrap_all .flex_column.av-lnapyhdx-b289005ca77e5017eff9eca400f12de3{\nmargin-top:-7%;\nmargin-bottom:0px;\n}\n<\/style>\n<div  class='flex_column av-lnapyhdx-b289005ca77e5017eff9eca400f12de3 av_one_full  avia-builder-el-3  el_after_av_submenu  avia-builder-el-no-sibling  first flex_column_div'     ><p>\n<style type=\"text\/css\" data-created_by=\"avia_inline_auto\" id=\"style-css-av-lnap3288-95d43671b747991d2bbf56ac8b92d10f\">\n#top .av-special-heading.av-lnap3288-95d43671b747991d2bbf56ac8b92d10f{\npadding-bottom:10px;\n}\nbody .av-special-heading.av-lnap3288-95d43671b747991d2bbf56ac8b92d10f .av-special-heading-tag .heading-char{\nfont-size:25px;\n}\n.av-special-heading.av-lnap3288-95d43671b747991d2bbf56ac8b92d10f .av-subheading{\nfont-size:15px;\n}\n<\/style>\n<div  class='av-special-heading av-lnap3288-95d43671b747991d2bbf56ac8b92d10f av-special-heading-h2 blockquote modern-quote modern-centered  avia-builder-el-4  el_before_av_textblock  avia-builder-el-first'><h2 class='av-special-heading-tag'  itemprop=\"headline\"  >\u092c\u0940\u0938\u0935\u0940\u0902 \u0936\u0924\u093e\u092c\u094d\u0926\u0940<\/h2><div class='av-subheading av-subheading_below'><p>Evoluci\u00f3n de la Charrer\u00eda a Trav\u00e9s de la Historia de M\u00e9xico<\/p>\n<\/div><div class=\"special-heading-border\"><div class=\"special-heading-inner-border\"><\/div><\/div><\/div><br \/>\n<section  class='av_textblock_section av-lnap26cr-22bc630749eb84fff7f01f2c3751306f'   itemscope=\"itemscope\" itemtype=\"https:\/\/schema.org\/CreativeWork\" ><div class='avia_textblock'  itemprop=\"text\" ><p>Durante el <strong>Siglo XX<\/strong>, la charrer\u00eda desarroll\u00f3 su mayor esplendor en las tierras altas, y en todas las grandes haciendas, durante determinadas \u00e9pocas del a\u00f1o, se llevaba a cabo el herradero de los caballos, el castrado o capadero y el tusadero. Tales trabajos eran motivo de grandes fiestas, y tanto los propietarios como los vaqueros se divert\u00edan mientras los realizaban.<\/p>\n<p>El arte de la &#8220;Charrer\u00eda&#8221; ya era conocido en Europa y Estados Unidos desde el comienzo del siglo pasado, debido a las exhibiciones de los &#8220;charros&#8221;. Ponciano D\u00edaz Gonz\u00e1lez dio las primeras interpretaciones en 1888. Fue el primer mexicano en actuar en las arenas espa\u00f1olas, corridas de toro y reata, llevando con gran distinci\u00f3n los trajes de charro.<\/p>\n<p>Los campesinos sol\u00edan perseguir a los animales que no estaban marcados. Ten\u00edan que desensillar los caballos, dejando s\u00f3lo las bridas, luego se ataban a la cintura y se fijaban en el caballo, el cual se acercaba a las manadas salvajes. Despu\u00e9s, seleccionando los animales que les gustaban, saltaban sobre ellos agarrando las crines, y los montaban hasta que eran domesticados. Este fue el origen de &#8220;El Paso de la Muerte&#8221; y otros actos.<\/p>\n<p>Las primeras &#8220;Manganas floreadas&#8221; fueron creadas por Don Felipe y Don Ignacio Gonz\u00e1lez. Ellos llamaron a estos actos: &#8220;La Crinolina&#8221;, &#8220;la contra crinolina&#8221; y &#8220;la caricia&#8221;. Por lo tanto, se convirti\u00f3 en el verdadero arte, el manejo de la reata.<\/p>\n<p>Los &#8220;charros&#8221; formaron una verdadera aristocracia rural con un sentido fuerte de M\u00e9xico. Los terratenientes alternaban, fraternalmente, con sus vaqueros y peones, realizando las m\u00e1s audaces actividades. As\u00ed, fueron los hombres valientes, duros y honestos que formaron el coraz\u00f3n del pueblo mexicano.<\/p>\n<p style=\"text-align: center;\"><strong>LA REVOLUCI\u00d3N MEXICANA<\/strong><\/p>\n<p>Posteriormente, en la revoluci\u00f3n, Francisco I. Madero, rico hacendado coahuilense, de ideas democr\u00e1ticas, cuyo lema fue: &#8216;Sufragio Efectivo no Reelecci\u00f3n&#8217;, incit\u00f3 al pueblo a derribar al dictador Porfirio D\u00edaz. Asumi\u00f3 el poder despu\u00e9s de la revoluci\u00f3n de 1910, que se extendi\u00f3 por las llanuras norte\u00f1as y los campos del sur. Al galope del caballo, los encuentros m\u00e1s importantes contaron con la acci\u00f3n de los centauros. En 1911, con la marcha de Madero, comienza el siglo de las revoluciones, de anchos sombreros y una cruz de cartucho sobre el pecho. En los periodos \u00e1lgidos de la revoluci\u00f3n, Francisco Villa pasaba la mayor parte del tiempo montado a caballo, por lo que le llamaron &#8216;El Centauro del Norte&#8217;. Emiliano Zapata, considerado el mejor domador de caballos de la regi\u00f3n, luc\u00eda el atuendo caracter\u00edstico de la gente del campo del sur de la rep\u00fablica, el traje de charro. Fue el \u00fanico caudillo de la revoluci\u00f3n que desde un principio supo cu\u00e1l era la meta a seguir: restituci\u00f3n de la tierra a sus primitivos due\u00f1os. A los nombres ya famosos de Villa y Zapata, se agregaron muchos m\u00e1s que se caracterizaron por su valor temerario. Concluida la etapa armada, vino la etapa del derecho; el constitucionalismo triunf\u00f3 y la revoluci\u00f3n, al convertirse en gobierno, pens\u00f3 que la parte m\u00e1s importante de la riqueza de la Patria es el hombre.<\/p>\n<p style=\"text-align: center;\"><strong>POST REVOLUCI\u00d3N<\/strong><\/p>\n<p>Al desaparecer las haciendas en la provincia mexicana, aunque en menor proporci\u00f3n, se siguieron realizando las labores campiranas con lo que qued\u00f3 de ganado; pero para quienes se fueron a la ciudad, solo les qued\u00f3 el recuerdo de aquellos viejos tiempos de la hacienda. Al paso de los a\u00f1os, esta gente quiso revivir las costumbres que tan arraigadas llevaran. La charrer\u00eda se convierte en deporte cuando los charros, conscientes de su valor como depositarios de la tradici\u00f3n ecuestre campirana, se organizaron para poder emular las faenas de las cuales parte nuestro deporte, dentro de las ciudades. Las labores campiranas charras, muy nuestras y muy mexicanas, son una parte sensible de nuestro esp\u00edritu, nacido del doloroso parto, producto de la uni\u00f3n de dos razas: india-aborigen y espa\u00f1ola, dando paso al mestizo, hombre recio, sufrido con personalidad seria e impetuosa, sereno y digno representante de nuestro campo, que lucha con coraje en el desierto, r\u00ede y enamora a una mujer, o se arrodilla y besa la mano de su madre. Ama la selva, el llano, el desierto, el cielo, el viento, la lluvia y su alma campirana, alma del charro, lleva la altivez de nuestras monta\u00f1as. En el campo se form\u00f3 la charrer\u00eda, se form\u00f3 M\u00e9xico y se escribi\u00f3 nuestra historia.<\/p>\n<p style=\"text-align: center;\"><strong>LA CHARRER\u00cdA COMO DEPORTE<\/strong><\/p>\n<p>Por lo cual debe quedar claro que la Charrer\u00eda naci\u00f3 en el campo y se reglamento en la ciudad, surgiendo la primera asociaci\u00f3n en el Distrito Federal, con el nombre de \u201cLa Nacional\u201d el 4 de junio de 1921. Posteriormente surge el 29 de abril de 1923, la segunda asociaci\u00f3n de la Rep\u00fablica con el nombre de \u201cClub Nacional de Charros Potosinos\u201d, ahora Potosina de Charros en la capital del estado de San Luis Potos\u00ed y, el 8 de agosto de 1923, en Toluca Estado de M\u00e9xico, la tercera asociaci\u00f3n de charros del Estado de M\u00e9xico.<\/p>\n<p>La Charrer\u00eda fue declarada \u201cDeporte Nacional\u201d por el Sr. presidente de la Rep\u00fablica Don Manuel \u00c1vila Camacho, e instituido el 14 de septiembre como \u201cD\u00eda del Charro\u201d.<\/p>\n<p>El 16 de diciembre de 1933 se funda la Federaci\u00f3n Nacional de Charros que se dio a la doble y fruct\u00edfera tarea de agrupar a todas las asociaciones de charros del pa\u00eds, para organizar competencias y elaborar un reglamento com\u00fan que unificar\u00e1 criterios en la pr\u00e1ctica de este <a href=\"https:\/\/museodelacharreria.org.mx\/deporte\/\">deporte nacional<\/a>.<\/p>\n<p style=\"text-align: center;\"><strong>SEMI PROFESIONALIZACI\u00d3N Y EL ALTO RENDIMIENTO<\/strong><\/p>\n<p>En la d\u00e9cada de los 80&#8217;s comenz\u00f3 el boom del alto rendimiento, controvertido por el tema de la semi profesionalizaci\u00f3n, pero aceptado en gran parte para el desarrollo y crecimiento del deporte convertido en arte. Previo a este momento, los equipos se compon\u00edan principalmente de miembros de una familia que adem\u00e1s de sus actividades agropecuarias, se reun\u00edan para charrear compitiendo con otras familias. Esta semi profesionalizaci\u00f3n propici\u00f3 el desarrollo de deportistas de alto rendimiento, cuya principal actividad era precisamente este deporte.<\/p>\n<p>Hoy en d\u00eda, m\u00e1s charros tienen grados acad\u00e9micos que han logrado a base de esfuerzo, lo que ha implicado mayor nivel deportivo porque las nuevas generaciones as\u00ed lo han provocado.<\/p>\n<p>La charrer\u00eda vive el presente en toda la extensi\u00f3n de la palabra, ganando nuevos adeptos, consiguiendo m\u00e1s y m\u00e1s patrocinadores, en tanto el nivel deporte sigue creciendo y eso, gracias al alto rendimiento deportivo que se imprime en cada competencia, a lo largo y ancho del pa\u00eds, as\u00ed como Allende las Fronteras.<\/p>\n<\/div><\/section><\/p><\/div>","protected":false},"excerpt":{"rendered":"","protected":false},"author":2,"featured_media":1836,"parent":56,"menu_order":0,"comment_status":"closed","ping_status":"closed","template":"","meta":{"footnotes":""},"class_list":["post-1831","page","type-page","status-publish","has-post-thumbnail","hentry"],"yoast_head":"<!-- This site is optimized with the Yoast SEO plugin v27.4 - https:\/\/yoast.com\/product\/yoast-seo-wordpress\/ -->\n<title>SIGLO XX - Museo de la Charrer\u00eda CDMX<\/title>\n<meta name=\"robots\" content=\"index, follow, max-snippet:-1, max-image-preview:large, max-video-preview:-1\" \/>\n<link rel=\"canonical\" href=\"https:\/\/museodelacharreria.org.mx\/hi\/historia\/siglo-xx\/\" \/>\n<meta property=\"og:locale\" content=\"hi_IN\" \/>\n<meta property=\"og:type\" content=\"article\" \/>\n<meta property=\"og:title\" content=\"SIGLO XX - Museo de la Charrer\u00eda CDMX\" \/>\n<meta property=\"og:url\" content=\"https:\/\/museodelacharreria.org.mx\/hi\/historia\/siglo-xx\/\" \/>\n<meta property=\"og:site_name\" content=\"Museo de la Charrer\u00eda CDMX\" \/>\n<meta property=\"article:modified_time\" content=\"2024-12-06T13:19:11+00:00\" \/>\n<meta property=\"og:image\" content=\"https:\/\/museodelacharreria.org.mx\/wp-content\/uploads\/2023\/10\/division-del-norte-francisco-villa.webp\" \/>\n\t<meta property=\"og:image:width\" content=\"1200\" \/>\n\t<meta property=\"og:image:height\" content=\"750\" \/>\n\t<meta property=\"og:image:type\" content=\"image\/webp\" \/>\n<meta name=\"twitter:card\" content=\"summary_large_image\" \/>\n<meta name=\"twitter:label1\" content=\"\u0905\u0928\u0941\u092e\u093e\u0928\u093f\u0924 \u092a\u0922\u093c\u0928\u0947 \u0915\u093e \u0938\u092e\u092f\" \/>\n\t<meta name=\"twitter:data1\" content=\"5 \u092e\u093f\u0928\u091f\" \/>\n<script type=\"application\/ld+json\" class=\"yoast-schema-graph\">{\"@context\":\"https:\\\/\\\/schema.org\",\"@graph\":[{\"@type\":\"WebPage\",\"@id\":\"https:\\\/\\\/museodelacharreria.org.mx\\\/historia\\\/siglo-xx\\\/\",\"url\":\"https:\\\/\\\/museodelacharreria.org.mx\\\/historia\\\/siglo-xx\\\/\",\"name\":\"SIGLO XX - Museo de la Charrer\u00eda CDMX\",\"isPartOf\":{\"@id\":\"https:\\\/\\\/museodelacharreria.org.mx\\\/#website\"},\"primaryImageOfPage\":{\"@id\":\"https:\\\/\\\/museodelacharreria.org.mx\\\/historia\\\/siglo-xx\\\/#primaryimage\"},\"image\":{\"@id\":\"https:\\\/\\\/museodelacharreria.org.mx\\\/historia\\\/siglo-xx\\\/#primaryimage\"},\"thumbnailUrl\":\"https:\\\/\\\/museodelacharreria.org.mx\\\/wp-content\\\/uploads\\\/2023\\\/10\\\/division-del-norte-francisco-villa.webp\",\"datePublished\":\"2023-10-04T02:26:34+00:00\",\"dateModified\":\"2024-12-06T13:19:11+00:00\",\"breadcrumb\":{\"@id\":\"https:\\\/\\\/museodelacharreria.org.mx\\\/historia\\\/siglo-xx\\\/#breadcrumb\"},\"inLanguage\":\"hi-IN\",\"potentialAction\":[{\"@type\":\"ReadAction\",\"target\":[\"https:\\\/\\\/museodelacharreria.org.mx\\\/historia\\\/siglo-xx\\\/\"]}]},{\"@type\":\"ImageObject\",\"inLanguage\":\"hi-IN\",\"@id\":\"https:\\\/\\\/museodelacharreria.org.mx\\\/historia\\\/siglo-xx\\\/#primaryimage\",\"url\":\"https:\\\/\\\/museodelacharreria.org.mx\\\/wp-content\\\/uploads\\\/2023\\\/10\\\/division-del-norte-francisco-villa.webp\",\"contentUrl\":\"https:\\\/\\\/museodelacharreria.org.mx\\\/wp-content\\\/uploads\\\/2023\\\/10\\\/division-del-norte-francisco-villa.webp\",\"width\":1200,\"height\":750,\"caption\":\"Francisco Villa Batalla de Ojinaga 1914 - Mediateca INAH Archivo Casasola. Derechos Reservados\"},{\"@type\":\"BreadcrumbList\",\"@id\":\"https:\\\/\\\/museodelacharreria.org.mx\\\/historia\\\/siglo-xx\\\/#breadcrumb\",\"itemListElement\":[{\"@type\":\"ListItem\",\"position\":1,\"name\":\"Portada\",\"item\":\"https:\\\/\\\/museodelacharreria.org.mx\\\/inicio\\\/\"},{\"@type\":\"ListItem\",\"position\":2,\"name\":\"HISTORIA\",\"item\":\"https:\\\/\\\/museodelacharreria.org.mx\\\/historia\\\/\"},{\"@type\":\"ListItem\",\"position\":3,\"name\":\"SIGLO XX\"}]},{\"@type\":\"WebSite\",\"@id\":\"https:\\\/\\\/museodelacharreria.org.mx\\\/#website\",\"url\":\"https:\\\/\\\/museodelacharreria.org.mx\\\/\",\"name\":\"Museo de la Charrer\u00eda CDMX\",\"description\":\"Historia y tradici\u00f3n, patrimonio cultural inmaterial de la humanidad UNESCO\",\"publisher\":{\"@id\":\"https:\\\/\\\/museodelacharreria.org.mx\\\/#organization\"},\"potentialAction\":[{\"@type\":\"SearchAction\",\"target\":{\"@type\":\"EntryPoint\",\"urlTemplate\":\"https:\\\/\\\/museodelacharreria.org.mx\\\/?s={search_term_string}\"},\"query-input\":{\"@type\":\"PropertyValueSpecification\",\"valueRequired\":true,\"valueName\":\"search_term_string\"}}],\"inLanguage\":\"hi-IN\"},{\"@type\":\"Organization\",\"@id\":\"https:\\\/\\\/museodelacharreria.org.mx\\\/#organization\",\"name\":\"Museo de la Charrer\u00eda Ciudad de M\u00e9xico\",\"alternateName\":\"Museo de la Charrer\u00eda CDMX\",\"url\":\"https:\\\/\\\/museodelacharreria.org.mx\\\/\",\"logo\":{\"@type\":\"ImageObject\",\"inLanguage\":\"hi-IN\",\"@id\":\"https:\\\/\\\/museodelacharreria.org.mx\\\/#\\\/schema\\\/logo\\\/image\\\/\",\"url\":\"https:\\\/\\\/museodelacharreria.org.mx\\\/wp-content\\\/uploads\\\/2023\\\/07\\\/Logo-Museo-de-la-Charreria-b-n.png\",\"contentUrl\":\"https:\\\/\\\/museodelacharreria.org.mx\\\/wp-content\\\/uploads\\\/2023\\\/07\\\/Logo-Museo-de-la-Charreria-b-n.png\",\"width\":500,\"height\":250,\"caption\":\"Museo de la Charrer\u00eda Ciudad de M\u00e9xico\"},\"image\":{\"@id\":\"https:\\\/\\\/museodelacharreria.org.mx\\\/#\\\/schema\\\/logo\\\/image\\\/\"},\"sameAs\":[\"https:\\\/\\\/www.youtube.com\\\/@MuseoDeLaCharreria\"]}]}<\/script>\n<!-- \/ Yoast SEO plugin. -->","yoast_head_json":{"title":"SIGLO XX - Museo de la Charrer\u00eda CDMX","robots":{"index":"index","follow":"follow","max-snippet":"max-snippet:-1","max-image-preview":"max-image-preview:large","max-video-preview":"max-video-preview:-1"},"canonical":"https:\/\/museodelacharreria.org.mx\/hi\/historia\/siglo-xx\/","og_locale":"hi_IN","og_type":"article","og_title":"SIGLO XX - Museo de la Charrer\u00eda CDMX","og_url":"https:\/\/museodelacharreria.org.mx\/hi\/historia\/siglo-xx\/","og_site_name":"Museo de la Charrer\u00eda CDMX","article_modified_time":"2024-12-06T13:19:11+00:00","og_image":[{"width":1200,"height":750,"url":"https:\/\/museodelacharreria.org.mx\/wp-content\/uploads\/2023\/10\/division-del-norte-francisco-villa.webp","type":"image\/webp"}],"twitter_card":"summary_large_image","twitter_misc":{"\u0905\u0928\u0941\u092e\u093e\u0928\u093f\u0924 \u092a\u0922\u093c\u0928\u0947 \u0915\u093e \u0938\u092e\u092f":"5 \u092e\u093f\u0928\u091f"},"schema":{"@context":"https:\/\/schema.org","@graph":[{"@type":"WebPage","@id":"https:\/\/museodelacharreria.org.mx\/historia\/siglo-xx\/","url":"https:\/\/museodelacharreria.org.mx\/historia\/siglo-xx\/","name":"SIGLO XX - Museo de la Charrer\u00eda CDMX","isPartOf":{"@id":"https:\/\/museodelacharreria.org.mx\/#website"},"primaryImageOfPage":{"@id":"https:\/\/museodelacharreria.org.mx\/historia\/siglo-xx\/#primaryimage"},"image":{"@id":"https:\/\/museodelacharreria.org.mx\/historia\/siglo-xx\/#primaryimage"},"thumbnailUrl":"https:\/\/museodelacharreria.org.mx\/wp-content\/uploads\/2023\/10\/division-del-norte-francisco-villa.webp","datePublished":"2023-10-04T02:26:34+00:00","dateModified":"2024-12-06T13:19:11+00:00","breadcrumb":{"@id":"https:\/\/museodelacharreria.org.mx\/historia\/siglo-xx\/#breadcrumb"},"inLanguage":"hi-IN","potentialAction":[{"@type":"ReadAction","target":["https:\/\/museodelacharreria.org.mx\/historia\/siglo-xx\/"]}]},{"@type":"ImageObject","inLanguage":"hi-IN","@id":"https:\/\/museodelacharreria.org.mx\/historia\/siglo-xx\/#primaryimage","url":"https:\/\/museodelacharreria.org.mx\/wp-content\/uploads\/2023\/10\/division-del-norte-francisco-villa.webp","contentUrl":"https:\/\/museodelacharreria.org.mx\/wp-content\/uploads\/2023\/10\/division-del-norte-francisco-villa.webp","width":1200,"height":750,"caption":"Francisco Villa Batalla de Ojinaga 1914 - Mediateca INAH Archivo Casasola. Derechos Reservados"},{"@type":"BreadcrumbList","@id":"https:\/\/museodelacharreria.org.mx\/historia\/siglo-xx\/#breadcrumb","itemListElement":[{"@type":"ListItem","position":1,"name":"Portada","item":"https:\/\/museodelacharreria.org.mx\/inicio\/"},{"@type":"ListItem","position":2,"name":"HISTORIA","item":"https:\/\/museodelacharreria.org.mx\/historia\/"},{"@type":"ListItem","position":3,"name":"SIGLO XX"}]},{"@type":"WebSite","@id":"https:\/\/museodelacharreria.org.mx\/#website","url":"https:\/\/museodelacharreria.org.mx\/","name":"Museo de la Charrer\u00eda CDMX","description":"Historia y tradici\u00f3n, patrimonio cultural inmaterial de la humanidad UNESCO","publisher":{"@id":"https:\/\/museodelacharreria.org.mx\/#organization"},"potentialAction":[{"@type":"SearchAction","target":{"@type":"EntryPoint","urlTemplate":"https:\/\/museodelacharreria.org.mx\/?s={search_term_string}"},"query-input":{"@type":"PropertyValueSpecification","valueRequired":true,"valueName":"search_term_string"}}],"inLanguage":"hi-IN"},{"@type":"Organization","@id":"https:\/\/museodelacharreria.org.mx\/#organization","name":"Museo de la Charrer\u00eda Ciudad de M\u00e9xico","alternateName":"Museo de la Charrer\u00eda CDMX","url":"https:\/\/museodelacharreria.org.mx\/","logo":{"@type":"ImageObject","inLanguage":"hi-IN","@id":"https:\/\/museodelacharreria.org.mx\/#\/schema\/logo\/image\/","url":"https:\/\/museodelacharreria.org.mx\/wp-content\/uploads\/2023\/07\/Logo-Museo-de-la-Charreria-b-n.png","contentUrl":"https:\/\/museodelacharreria.org.mx\/wp-content\/uploads\/2023\/07\/Logo-Museo-de-la-Charreria-b-n.png","width":500,"height":250,"caption":"Museo de la Charrer\u00eda Ciudad de M\u00e9xico"},"image":{"@id":"https:\/\/museodelacharreria.org.mx\/#\/schema\/logo\/image\/"},"sameAs":["https:\/\/www.youtube.com\/@MuseoDeLaCharreria"]}]}},"_links":{"self":[{"href":"https:\/\/museodelacharreria.org.mx\/hi\/wp-json\/wp\/v2\/pages\/1831","targetHints":{"allow":["GET"]}}],"collection":[{"href":"https:\/\/museodelacharreria.org.mx\/hi\/wp-json\/wp\/v2\/pages"}],"about":[{"href":"https:\/\/museodelacharreria.org.mx\/hi\/wp-json\/wp\/v2\/types\/page"}],"author":[{"embeddable":true,"href":"https:\/\/museodelacharreria.org.mx\/hi\/wp-json\/wp\/v2\/users\/2"}],"replies":[{"embeddable":true,"href":"https:\/\/museodelacharreria.org.mx\/hi\/wp-json\/wp\/v2\/comments?post=1831"}],"version-history":[{"count":13,"href":"https:\/\/museodelacharreria.org.mx\/hi\/wp-json\/wp\/v2\/pages\/1831\/revisions"}],"predecessor-version":[{"id":3994,"href":"https:\/\/museodelacharreria.org.mx\/hi\/wp-json\/wp\/v2\/pages\/1831\/revisions\/3994"}],"up":[{"embeddable":true,"href":"https:\/\/museodelacharreria.org.mx\/hi\/wp-json\/wp\/v2\/pages\/56"}],"wp:featuredmedia":[{"embeddable":true,"href":"https:\/\/museodelacharreria.org.mx\/hi\/wp-json\/wp\/v2\/media\/1836"}],"wp:attachment":[{"href":"https:\/\/museodelacharreria.org.mx\/hi\/wp-json\/wp\/v2\/media?parent=1831"}],"curies":[{"name":"wp","href":"https:\/\/api.w.org\/{rel}","templated":true}]}}