{"id":1831,"date":"2023-10-04T02:26:34","date_gmt":"2023-10-04T02:26:34","guid":{"rendered":"https:\/\/museodelacharreria.org.mx\/?page_id=1831"},"modified":"2024-12-06T07:19:11","modified_gmt":"2024-12-06T13:19:11","slug":"ventesimo-secolo","status":"publish","type":"page","link":"https:\/\/museodelacharreria.org.mx\/it\/historia\/siglo-xx\/","title":{"rendered":"20\u00b0 SECOLO"},"content":{"rendered":"<style type=\"text\/css\" data-created_by=\"avia_inline_auto\" id=\"style-css-av-2xkel7-bde44a0d5dbd3ad145764fe2370db91c\">\n.avia-section.av-2xkel7-bde44a0d5dbd3ad145764fe2370db91c{\nbackground-repeat:no-repeat;\nbackground-image:url(https:\/\/museodelacharreria.org.mx\/wp-content\/uploads\/2023\/10\/division-del-norte-francisco-villa.webp);\nbackground-position:50% 0%;\nbackground-attachment:scroll;\nmargin-top:0px;\nmargin-bottom:0px;\n}\n<\/style>\n<div id='av_section_1'  class='avia-section av-2xkel7-bde44a0d5dbd3ad145764fe2370db91c main_color avia-section-default avia-no-border-styling  avia-builder-el-0  el_before_av_submenu  avia-builder-el-first  avia-full-stretch avia-bg-style-scroll av-minimum-height av-minimum-height-60 av-height-percent  container_wrap fullsize'  data-section-bg-repeat='stretch' data-av_minimum_height_pc='60' data-av_min_height_opt='percent'><div class='container av-section-cont-open' ><main  role=\"main\" itemprop=\"mainContentOfPage\"  class='template-page content  av-content-full alpha units'><div class='post-entry post-entry-type-page post-entry-1831'><div class='entry-content-wrapper clearfix'>\n\n<style type=\"text\/css\" data-created_by=\"avia_inline_auto\" id=\"style-css-av-lo6drtvd-85972c50f3926622da4821f0cd198ed2\">\n.av_font_icon.av-lo6drtvd-85972c50f3926622da4821f0cd198ed2 .av-icon-char{\nfont-size:20px;\nline-height:20px;\n}\n<\/style>\n<span  class='av_font_icon av-lo6drtvd-85972c50f3926622da4821f0cd198ed2 avia_animate_when_visible av-icon-style- avia-icon-pos-right av-no-color avia-icon-animate'><span class='av-icon-char' aria-hidden='true' data-av_icon='\ue8e0' data-av_iconfont='entypo-fontello' data-avia-icon-tooltip=\"Imagen: &amp;#8220;Francisco Villa &amp;#8211; Batalla de Ojinaga&amp;#8221; 1914 Archivo Casasola. Mediateca del Instituto Nacional de Antropolog\u00eda e Historia de M\u00e9xico &amp;#8211; Derechos Reservados&lt;br \/&gt;\"><\/span><\/span>\n<\/div><\/div><\/main><!-- close content main element --><\/div><\/div><div class='clear'><\/div><div id='sub_menu1'  class='av-submenu-container av-5syjid-20cc2c243a2f2778b0c5c3a1afbb5dc1 main_color  avia-builder-el-2  el_after_av_section  el_before_av_one_full  av-sticky-submenu submenu-not-first container_wrap fullsize' style='z-index:301' ><div class='container av-menu-mobile-disabled av-submenu-pos-center'><ul id=\"menu-historia\" class=\"av-subnav-menu\" role=\"menu\"><li role=\"menuitem\" id=\"menu-item-1778\" class=\"menu-item menu-item-type-post_type menu-item-object-page menu-item-top-level menu-item-top-level-1\"><a href=\"https:\/\/museodelacharreria.org.mx\/it\/historia\/siglo-xvi\/\" itemprop=\"url\" tabindex=\"0\"><span class=\"avia-bullet\"><\/span><span class=\"avia-menu-text\">XVI SECOLO<\/span><span class=\"avia-menu-fx\"><span class=\"avia-arrow-wrap\"><span class=\"avia-arrow\"><\/span><\/span><\/span><\/a><\/li>\n<li role=\"menuitem\" id=\"menu-item-1797\" class=\"menu-item menu-item-type-post_type menu-item-object-page menu-item-top-level menu-item-top-level-2\"><a href=\"https:\/\/museodelacharreria.org.mx\/it\/historia\/siglo-xvii\/\" itemprop=\"url\" tabindex=\"0\"><span class=\"avia-bullet\"><\/span><span class=\"avia-menu-text\">XVII SECOLO<\/span><span class=\"avia-menu-fx\"><span class=\"avia-arrow-wrap\"><span class=\"avia-arrow\"><\/span><\/span><\/span><\/a><\/li>\n<li role=\"menuitem\" id=\"menu-item-1809\" class=\"menu-item menu-item-type-post_type menu-item-object-page menu-item-top-level menu-item-top-level-3\"><a href=\"https:\/\/museodelacharreria.org.mx\/it\/historia\/siglo-xviii\/\" itemprop=\"url\" tabindex=\"0\"><span class=\"avia-bullet\"><\/span><span class=\"avia-menu-text\">18\u00b0 SECOLO<\/span><span class=\"avia-menu-fx\"><span class=\"avia-arrow-wrap\"><span class=\"avia-arrow\"><\/span><\/span><\/span><\/a><\/li>\n<li role=\"menuitem\" id=\"menu-item-1818\" class=\"menu-item menu-item-type-post_type menu-item-object-page menu-item-top-level menu-item-top-level-4\"><a href=\"https:\/\/museodelacharreria.org.mx\/it\/historia\/siglo-xix\/\" itemprop=\"url\" tabindex=\"0\"><span class=\"avia-bullet\"><\/span><span class=\"avia-menu-text\">XIX SECOLO<\/span><span class=\"avia-menu-fx\"><span class=\"avia-arrow-wrap\"><span class=\"avia-arrow\"><\/span><\/span><\/span><\/a><\/li>\n<li role=\"menuitem\" id=\"menu-item-1840\" class=\"menu-item menu-item-type-post_type menu-item-object-page menu-item-top-level menu-item-top-level-5\"><a href=\"https:\/\/museodelacharreria.org.mx\/it\/historia\/siglo-xx\/\" itemprop=\"url\" tabindex=\"0\"><span class=\"avia-bullet\"><\/span><span class=\"avia-menu-text\">20\u00b0 SECOLO<\/span><span class=\"avia-menu-fx\"><span class=\"avia-arrow-wrap\"><span class=\"avia-arrow\"><\/span><\/span><\/span><\/a><\/li>\n<li role=\"menuitem\" id=\"menu-item-1863\" class=\"menu-item menu-item-type-post_type menu-item-object-page menu-item-top-level menu-item-top-level-6\"><a href=\"https:\/\/museodelacharreria.org.mx\/it\/historia\/siglo-xxi\/\" itemprop=\"url\" tabindex=\"0\"><span class=\"avia-bullet\"><\/span><span class=\"avia-menu-text\">21\u00b0 SECOLO<\/span><span class=\"avia-menu-fx\"><span class=\"avia-arrow-wrap\"><span class=\"avia-arrow\"><\/span><\/span><\/span><\/a><\/li>\n<\/ul><\/div><\/div><div class='sticky_placeholder'><\/div><div id='after_submenu_1'  class='main_color av_default_container_wrap container_wrap fullsize'  ><div class='container av-section-cont-open' ><div class='template-page content  av-content-full alpha units'><div class='post-entry post-entry-type-page post-entry-1831'><div class='entry-content-wrapper clearfix'><\/p>\n\n<style type=\"text\/css\" data-created_by=\"avia_inline_auto\" id=\"style-css-av-lnapyhdx-b289005ca77e5017eff9eca400f12de3\">\n#top .flex_column.av-lnapyhdx-b289005ca77e5017eff9eca400f12de3{\nmargin-top:-7%;\nmargin-bottom:0px;\n}\n.flex_column.av-lnapyhdx-b289005ca77e5017eff9eca400f12de3{\npadding:5% 5% 5% 5%;\nbackground-color:rgba(10,10,10,0.48);\n}\n.responsive #top #wrap_all .flex_column.av-lnapyhdx-b289005ca77e5017eff9eca400f12de3{\nmargin-top:-7%;\nmargin-bottom:0px;\n}\n<\/style>\n<div  class='flex_column av-lnapyhdx-b289005ca77e5017eff9eca400f12de3 av_one_full  avia-builder-el-3  el_after_av_submenu  avia-builder-el-no-sibling  first flex_column_div'     ><p>\n<style type=\"text\/css\" data-created_by=\"avia_inline_auto\" id=\"style-css-av-lnap3288-95d43671b747991d2bbf56ac8b92d10f\">\n#top .av-special-heading.av-lnap3288-95d43671b747991d2bbf56ac8b92d10f{\npadding-bottom:10px;\n}\nbody .av-special-heading.av-lnap3288-95d43671b747991d2bbf56ac8b92d10f .av-special-heading-tag .heading-char{\nfont-size:25px;\n}\n.av-special-heading.av-lnap3288-95d43671b747991d2bbf56ac8b92d10f .av-subheading{\nfont-size:15px;\n}\n<\/style>\n<div  class='av-special-heading av-lnap3288-95d43671b747991d2bbf56ac8b92d10f av-special-heading-h2 blockquote modern-quote modern-centered  avia-builder-el-4  el_before_av_textblock  avia-builder-el-first'><h2 class='av-special-heading-tag'  itemprop=\"headline\"  >20\u00b0 SECOLO<\/h2><div class='av-subheading av-subheading_below'><p>L'evoluzione della Charreria nella storia del Messico<\/p>\n<\/div><div class=\"special-heading-border\"><div class=\"special-heading-inner-border\"><\/div><\/div><\/div><br \/>\n<section  class='av_textblock_section av-lnap26cr-22bc630749eb84fff7f01f2c3751306f'   itemscope=\"itemscope\" itemtype=\"https:\/\/schema.org\/CreativeWork\" ><div class='avia_textblock'  itemprop=\"text\" ><p>Durante il <strong>20\u00b0 secolo<\/strong>Durante il XX secolo, la charrer\u00eda svilupp\u00f2 il suo massimo splendore negli altopiani, e in tutte le grandi haciendas, in determinati periodi dell'anno, si eseguiva la ferratura dei cavalli, la castrazione o il capadero e il tusadero. Questo lavoro era occasione di grandi festeggiamenti e sia i proprietari che i cowboy si divertivano a farlo.<\/p>\n<p>L'arte della \"Charreria\" era gi\u00e0 conosciuta in Europa e negli Stati Uniti dall'inizio del secolo scorso, grazie alle esibizioni dei \"charros\". Ponciano D\u00edaz Gonz\u00e1lez diede le prime esibizioni nel 1888. Fu il primo messicano a esibirsi nelle arene spagnole, nelle corride e nelle \"corridas de toro y reata\", indossando con grande distinzione i costumi da \"charro\".<\/p>\n<p>I contadini erano soliti inseguire gli animali che non erano contrassegnati. Dovevano disarcionare i cavalli, lasciando solo le briglie, poi si legavano in vita e si allacciavano al cavallo, che si avvicinava alle mandrie selvagge. Poi, selezionando gli animali di loro gradimento, saltavano su di loro, afferrando le criniere, e li cavalcavano fino a quando non venivano addomesticati. Questa fu l'origine del 'Passaggio della Morte' e di altri atti.<\/p>\n<p>Le prime \"Manganas floreadas\" furono create da Don Felipe e Don Ignacio Gonz\u00e1lez. Essi chiamarono questi atti: \"La Crinolina\", \"la contra crinolina\" e \"la caricia\". Cos\u00ec, divenne la vera arte, la manipolazione della reata.<\/p>\n<p>I 'charros' formavano una vera e propria aristocrazia rurale con un forte senso del Messico. I proprietari terrieri si alternavano, fraternamente, con i loro cowboy e peones, svolgendo le attivit\u00e0 pi\u00f9 audaci. Cos\u00ec, erano gli uomini coraggiosi, duri e onesti che costituivano il cuore del popolo messicano.<\/p>\n<p style=\"text-align: center;\"><strong>RIVOLUZIONE MESSICANA<\/strong><\/p>\n<p>Pi\u00f9 avanti nella rivoluzione, Francisco I. Madero, un ricco proprietario terriero di Coahuila con idee democratiche, il cui motto era 'Sufragio Efectivo no Reelecci\u00f3n', incit\u00f2 il popolo a rovesciare il dittatore Porfirio D\u00edaz. Egli assunse il potere dopo la rivoluzione del 1910, che attravers\u00f2 le pianure del nord e le campagne del sud. Al galoppo del cavallo, gli incontri pi\u00f9 importanti coinvolsero l'azione dei centauri. Nel 1911, con la marcia di Madero, inizi\u00f2 il secolo delle rivoluzioni, con ampi cappelli e una croce di cartucce sul petto. All'apice della rivoluzione, Francisco Villa trascorse la maggior parte del tempo a cavallo, motivo per cui fu chiamato 'El Centauro del Norte' (Il Centauro del Nord). Emiliano Zapata, considerato il miglior domatore di cavalli della regione, indossava l'abbigliamento caratteristico della gente di campagna del sud della Repubblica, il costume da charro. Fu l'unico leader della rivoluzione che sapeva fin dall'inizio quale fosse il suo obiettivo: la restituzione della terra ai suoi proprietari originari. Oltre ai nomi gi\u00e0 famosi di Villa e Zapata, ci furono molti altri che si caratterizzarono per il loro coraggio temerario. Una volta terminata la fase armata, arriv\u00f2 la fase del diritto; il costituzionalismo trionf\u00f2 e la rivoluzione, quando divenne un governo, pens\u00f2 che la parte pi\u00f9 importante della ricchezza della Patria fosse l'uomo.<\/p>\n<p style=\"text-align: center;\"><strong>POST-RIVOLUZIONE<\/strong><\/p>\n<p>Con la scomparsa delle haciendas nelle province messicane, anche se in misura minore, continuarono a svolgere i lavori di campagna con ci\u00f2 che rimaneva del bestiame; ma per coloro che andarono in citt\u00e0, rimase solo il ricordo di quei vecchi giorni di hacienda. Con il passare degli anni, queste persone volevano far rivivere le usanze che erano cos\u00ec profondamente radicate in loro. La Charreria \u00e8 diventata uno sport quando i charros, consapevoli del loro valore come depositari della tradizione equestre di campagna, si sono organizzati per poter emulare i compiti di cui fa parte il nostro sport, all'interno delle citt\u00e0. Le fatiche del charro di campagna, molto nostre e molto messicane, sono una parte sensibile del nostro spirito, nato dalla nascita dolorosa, prodotto dell'unione di due razze: indiana-aborigena e spagnola, che ha lasciato il posto al meticcio, un uomo duro, sofferente, con una personalit\u00e0 seria e impetuosa, sereno e degno rappresentante della nostra campagna, che combatte con coraggio nel deserto, ride e si innamora di una donna, o si inginocchia e bacia la mano di sua madre. Ama la giungla, la pianura, il deserto, il cielo, il vento, la pioggia e la sua anima contadina, l'anima del charro, porta con s\u00e9 l'alterigia delle nostre montagne. \u00c8 in campagna che si \u00e8 formata la charreria, si \u00e8 formato il Messico e si \u00e8 scritta la nostra storia.<\/p>\n<p style=\"text-align: center;\"><strong>LA CHARRERIA COME SPORT<\/strong><\/p>\n<p>Pertanto, dovrebbe essere chiaro che la Charreria \u00e8 nata in campagna e regolata in citt\u00e0, con la prima associazione sorta a Citt\u00e0 del Messico, con il nome di \"La Nacional\", il 4 giugno 1921. Successivamente, il 29 aprile 1923, sorse la seconda associazione della Repubblica con il nome di \"Club Nacional de Charros Potosinos\", oggi Potosina de Charros nella capitale dello Stato di San Luis Potosi e, l'8 agosto 1923, a Toluca, Stato del Messico, la terza associazione di charros nello Stato del Messico.<\/p>\n<p>La Charreria \u00e8 stata dichiarata \"Sport Nazionale\" dal Presidente della Repubblica Manuel Avila Camacho, e il 14 settembre \u00e8 stato istituito il \"Giorno del Charro\".<\/p>\n<p>Il 16 dicembre 1933, fu fondata la Federazione Nazionale di Charros, che intraprese il duplice e fruttuoso compito di riunire tutte le associazioni di charro del Paese per organizzare competizioni e redigere regolamenti comuni che avrebbero unificato i criteri nella pratica di questo sport nazionale. <a href=\"https:\/\/museodelacharreria.org.mx\/deporte\/\">sport nazionale<\/a>.<\/p>\n<p style=\"text-align: center;\"><strong>SEMI-PROFESSIONALIZZAZIONE E ALTE PRESTAZIONI<\/strong><\/p>\n<p>Negli anni '80 inizi\u00f2 il boom delle alte prestazioni, controverso per la questione della semi-professionalizzazione, ma ampiamente accettato per lo sviluppo e la crescita dello sport trasformato in una forma d'arte. Prima di allora, le squadre erano composte principalmente da membri di famiglie che, oltre alle loro attivit\u00e0 agricole, si riunivano per competere in carriere con altre famiglie. Questa semi-professionalizzazione ha portato allo sviluppo di sportivi ad alte prestazioni, la cui attivit\u00e0 principale era proprio questo sport.<\/p>\n<p>Oggi, un numero maggiore di charros ha titoli accademici che ha conseguito grazie al duro lavoro, il che ha significato un livello sportivo pi\u00f9 alto, perch\u00e9 le nuove generazioni lo hanno portato.<\/p>\n<p>La Charreria sta vivendo il presente in tutti i sensi, guadagnando nuovi seguaci, ottenendo sempre pi\u00f9 sponsor, mentre il livello dello sport continua a crescere e questo, grazie alle alte prestazioni sportive che si stampano in ogni competizione, in tutto il Paese, oltre che ad Allende las Fronteras.<\/p>\n<\/div><\/section><\/p><\/div>","protected":false},"excerpt":{"rendered":"","protected":false},"author":2,"featured_media":1836,"parent":56,"menu_order":0,"comment_status":"closed","ping_status":"closed","template":"","meta":{"footnotes":""},"class_list":["post-1831","page","type-page","status-publish","has-post-thumbnail","hentry"],"yoast_head":"<!-- This site is optimized with the Yoast SEO plugin v27.4 - https:\/\/yoast.com\/product\/yoast-seo-wordpress\/ -->\n<title>SIGLO XX - Museo de la Charrer\u00eda CDMX<\/title>\n<meta name=\"robots\" content=\"index, follow, max-snippet:-1, max-image-preview:large, max-video-preview:-1\" \/>\n<link rel=\"canonical\" href=\"https:\/\/museodelacharreria.org.mx\/it\/storia\/ventesimo-secolo\/\" \/>\n<meta property=\"og:locale\" content=\"it_IT\" \/>\n<meta property=\"og:type\" content=\"article\" \/>\n<meta property=\"og:title\" content=\"SIGLO XX - Museo de la Charrer\u00eda CDMX\" \/>\n<meta property=\"og:url\" content=\"https:\/\/museodelacharreria.org.mx\/it\/storia\/ventesimo-secolo\/\" \/>\n<meta property=\"og:site_name\" content=\"Museo de la Charrer\u00eda CDMX\" \/>\n<meta property=\"article:modified_time\" content=\"2024-12-06T13:19:11+00:00\" \/>\n<meta property=\"og:image\" content=\"https:\/\/museodelacharreria.org.mx\/wp-content\/uploads\/2023\/10\/division-del-norte-francisco-villa.webp\" \/>\n\t<meta property=\"og:image:width\" content=\"1200\" \/>\n\t<meta property=\"og:image:height\" content=\"750\" \/>\n\t<meta property=\"og:image:type\" content=\"image\/webp\" \/>\n<meta name=\"twitter:card\" content=\"summary_large_image\" \/>\n<meta name=\"twitter:label1\" content=\"Tempo di lettura stimato\" \/>\n\t<meta name=\"twitter:data1\" content=\"5 minuti\" \/>\n<script type=\"application\/ld+json\" class=\"yoast-schema-graph\">{\"@context\":\"https:\\\/\\\/schema.org\",\"@graph\":[{\"@type\":\"WebPage\",\"@id\":\"https:\\\/\\\/museodelacharreria.org.mx\\\/historia\\\/siglo-xx\\\/\",\"url\":\"https:\\\/\\\/museodelacharreria.org.mx\\\/historia\\\/siglo-xx\\\/\",\"name\":\"SIGLO XX - Museo de la Charrer\u00eda CDMX\",\"isPartOf\":{\"@id\":\"https:\\\/\\\/museodelacharreria.org.mx\\\/#website\"},\"primaryImageOfPage\":{\"@id\":\"https:\\\/\\\/museodelacharreria.org.mx\\\/historia\\\/siglo-xx\\\/#primaryimage\"},\"image\":{\"@id\":\"https:\\\/\\\/museodelacharreria.org.mx\\\/historia\\\/siglo-xx\\\/#primaryimage\"},\"thumbnailUrl\":\"https:\\\/\\\/museodelacharreria.org.mx\\\/wp-content\\\/uploads\\\/2023\\\/10\\\/division-del-norte-francisco-villa.webp\",\"datePublished\":\"2023-10-04T02:26:34+00:00\",\"dateModified\":\"2024-12-06T13:19:11+00:00\",\"breadcrumb\":{\"@id\":\"https:\\\/\\\/museodelacharreria.org.mx\\\/historia\\\/siglo-xx\\\/#breadcrumb\"},\"inLanguage\":\"it-IT\",\"potentialAction\":[{\"@type\":\"ReadAction\",\"target\":[\"https:\\\/\\\/museodelacharreria.org.mx\\\/historia\\\/siglo-xx\\\/\"]}]},{\"@type\":\"ImageObject\",\"inLanguage\":\"it-IT\",\"@id\":\"https:\\\/\\\/museodelacharreria.org.mx\\\/historia\\\/siglo-xx\\\/#primaryimage\",\"url\":\"https:\\\/\\\/museodelacharreria.org.mx\\\/wp-content\\\/uploads\\\/2023\\\/10\\\/division-del-norte-francisco-villa.webp\",\"contentUrl\":\"https:\\\/\\\/museodelacharreria.org.mx\\\/wp-content\\\/uploads\\\/2023\\\/10\\\/division-del-norte-francisco-villa.webp\",\"width\":1200,\"height\":750,\"caption\":\"Francisco Villa Batalla de Ojinaga 1914 - Mediateca INAH Archivo Casasola. Derechos Reservados\"},{\"@type\":\"BreadcrumbList\",\"@id\":\"https:\\\/\\\/museodelacharreria.org.mx\\\/historia\\\/siglo-xx\\\/#breadcrumb\",\"itemListElement\":[{\"@type\":\"ListItem\",\"position\":1,\"name\":\"Portada\",\"item\":\"https:\\\/\\\/museodelacharreria.org.mx\\\/inicio\\\/\"},{\"@type\":\"ListItem\",\"position\":2,\"name\":\"HISTORIA\",\"item\":\"https:\\\/\\\/museodelacharreria.org.mx\\\/historia\\\/\"},{\"@type\":\"ListItem\",\"position\":3,\"name\":\"SIGLO XX\"}]},{\"@type\":\"WebSite\",\"@id\":\"https:\\\/\\\/museodelacharreria.org.mx\\\/#website\",\"url\":\"https:\\\/\\\/museodelacharreria.org.mx\\\/\",\"name\":\"Museo de la Charrer\u00eda CDMX\",\"description\":\"Historia y tradici\u00f3n, patrimonio cultural inmaterial de la humanidad UNESCO\",\"publisher\":{\"@id\":\"https:\\\/\\\/museodelacharreria.org.mx\\\/#organization\"},\"potentialAction\":[{\"@type\":\"SearchAction\",\"target\":{\"@type\":\"EntryPoint\",\"urlTemplate\":\"https:\\\/\\\/museodelacharreria.org.mx\\\/?s={search_term_string}\"},\"query-input\":{\"@type\":\"PropertyValueSpecification\",\"valueRequired\":true,\"valueName\":\"search_term_string\"}}],\"inLanguage\":\"it-IT\"},{\"@type\":\"Organization\",\"@id\":\"https:\\\/\\\/museodelacharreria.org.mx\\\/#organization\",\"name\":\"Museo de la Charrer\u00eda Ciudad de M\u00e9xico\",\"alternateName\":\"Museo de la Charrer\u00eda CDMX\",\"url\":\"https:\\\/\\\/museodelacharreria.org.mx\\\/\",\"logo\":{\"@type\":\"ImageObject\",\"inLanguage\":\"it-IT\",\"@id\":\"https:\\\/\\\/museodelacharreria.org.mx\\\/#\\\/schema\\\/logo\\\/image\\\/\",\"url\":\"https:\\\/\\\/museodelacharreria.org.mx\\\/wp-content\\\/uploads\\\/2023\\\/07\\\/Logo-Museo-de-la-Charreria-b-n.png\",\"contentUrl\":\"https:\\\/\\\/museodelacharreria.org.mx\\\/wp-content\\\/uploads\\\/2023\\\/07\\\/Logo-Museo-de-la-Charreria-b-n.png\",\"width\":500,\"height\":250,\"caption\":\"Museo de la Charrer\u00eda Ciudad de M\u00e9xico\"},\"image\":{\"@id\":\"https:\\\/\\\/museodelacharreria.org.mx\\\/#\\\/schema\\\/logo\\\/image\\\/\"},\"sameAs\":[\"https:\\\/\\\/www.youtube.com\\\/@MuseoDeLaCharreria\"]}]}<\/script>\n<!-- \/ Yoast SEO plugin. -->","yoast_head_json":{"title":"XX SECOLO - Museo della Charreria CDMX","robots":{"index":"index","follow":"follow","max-snippet":"max-snippet:-1","max-image-preview":"max-image-preview:large","max-video-preview":"max-video-preview:-1"},"canonical":"https:\/\/museodelacharreria.org.mx\/it\/storia\/ventesimo-secolo\/","og_locale":"it_IT","og_type":"article","og_title":"SIGLO XX - Museo de la Charrer\u00eda CDMX","og_url":"https:\/\/museodelacharreria.org.mx\/it\/storia\/ventesimo-secolo\/","og_site_name":"Museo de la Charrer\u00eda CDMX","article_modified_time":"2024-12-06T13:19:11+00:00","og_image":[{"width":1200,"height":750,"url":"https:\/\/museodelacharreria.org.mx\/wp-content\/uploads\/2023\/10\/division-del-norte-francisco-villa.webp","type":"image\/webp"}],"twitter_card":"summary_large_image","twitter_misc":{"Tempo di lettura stimato":"5 minuti"},"schema":{"@context":"https:\/\/schema.org","@graph":[{"@type":"WebPage","@id":"https:\/\/museodelacharreria.org.mx\/historia\/siglo-xx\/","url":"https:\/\/museodelacharreria.org.mx\/historia\/siglo-xx\/","name":"XX SECOLO - Museo della Charreria CDMX","isPartOf":{"@id":"https:\/\/museodelacharreria.org.mx\/#website"},"primaryImageOfPage":{"@id":"https:\/\/museodelacharreria.org.mx\/historia\/siglo-xx\/#primaryimage"},"image":{"@id":"https:\/\/museodelacharreria.org.mx\/historia\/siglo-xx\/#primaryimage"},"thumbnailUrl":"https:\/\/museodelacharreria.org.mx\/wp-content\/uploads\/2023\/10\/division-del-norte-francisco-villa.webp","datePublished":"2023-10-04T02:26:34+00:00","dateModified":"2024-12-06T13:19:11+00:00","breadcrumb":{"@id":"https:\/\/museodelacharreria.org.mx\/historia\/siglo-xx\/#breadcrumb"},"inLanguage":"it-IT","potentialAction":[{"@type":"ReadAction","target":["https:\/\/museodelacharreria.org.mx\/historia\/siglo-xx\/"]}]},{"@type":"ImageObject","inLanguage":"it-IT","@id":"https:\/\/museodelacharreria.org.mx\/historia\/siglo-xx\/#primaryimage","url":"https:\/\/museodelacharreria.org.mx\/wp-content\/uploads\/2023\/10\/division-del-norte-francisco-villa.webp","contentUrl":"https:\/\/museodelacharreria.org.mx\/wp-content\/uploads\/2023\/10\/division-del-norte-francisco-villa.webp","width":1200,"height":750,"caption":"Francisco Villa Batalla de Ojinaga 1914 - Mediateca INAH Archivo Casasola. Derechos Reservados"},{"@type":"BreadcrumbList","@id":"https:\/\/museodelacharreria.org.mx\/historia\/siglo-xx\/#breadcrumb","itemListElement":[{"@type":"ListItem","position":1,"name":"Portada","item":"https:\/\/museodelacharreria.org.mx\/inicio\/"},{"@type":"ListItem","position":2,"name":"HISTORIA","item":"https:\/\/museodelacharreria.org.mx\/historia\/"},{"@type":"ListItem","position":3,"name":"SIGLO XX"}]},{"@type":"WebSite","@id":"https:\/\/museodelacharreria.org.mx\/#website","url":"https:\/\/museodelacharreria.org.mx\/","name":"Museo della Charreria CDMX","description":"Storia e tradizione, patrimonio culturale immateriale dell'umanit\u00e0 UNESCO","publisher":{"@id":"https:\/\/museodelacharreria.org.mx\/#organization"},"potentialAction":[{"@type":"SearchAction","target":{"@type":"EntryPoint","urlTemplate":"https:\/\/museodelacharreria.org.mx\/?s={search_term_string}"},"query-input":{"@type":"PropertyValueSpecification","valueRequired":true,"valueName":"search_term_string"}}],"inLanguage":"it-IT"},{"@type":"Organization","@id":"https:\/\/museodelacharreria.org.mx\/#organization","name":"Museo della Charreria Citt\u00e0 del Messico","alternateName":"Museo de la Charrer\u00eda CDMX","url":"https:\/\/museodelacharreria.org.mx\/","logo":{"@type":"ImageObject","inLanguage":"it-IT","@id":"https:\/\/museodelacharreria.org.mx\/#\/schema\/logo\/image\/","url":"https:\/\/museodelacharreria.org.mx\/wp-content\/uploads\/2023\/07\/Logo-Museo-de-la-Charreria-b-n.png","contentUrl":"https:\/\/museodelacharreria.org.mx\/wp-content\/uploads\/2023\/07\/Logo-Museo-de-la-Charreria-b-n.png","width":500,"height":250,"caption":"Museo de la Charrer\u00eda Ciudad de M\u00e9xico"},"image":{"@id":"https:\/\/museodelacharreria.org.mx\/#\/schema\/logo\/image\/"},"sameAs":["https:\/\/www.youtube.com\/@MuseoDeLaCharreria"]}]}},"_links":{"self":[{"href":"https:\/\/museodelacharreria.org.mx\/it\/wp-json\/wp\/v2\/pages\/1831","targetHints":{"allow":["GET"]}}],"collection":[{"href":"https:\/\/museodelacharreria.org.mx\/it\/wp-json\/wp\/v2\/pages"}],"about":[{"href":"https:\/\/museodelacharreria.org.mx\/it\/wp-json\/wp\/v2\/types\/page"}],"author":[{"embeddable":true,"href":"https:\/\/museodelacharreria.org.mx\/it\/wp-json\/wp\/v2\/users\/2"}],"replies":[{"embeddable":true,"href":"https:\/\/museodelacharreria.org.mx\/it\/wp-json\/wp\/v2\/comments?post=1831"}],"version-history":[{"count":13,"href":"https:\/\/museodelacharreria.org.mx\/it\/wp-json\/wp\/v2\/pages\/1831\/revisions"}],"predecessor-version":[{"id":3994,"href":"https:\/\/museodelacharreria.org.mx\/it\/wp-json\/wp\/v2\/pages\/1831\/revisions\/3994"}],"up":[{"embeddable":true,"href":"https:\/\/museodelacharreria.org.mx\/it\/wp-json\/wp\/v2\/pages\/56"}],"wp:featuredmedia":[{"embeddable":true,"href":"https:\/\/museodelacharreria.org.mx\/it\/wp-json\/wp\/v2\/media\/1836"}],"wp:attachment":[{"href":"https:\/\/museodelacharreria.org.mx\/it\/wp-json\/wp\/v2\/media?parent=1831"}],"curies":[{"name":"wp","href":"https:\/\/api.w.org\/{rel}","templated":true}]}}