{"id":1717,"date":"2023-10-03T22:25:01","date_gmt":"2023-10-03T22:25:01","guid":{"rendered":"https:\/\/museodelacharreria.org.mx\/?page_id=1717"},"modified":"2024-12-06T07:16:19","modified_gmt":"2024-12-06T13:16:19","slug":"xvith-%ec%84%b8%ea%b8%b0","status":"publish","type":"page","link":"https:\/\/museodelacharreria.org.mx\/ko\/historia\/siglo-xvi\/","title":{"rendered":"16\uc138\uae30"},"content":{"rendered":"<style type=\"text\/css\" data-created_by=\"avia_inline_auto\" id=\"style-css-av-2xkel7-efd690b0cbd67a9e0715bb26ce8e1cdb\">\n.avia-section.av-2xkel7-efd690b0cbd67a9e0715bb26ce8e1cdb{\nbackground-repeat:no-repeat;\nbackground-image:url(https:\/\/museodelacharreria.org.mx\/wp-content\/uploads\/2023\/10\/Conquista-de-Mexico-por-Cortes-Tenochtitlan-Painting-1.png);\nbackground-position:50% 0%;\nbackground-attachment:scroll;\nmargin-top:0px;\nmargin-bottom:0px;\n}\n<\/style>\n<div id='av_section_1'  class='avia-section av-2xkel7-efd690b0cbd67a9e0715bb26ce8e1cdb main_color avia-section-default avia-no-border-styling  avia-builder-el-0  el_before_av_submenu  avia-builder-el-first  avia-full-stretch avia-bg-style-scroll av-minimum-height av-minimum-height-60 av-height-percent  container_wrap fullsize'  data-section-bg-repeat='stretch' data-av_minimum_height_pc='60' data-av_min_height_opt='percent'><div class='container av-section-cont-open' ><main  role=\"main\" itemprop=\"mainContentOfPage\"  class='template-page content  av-content-full alpha units'><div class='post-entry post-entry-type-page post-entry-1717'><div class='entry-content-wrapper clearfix'>\n\n<style type=\"text\/css\" data-created_by=\"avia_inline_auto\" id=\"style-css-av-lo6ebcsz-fb73a2bdd8f7b191d794ed1e87211697\">\n.av_font_icon.av-lo6ebcsz-fb73a2bdd8f7b191d794ed1e87211697 .av-icon-char{\nfont-size:20px;\nline-height:20px;\n}\n<\/style>\n<span  class='av_font_icon av-lo6ebcsz-fb73a2bdd8f7b191d794ed1e87211697 avia_animate_when_visible av-icon-style- avia-icon-pos-right av-no-color avia-icon-animate'><span class='av-icon-char' aria-hidden='true' data-av_icon='\ue8e7' data-av_iconfont='entypo-fontello' data-avia-icon-tooltip=\"Imagen: La Conquista de Me\u0301xico por Corte\u0301s Tenochtitl\u00e1n &amp;#8211; Pintura &amp;#8211; Autor An\u00f3nimo &amp;#8211; Wikimedia Commons &amp;#8211; Dominio P\u00fablico&lt;br \/&gt;\"><\/span><\/span>\n<\/div><\/div><\/main><!-- close content main element --><\/div><\/div><div class='clear'><\/div><div id='sub_menu1'  class='av-submenu-container av-5syjid-20cc2c243a2f2778b0c5c3a1afbb5dc1 main_color  avia-builder-el-2  el_after_av_section  el_before_av_one_full  av-sticky-submenu submenu-not-first container_wrap fullsize' style='z-index:301' ><div class='container av-menu-mobile-disabled av-submenu-pos-center'><ul id=\"menu-historia\" class=\"av-subnav-menu\" role=\"menu\"><li role=\"menuitem\" id=\"menu-item-1778\" class=\"menu-item menu-item-type-post_type menu-item-object-page menu-item-top-level menu-item-top-level-1\"><a href=\"https:\/\/museodelacharreria.org.mx\/ko\/historia\/siglo-xvi\/\" itemprop=\"url\" tabindex=\"0\"><span class=\"avia-bullet\"><\/span><span class=\"avia-menu-text\">16\uc138\uae30<\/span><span class=\"avia-menu-fx\"><span class=\"avia-arrow-wrap\"><span class=\"avia-arrow\"><\/span><\/span><\/span><\/a><\/li>\n<li role=\"menuitem\" id=\"menu-item-1797\" class=\"menu-item menu-item-type-post_type menu-item-object-page menu-item-top-level menu-item-top-level-2\"><a href=\"https:\/\/museodelacharreria.org.mx\/ko\/historia\/siglo-xvii\/\" itemprop=\"url\" tabindex=\"0\"><span class=\"avia-bullet\"><\/span><span class=\"avia-menu-text\">17\uc138\uae30<\/span><span class=\"avia-menu-fx\"><span class=\"avia-arrow-wrap\"><span class=\"avia-arrow\"><\/span><\/span><\/span><\/a><\/li>\n<li role=\"menuitem\" id=\"menu-item-1809\" class=\"menu-item menu-item-type-post_type menu-item-object-page menu-item-top-level menu-item-top-level-3\"><a href=\"https:\/\/museodelacharreria.org.mx\/ko\/historia\/siglo-xviii\/\" itemprop=\"url\" tabindex=\"0\"><span class=\"avia-bullet\"><\/span><span class=\"avia-menu-text\">18\uc138\uae30<\/span><span class=\"avia-menu-fx\"><span class=\"avia-arrow-wrap\"><span class=\"avia-arrow\"><\/span><\/span><\/span><\/a><\/li>\n<li role=\"menuitem\" id=\"menu-item-1818\" class=\"menu-item menu-item-type-post_type menu-item-object-page menu-item-top-level menu-item-top-level-4\"><a href=\"https:\/\/museodelacharreria.org.mx\/ko\/historia\/siglo-xix\/\" itemprop=\"url\" tabindex=\"0\"><span class=\"avia-bullet\"><\/span><span class=\"avia-menu-text\">19\uc138\uae30<\/span><span class=\"avia-menu-fx\"><span class=\"avia-arrow-wrap\"><span class=\"avia-arrow\"><\/span><\/span><\/span><\/a><\/li>\n<li role=\"menuitem\" id=\"menu-item-1840\" class=\"menu-item menu-item-type-post_type menu-item-object-page menu-item-top-level menu-item-top-level-5\"><a href=\"https:\/\/museodelacharreria.org.mx\/ko\/historia\/siglo-xx\/\" itemprop=\"url\" tabindex=\"0\"><span class=\"avia-bullet\"><\/span><span class=\"avia-menu-text\">20\uc138\uae30<\/span><span class=\"avia-menu-fx\"><span class=\"avia-arrow-wrap\"><span class=\"avia-arrow\"><\/span><\/span><\/span><\/a><\/li>\n<li role=\"menuitem\" id=\"menu-item-1863\" class=\"menu-item menu-item-type-post_type menu-item-object-page menu-item-top-level menu-item-top-level-6\"><a href=\"https:\/\/museodelacharreria.org.mx\/ko\/historia\/siglo-xxi\/\" itemprop=\"url\" tabindex=\"0\"><span class=\"avia-bullet\"><\/span><span class=\"avia-menu-text\">21\uc138\uae30<\/span><span class=\"avia-menu-fx\"><span class=\"avia-arrow-wrap\"><span class=\"avia-arrow\"><\/span><\/span><\/span><\/a><\/li>\n<\/ul><\/div><\/div><div class='sticky_placeholder'><\/div><div id='after_submenu_1'  class='main_color av_default_container_wrap container_wrap fullsize'  ><div class='container av-section-cont-open' ><div class='template-page content  av-content-full alpha units'><div class='post-entry post-entry-type-page post-entry-1717'><div class='entry-content-wrapper clearfix'><\/p>\n\n<style type=\"text\/css\" data-created_by=\"avia_inline_auto\" id=\"style-css-av-lnapyhdx-b289005ca77e5017eff9eca400f12de3\">\n#top .flex_column.av-lnapyhdx-b289005ca77e5017eff9eca400f12de3{\nmargin-top:-7%;\nmargin-bottom:0px;\n}\n.flex_column.av-lnapyhdx-b289005ca77e5017eff9eca400f12de3{\npadding:5% 5% 5% 5%;\nbackground-color:rgba(10,10,10,0.48);\n}\n.responsive #top #wrap_all .flex_column.av-lnapyhdx-b289005ca77e5017eff9eca400f12de3{\nmargin-top:-7%;\nmargin-bottom:0px;\n}\n<\/style>\n<div  class='flex_column av-lnapyhdx-b289005ca77e5017eff9eca400f12de3 av_one_full  avia-builder-el-3  el_after_av_submenu  avia-builder-el-no-sibling  first flex_column_div'     ><p>\n<style type=\"text\/css\" data-created_by=\"avia_inline_auto\" id=\"style-css-av-lnap3288-1a7a4689fa204605fa70295bc8423f2c\">\n#top .av-special-heading.av-lnap3288-1a7a4689fa204605fa70295bc8423f2c{\npadding-bottom:10px;\n}\nbody .av-special-heading.av-lnap3288-1a7a4689fa204605fa70295bc8423f2c .av-special-heading-tag .heading-char{\nfont-size:25px;\n}\n.av-special-heading.av-lnap3288-1a7a4689fa204605fa70295bc8423f2c .av-subheading{\nfont-size:15px;\n}\n<\/style>\n<div  class='av-special-heading av-lnap3288-1a7a4689fa204605fa70295bc8423f2c av-special-heading-h2 blockquote modern-quote modern-centered  avia-builder-el-4  el_before_av_textblock  avia-builder-el-first'><h2 class='av-special-heading-tag'  itemprop=\"headline\"  >16\uc138\uae30<\/h2><div class='av-subheading av-subheading_below'><p>\uba55\uc2dc\ucf54 \uc5ed\uc0ac \uc18d \ucc28\ub808\ub9ac\uc544\uc758 \uc9c4\ud654<\/p>\n<\/div><div class=\"special-heading-border\"><div class=\"special-heading-inner-border\"><\/div><\/div><\/div><br \/>\n<section  class='av_textblock_section av-lnap26cr-22bc630749eb84fff7f01f2c3751306f'   itemscope=\"itemscope\" itemtype=\"https:\/\/schema.org\/CreativeWork\" ><div class='avia_textblock'  itemprop=\"text\" ><p>\uc2b9\ub9c8 \uc804\ud1b5\uc778 \ucc28\ub808\ub9ac\uc544\ub294 \uc815\ubcf5 \ub2f9\uc2dc \uba55\uc2dc\ucf54\uc5d0 \ucc98\uc74c\uc73c\ub85c \ub9d0\uc774 \ub3c4\ucc29\ud55c \ub370\uc11c \uc720\ub798\ud588\uc2b5\ub2c8\ub2e4.<\/p>\n<blockquote>\n<p><em>\"\uba55\uc2dc\ucf54\ub97c \uc815\ubcf5\ud55c \uac83\uc740 \uc2e0\uc5d0\uac8c \ube5a\uc9c4 \uac83\uc774\ub2c8, \uadf8 \ub2e4\uc74c\uc740 \uc6b0\ub9ac \ub9d0\uc5d0\uac8c \ube5a\uc9c4 \uac83\uc774\ub2e4.\" \ubca0\ub974\ub0a0 \ub514\uc544\uc988 \ub378 \uce74\uc2a4\ud2f0\uc694 \"\uc5ed\uc0ac \uc9c4\uc2e4\uc758 \ub204\uc5d0\ubc14 \uc5d0\uc2a4\ud30c\ub0d0 \uc815\ubcf5\uae30\",<\/em><\/p>\n<\/blockquote>\n<p>\uc2dd\ubbfc\uc9c0 \uc0dd\ud65c\uc758 \uccab \ud574 \ub3d9\uc548 \uc544\uc988\ud14d \uc81c\uad6d\uc758 \ub0a8\uc740 \uc720\uc801\uc740 \ucca0\uac70\ub418\uc5c8\uc2b5\ub2c8\ub2e4. \uce74\uc2a4\ud2f0\uc57c\uc778\ub4e4\uc758 \uac70\uc8fc\uc9c0\uac00 \ub420 \uc0c8\ub85c\uc6b4 \ub3c4\uc2dc\uc758 \ub808\uc774\uc544\uc6c3\uc740 \uadf8 \ub545\uc5d0\uc11c \uc2dc\uc791\ub418\uc5c8\uc2b5\ub2c8\ub2e4. \ub9c8\uc744\uacfc \uc778\ub514\uc5b8\ub4e4\uc740 \uc2e0 \uc2a4\ud398\uc778\uc744 \uac74\uc124\ud574\uc57c \ud558\ub294 \uc758\ubb34\uc640 \ud568\uaed8 \uac01 \uc2a4\ud398\uc778 \ubcd1\uc0ac\ub4e4\uc5d0\uac8c \uc5d4\ucf54\ubbf8\uc5d4\ub2e4\ub85c \ubd84\ubc30\ub418\uc5c8\uc2b5\ub2c8\ub2e4.<\/p>\n<p>\ub530\ub77c\uc11c \uc778\ub514\uc5b8\ub4e4\uc758 \ud76c\uc0dd\uc73c\ub85c \ub3c4\uc2dc\ub294 \ub9c8\uce58 \ub9c8\ubc95\uc5d0 \uac78\ub9b0 \ub4ef \uc131\uc7a5\ud588\uace0, \uc815\ubcf5\ub2f9\ud55c \uc778\ub514\uc5b8\uc740 \uacfc\uac70\uc758 \uc601\uad11\uc744 \uae30\uc5b5\ud558\uba70 \uc870\uc6a9\ud788 \ub545 \ud55c \uc870\uac01\uc744 \uacbd\uc791\ud588\uc2b5\ub2c8\ub2e4.<\/p>\n<p>\uc774 \uc6a9\uac10\ud558\uace0 \ubd88\uad74\uc758 \ubbfc\uc871\uc758 \ubc18\ub780\uc744 \ub450\ub824\uc6cc\ud55c \uc2a4\ud398\uc778 \uc0ac\ub78c\ub4e4\uc740 \uc0ac\ud615\uacfc \uc7ac\uc0b0 \ubab0\uc218 \ud615\ubc8c\uc744 \ub0b4\uac78\uace0 \ub9d0\uc744 \ud0c0\ub294 \uac83\uc744 \uba85\uc2dc \uc801\uc73c\ub85c \uae08\uc9c0\ud588\uc2b5\ub2c8\ub2e4. (1530 \ub144 7 \uc6d4 12 \uc77c \ub9c8\ub4dc\ub9ac\ub4dc\uc5d0\uc11c \ub450 \ubc88\uc9f8 \uccad\uc911\uc774 \ub0b4\ub9b0 \uc9c0\uce68, \ubc95\ub960 \uc81c 33 \uad8c, \uc81c 6 \uad8c, \uc81c\ubaa9 1).<img loading=\"lazy\" decoding=\"async\" class=\"size-medium wp-image-1792 alignright\" src=\"https:\/\/museodelacharreria.org.mx\/wp-content\/uploads\/2023\/10\/pngwing.com_-400x400.png\" alt=\"\" width=\"400\" height=\"400\" srcset=\"https:\/\/museodelacharreria.org.mx\/wp-content\/uploads\/2023\/10\/pngwing.com_-400x400.png 400w, https:\/\/museodelacharreria.org.mx\/wp-content\/uploads\/2023\/10\/pngwing.com_-100x100.png 100w, https:\/\/museodelacharreria.org.mx\/wp-content\/uploads\/2023\/10\/pngwing.com_-768x768.png 768w, https:\/\/museodelacharreria.org.mx\/wp-content\/uploads\/2023\/10\/pngwing.com_-36x36.png 36w, https:\/\/museodelacharreria.org.mx\/wp-content\/uploads\/2023\/10\/pngwing.com_-180x180.png 180w, https:\/\/museodelacharreria.org.mx\/wp-content\/uploads\/2023\/10\/pngwing.com_-705x705.png 705w, https:\/\/museodelacharreria.org.mx\/wp-content\/uploads\/2023\/10\/pngwing.com_.png 850w\" sizes=\"auto, (max-width: 400px) 100vw, 400px\" \/><\/p>\n<p>\uc815\ucc29\ubbfc\uacfc \uc218\uc0ac\ub4e4\uc774 \ub3c4\ucc29\ud558\uc5ec \uc0c8\ub85c\uc6b4 \ubb38\ud654\ub97c \uac15\uc694\ud588\uc2b5\ub2c8\ub2e4. \uc644\uc804\ud788 \ub2e4\ub978 \ub450 \uc138\uacc4\uac00 \uaca9\ub82c\ud558\uac8c \ucda9\ub3cc\ud558\uba74\uc11c \uc2a4\ud398\uc778 \uc774\uc804\uc758 \ub9ce\uc740 \uc694\uc18c\ub4e4\uc774 \uc0ac\ub77c\uc84c\uc2b5\ub2c8\ub2e4. \uc77c\ubd80\ub294 \uc0b4\uc544\ub0a8\uc544 \uc815\ubcf5\uc790\ub4e4\uc774 \uac00\uc838\uc628 \uac83\uacfc \uc735\ud569\ub418\uc5b4 \ud48d\ubd80\ud558\uace0 \ub2e4\uc591\ud55c \uba54\uc2a4\ud2f0\uc0ac\ud5e4\ub97c \ud0c4\uc0dd\uc2dc\ucf30\uc2b5\ub2c8\ub2e4.<\/p>\n<p>\uba54\uc2a4\ud2f0\uc870\uc640 \uc778\ub514\uc5b8\ub4e4\uc774 \uc18c\ub97c \uc0ac\uc721\ud558\ub294 \ub18d\ucd0c\uc758 \ud544\uc694\ub97c \ucc44\uc6cc\uc8fc\uc5c8\uace0, 1531\ub144 \ud3ec\ub974\ud22c\uac08\uc758 \ud398\ub4dc\ub85c \ubc14\ub9ac\uc5d4\ud1a0\uc2a4 \uc218\uc0ac\ub294 \uadf8\ub4e4\uc5d0\uac8c \ub9d0\uc758 \uc0ac\uc721\uacfc \ubcf4\uc874, \ub9d0\uc744 \uae38\ub4e4\uc774\uace0 \ubc27\uc904\uacfc \uace0\uc090\ub97c \uc774\uc6a9\ud574 \ub9e8\ubc1c\ub85c \ub2ec\ub9ac\ub294 \uae30\uc220\uc744 \uac00\ub974\ucce4\uc2b5\ub2c8\ub2e4.<\/p>\n<p>1535\ub144, \uc218\uc0ac\uc774\uc790 \uc131\uc778\uc774\uc5c8\ub358 \uc138\ubc14\uc2a4\ud2f0\uc548 \ub370 \uc544\ud30c\ub9ac\uc2dc\uc624\ub294 \uad70\uc778\uc744 \uc2dc\ucf1c \uc544\uba54\ub9ac\uce74 \ucd5c\ucd08\uc758 \ubc14\ud034\uc640 \uc218\ub808\ub97c \ub9cc\ub4e4\uac8c \ud588\uace0, \ub355\ubd84\uc5d0 \ub3c4\ub85c\uac00 \uac1c\ud1b5\ub418\uc5b4 \ud0c0\uba54\uba54\uc871\uc758 \ub178\uc608 \uc0dd\ud65c\uc744 \uc5b4\ub290 \uc815\ub3c4 \ud574\uc18c\ud560 \uc218 \uc788\uc5c8\uc5b4\uc694. \uadf8\ub294 \uc9d0\uc2b9\uc744 \uae38\ub4e4\uc774\uace0 \uc548\uc7a5\uc73c\ub85c \ud65c\uc6a9\ud558\ub294 \uace0\ub41c \uc791\uc5c5\uc5d0\uc11c \uc6d0\uc8fc\ubbfc\uc758 \uae38\uc7a1\uc774\uc774\uc790 \uba58\ud1a0\uc600\uc73c\uba70 \uc2a4\ud398\uc778 \uc655\uc5d0\uac8c \ucc98\uc74c\uc73c\ub85c \ud5c8\uac00\ub97c \uc694\uccad\ud558\uc5ec \uc6d0\uc8fc\ubbfc\uc774 \ud0c8 \uc218 \uc788\ub3c4\ub85d\ud588\uc73c\uba70 \uadf8\ub54c\ubd80\ud130 \uc804\uc124\uc801\uc778 \ucc28\ub808\ub9ac\uc544\uac00 \uc911\uc559 \uba54\uc0ac\uc5d0\uc11c \uc0dd\uaca8\ub098 \ub545 \ub05d\uae4c\uc9c0 \ud37c\uc84c\uc2b5\ub2c8\ub2e4.<\/p>\n<p>\ucd08\ub300 \ucd1d\ub3c5 \ub3c8 \uc548\ud1a0\ub2c8\uc624 \ub370 \uba58\ub3c4\uc0ac\ub294 \uc77c\ubd80 \uce74\uc2dc\ud06c, \uac00\uc2e0 \ubc0f \ub3d9\ub9f9\uad6d\uc5d0\uac8c \uc2b9\ub9c8\ub97c \ud5c8\uac00\ud588\uc2b5\ub2c8\ub2e4. \ub450 \ubc88\uc9f8 \ucd1d\ub3c5\uc774\uc5c8\ub358 \ub3c8 \ub8e8\uc774\uc2a4 \ub370 \ubca8\ub77c\uc2a4\ucf54\ub294 \uc778\ub514\uc5b8\uacfc \uba54\uc2a4\ud2f0\uc18c\uc5d0\uac8c \uc2a4\ud398\uc778\uc778\uacfc \uad6c\ubcc4\ud558\uae30 \uc704\ud574 \uce74\uc2dc\ubbf8\ub974\uac00 \uc544\ub2cc \uac00\uc8fd \uc637\uc744 \uc785\ub294\ub2e4\ub294 \uc870\uac74\uc73c\ub85c \ub9d0\uc744 \ud0c8 \uc218 \uc788\ub3c4\ub85d \ud5c8\uac00\ud588\uc2b5\ub2c8\ub2e4.<\/p>\n<p>1551\ub144, \ub3c8 \ub8e8\uc774\uc2a4 \ub370 \ubca8\ub77c\uc2a4\ucf54\ub294 \ub274 \uc2a4\ud398\uc778\uc758 \uc5ec\ub7ec \uc9c0\uc5ed\uc5d0 \uc870\uc9c1\ub41c \"300\ub450 \uc774\uc0c1\uc758 \uc18c\ub97c \uc18c\uc720\ud55c \ud5e4\ub974\uba54\ub178\uc2a4 \ub370 \ub77c \uba54\uc2a4\ud0c0\"\uc640 \ud568\uaed8 \uc18c \uc0ac\uc721\uc790\ub4e4\uc758 \ud65c\ub3d9\uc744 \uc870\uc9c1\ud558\ub3c4\ub85d \uba85\ub839\ud588\uace0, \uc774\ud6c4 \uc7ac\ud310\uc18c \ub370 \ub77c \uba54\uc2a4\ud0c0\uac00 \ub9cc\ub4e4\uc5b4\uc84c\uc5b4\uc694. 1574\ub144\uc5d0 \uc0c8\ub85c\uc6b4 \ubc95\ub839\uc774 \uc2b9\uc778\ub418\uace0 1631\ub144\uc5d0 \ud655\uc815\ub418\uc5b4 \ub85c\ub370\uc624\uc640 \uc18c\ub97c \uad00\ub9ac\ud558\ub294 \uc778\ub514\uc5b8\uc778 \uba54\uc2a4\ud2f0\uc18c\uac00 1\ub144\uc5d0 \ub450 \ubc88 \uc774\uc0c1 \ud574\uc57c \ud558\ub294 \ub9d0\uad7d\uc9c8\uc5d0 \ub300\ud55c \uaddc\uc81c\uac00 \uc774\ub8e8\uc5b4\uc84c\uc2b5\ub2c8\ub2e4.<\/p>\n<\/div><\/section><\/p><\/div>","protected":false},"excerpt":{"rendered":"","protected":false},"author":2,"featured_media":1948,"parent":56,"menu_order":0,"comment_status":"closed","ping_status":"closed","template":"","meta":{"footnotes":""},"class_list":["post-1717","page","type-page","status-publish","has-post-thumbnail","hentry"],"yoast_head":"<!-- This site is optimized with the Yoast SEO plugin v27.4 - https:\/\/yoast.com\/product\/yoast-seo-wordpress\/ -->\n<title>SIGLO XVI - Museo de la Charrer\u00eda CDMX<\/title>\n<meta name=\"robots\" content=\"index, follow, max-snippet:-1, max-image-preview:large, max-video-preview:-1\" \/>\n<link rel=\"canonical\" href=\"https:\/\/museodelacharreria.org.mx\/ko\/\uc5ed\uc0ac\/xvith-\uc138\uae30\/\" \/>\n<meta property=\"og:locale\" content=\"ko_KR\" \/>\n<meta property=\"og:type\" content=\"article\" \/>\n<meta property=\"og:title\" content=\"SIGLO XVI - Museo de la Charrer\u00eda CDMX\" \/>\n<meta property=\"og:url\" content=\"https:\/\/museodelacharreria.org.mx\/ko\/\uc5ed\uc0ac\/xvith-\uc138\uae30\/\" \/>\n<meta property=\"og:site_name\" content=\"Museo de la Charrer\u00eda CDMX\" \/>\n<meta property=\"article:modified_time\" content=\"2024-12-06T13:16:19+00:00\" \/>\n<meta property=\"og:image\" content=\"https:\/\/museodelacharreria.org.mx\/wp-content\/uploads\/2023\/10\/Conquista-de-Mexico-por-Cortes-Tenochtitlan-Painting-1.png\" \/>\n\t<meta property=\"og:image:width\" content=\"1500\" \/>\n\t<meta property=\"og:image:height\" content=\"998\" \/>\n\t<meta property=\"og:image:type\" content=\"image\/png\" \/>\n<meta name=\"twitter:card\" content=\"summary_large_image\" \/>\n<meta name=\"twitter:label1\" content=\"\uc608\uc0c1 \ub418\ub294 \ud310\ub3c5 \uc2dc\uac04\" \/>\n\t<meta name=\"twitter:data1\" content=\"3\ubd84\" \/>\n<script type=\"application\/ld+json\" class=\"yoast-schema-graph\">{\"@context\":\"https:\\\/\\\/schema.org\",\"@graph\":[{\"@type\":\"WebPage\",\"@id\":\"https:\\\/\\\/museodelacharreria.org.mx\\\/historia\\\/siglo-xvi\\\/\",\"url\":\"https:\\\/\\\/museodelacharreria.org.mx\\\/historia\\\/siglo-xvi\\\/\",\"name\":\"SIGLO XVI - Museo de la Charrer\u00eda CDMX\",\"isPartOf\":{\"@id\":\"https:\\\/\\\/museodelacharreria.org.mx\\\/#website\"},\"primaryImageOfPage\":{\"@id\":\"https:\\\/\\\/museodelacharreria.org.mx\\\/historia\\\/siglo-xvi\\\/#primaryimage\"},\"image\":{\"@id\":\"https:\\\/\\\/museodelacharreria.org.mx\\\/historia\\\/siglo-xvi\\\/#primaryimage\"},\"thumbnailUrl\":\"https:\\\/\\\/museodelacharreria.org.mx\\\/wp-content\\\/uploads\\\/2023\\\/10\\\/Conquista-de-Mexico-por-Cortes-Tenochtitlan-Painting-1.png\",\"datePublished\":\"2023-10-03T22:25:01+00:00\",\"dateModified\":\"2024-12-06T13:16:19+00:00\",\"breadcrumb\":{\"@id\":\"https:\\\/\\\/museodelacharreria.org.mx\\\/historia\\\/siglo-xvi\\\/#breadcrumb\"},\"inLanguage\":\"ko-KR\",\"potentialAction\":[{\"@type\":\"ReadAction\",\"target\":[\"https:\\\/\\\/museodelacharreria.org.mx\\\/historia\\\/siglo-xvi\\\/\"]}]},{\"@type\":\"ImageObject\",\"inLanguage\":\"ko-KR\",\"@id\":\"https:\\\/\\\/museodelacharreria.org.mx\\\/historia\\\/siglo-xvi\\\/#primaryimage\",\"url\":\"https:\\\/\\\/museodelacharreria.org.mx\\\/wp-content\\\/uploads\\\/2023\\\/10\\\/Conquista-de-Mexico-por-Cortes-Tenochtitlan-Painting-1.png\",\"contentUrl\":\"https:\\\/\\\/museodelacharreria.org.mx\\\/wp-content\\\/uploads\\\/2023\\\/10\\\/Conquista-de-Mexico-por-Cortes-Tenochtitlan-Painting-1.png\",\"width\":1920,\"height\":1277,\"caption\":\"Conquista de Me\u0301xico por Corte\u0301s Tenochtitl\u00e1n Painting Autor An\u00f3nimo - Wikimedia Commons - Dominio P\u00fablico\"},{\"@type\":\"BreadcrumbList\",\"@id\":\"https:\\\/\\\/museodelacharreria.org.mx\\\/historia\\\/siglo-xvi\\\/#breadcrumb\",\"itemListElement\":[{\"@type\":\"ListItem\",\"position\":1,\"name\":\"Portada\",\"item\":\"https:\\\/\\\/museodelacharreria.org.mx\\\/inicio\\\/\"},{\"@type\":\"ListItem\",\"position\":2,\"name\":\"HISTORIA\",\"item\":\"https:\\\/\\\/museodelacharreria.org.mx\\\/historia\\\/\"},{\"@type\":\"ListItem\",\"position\":3,\"name\":\"SIGLO XVI\"}]},{\"@type\":\"WebSite\",\"@id\":\"https:\\\/\\\/museodelacharreria.org.mx\\\/#website\",\"url\":\"https:\\\/\\\/museodelacharreria.org.mx\\\/\",\"name\":\"Museo de la Charrer\u00eda CDMX\",\"description\":\"Historia y tradici\u00f3n, patrimonio cultural inmaterial de la humanidad UNESCO\",\"publisher\":{\"@id\":\"https:\\\/\\\/museodelacharreria.org.mx\\\/#organization\"},\"potentialAction\":[{\"@type\":\"SearchAction\",\"target\":{\"@type\":\"EntryPoint\",\"urlTemplate\":\"https:\\\/\\\/museodelacharreria.org.mx\\\/?s={search_term_string}\"},\"query-input\":{\"@type\":\"PropertyValueSpecification\",\"valueRequired\":true,\"valueName\":\"search_term_string\"}}],\"inLanguage\":\"ko-KR\"},{\"@type\":\"Organization\",\"@id\":\"https:\\\/\\\/museodelacharreria.org.mx\\\/#organization\",\"name\":\"Museo de la Charrer\u00eda Ciudad de M\u00e9xico\",\"alternateName\":\"Museo de la Charrer\u00eda CDMX\",\"url\":\"https:\\\/\\\/museodelacharreria.org.mx\\\/\",\"logo\":{\"@type\":\"ImageObject\",\"inLanguage\":\"ko-KR\",\"@id\":\"https:\\\/\\\/museodelacharreria.org.mx\\\/#\\\/schema\\\/logo\\\/image\\\/\",\"url\":\"https:\\\/\\\/museodelacharreria.org.mx\\\/wp-content\\\/uploads\\\/2023\\\/07\\\/Logo-Museo-de-la-Charreria-b-n.png\",\"contentUrl\":\"https:\\\/\\\/museodelacharreria.org.mx\\\/wp-content\\\/uploads\\\/2023\\\/07\\\/Logo-Museo-de-la-Charreria-b-n.png\",\"width\":500,\"height\":250,\"caption\":\"Museo de la Charrer\u00eda Ciudad de M\u00e9xico\"},\"image\":{\"@id\":\"https:\\\/\\\/museodelacharreria.org.mx\\\/#\\\/schema\\\/logo\\\/image\\\/\"},\"sameAs\":[\"https:\\\/\\\/www.youtube.com\\\/@MuseoDeLaCharreria\"]}]}<\/script>\n<!-- \/ Yoast SEO plugin. -->","yoast_head_json":{"title":"16\uc138\uae30 - \uc0e4\ub808\ub9ac\uc544 CDMX \ubc15\ubb3c\uad00","robots":{"index":"index","follow":"follow","max-snippet":"max-snippet:-1","max-image-preview":"max-image-preview:large","max-video-preview":"max-video-preview:-1"},"canonical":"https:\/\/museodelacharreria.org.mx\/ko\/\uc5ed\uc0ac\/xvith-\uc138\uae30\/","og_locale":"ko_KR","og_type":"article","og_title":"SIGLO XVI - Museo de la Charrer\u00eda CDMX","og_url":"https:\/\/museodelacharreria.org.mx\/ko\/\uc5ed\uc0ac\/xvith-\uc138\uae30\/","og_site_name":"Museo de la Charrer\u00eda CDMX","article_modified_time":"2024-12-06T13:16:19+00:00","og_image":[{"url":"https:\/\/museodelacharreria.org.mx\/wp-content\/uploads\/2023\/10\/Conquista-de-Mexico-por-Cortes-Tenochtitlan-Painting-1.png","width":1500,"height":998,"type":"image\/png"}],"twitter_card":"summary_large_image","twitter_misc":{"\uc608\uc0c1 \ub418\ub294 \ud310\ub3c5 \uc2dc\uac04":"3\ubd84"},"schema":{"@context":"https:\/\/schema.org","@graph":[{"@type":"WebPage","@id":"https:\/\/museodelacharreria.org.mx\/historia\/siglo-xvi\/","url":"https:\/\/museodelacharreria.org.mx\/historia\/siglo-xvi\/","name":"16\uc138\uae30 - \uc0e4\ub808\ub9ac\uc544 CDMX \ubc15\ubb3c\uad00","isPartOf":{"@id":"https:\/\/museodelacharreria.org.mx\/#website"},"primaryImageOfPage":{"@id":"https:\/\/museodelacharreria.org.mx\/historia\/siglo-xvi\/#primaryimage"},"image":{"@id":"https:\/\/museodelacharreria.org.mx\/historia\/siglo-xvi\/#primaryimage"},"thumbnailUrl":"https:\/\/museodelacharreria.org.mx\/wp-content\/uploads\/2023\/10\/Conquista-de-Mexico-por-Cortes-Tenochtitlan-Painting-1.png","datePublished":"2023-10-03T22:25:01+00:00","dateModified":"2024-12-06T13:16:19+00:00","breadcrumb":{"@id":"https:\/\/museodelacharreria.org.mx\/historia\/siglo-xvi\/#breadcrumb"},"inLanguage":"ko-KR","potentialAction":[{"@type":"ReadAction","target":["https:\/\/museodelacharreria.org.mx\/historia\/siglo-xvi\/"]}]},{"@type":"ImageObject","inLanguage":"ko-KR","@id":"https:\/\/museodelacharreria.org.mx\/historia\/siglo-xvi\/#primaryimage","url":"https:\/\/museodelacharreria.org.mx\/wp-content\/uploads\/2023\/10\/Conquista-de-Mexico-por-Cortes-Tenochtitlan-Painting-1.png","contentUrl":"https:\/\/museodelacharreria.org.mx\/wp-content\/uploads\/2023\/10\/Conquista-de-Mexico-por-Cortes-Tenochtitlan-Painting-1.png","width":1920,"height":1277,"caption":"Conquista de Me\u0301xico por Corte\u0301s Tenochtitl\u00e1n Painting Autor An\u00f3nimo - Wikimedia Commons - Dominio P\u00fablico"},{"@type":"BreadcrumbList","@id":"https:\/\/museodelacharreria.org.mx\/historia\/siglo-xvi\/#breadcrumb","itemListElement":[{"@type":"ListItem","position":1,"name":"Portada","item":"https:\/\/museodelacharreria.org.mx\/inicio\/"},{"@type":"ListItem","position":2,"name":"HISTORIA","item":"https:\/\/museodelacharreria.org.mx\/historia\/"},{"@type":"ListItem","position":3,"name":"SIGLO XVI"}]},{"@type":"WebSite","@id":"https:\/\/museodelacharreria.org.mx\/#website","url":"https:\/\/museodelacharreria.org.mx\/","name":"\uc0e4\ub808\ub9ac\uc544 \ubc15\ubb3c\uad00 CDMX","description":"\uc5ed\uc0ac\uc640 \uc804\ud1b5, \uc778\ub958\uc758 \ubb34\ud615\ubb38\ud654\uc720\uc0b0 \uc720\ub124\uc2a4\ucf54","publisher":{"@id":"https:\/\/museodelacharreria.org.mx\/#organization"},"potentialAction":[{"@type":"SearchAction","target":{"@type":"EntryPoint","urlTemplate":"https:\/\/museodelacharreria.org.mx\/?s={search_term_string}"},"query-input":{"@type":"PropertyValueSpecification","valueRequired":true,"valueName":"search_term_string"}}],"inLanguage":"ko-KR"},{"@type":"Organization","@id":"https:\/\/museodelacharreria.org.mx\/#organization","name":"\uc0e4\ub808\ub9ac\uc544 \uba55\uc2dc\ucf54 \uc2dc\ud2f0 \ubc15\ubb3c\uad00","alternateName":"Museo de la Charrer\u00eda CDMX","url":"https:\/\/museodelacharreria.org.mx\/","logo":{"@type":"ImageObject","inLanguage":"ko-KR","@id":"https:\/\/museodelacharreria.org.mx\/#\/schema\/logo\/image\/","url":"https:\/\/museodelacharreria.org.mx\/wp-content\/uploads\/2023\/07\/Logo-Museo-de-la-Charreria-b-n.png","contentUrl":"https:\/\/museodelacharreria.org.mx\/wp-content\/uploads\/2023\/07\/Logo-Museo-de-la-Charreria-b-n.png","width":500,"height":250,"caption":"Museo de la Charrer\u00eda Ciudad de M\u00e9xico"},"image":{"@id":"https:\/\/museodelacharreria.org.mx\/#\/schema\/logo\/image\/"},"sameAs":["https:\/\/www.youtube.com\/@MuseoDeLaCharreria"]}]}},"_links":{"self":[{"href":"https:\/\/museodelacharreria.org.mx\/ko\/wp-json\/wp\/v2\/pages\/1717","targetHints":{"allow":["GET"]}}],"collection":[{"href":"https:\/\/museodelacharreria.org.mx\/ko\/wp-json\/wp\/v2\/pages"}],"about":[{"href":"https:\/\/museodelacharreria.org.mx\/ko\/wp-json\/wp\/v2\/types\/page"}],"author":[{"embeddable":true,"href":"https:\/\/museodelacharreria.org.mx\/ko\/wp-json\/wp\/v2\/users\/2"}],"replies":[{"embeddable":true,"href":"https:\/\/museodelacharreria.org.mx\/ko\/wp-json\/wp\/v2\/comments?post=1717"}],"version-history":[{"count":25,"href":"https:\/\/museodelacharreria.org.mx\/ko\/wp-json\/wp\/v2\/pages\/1717\/revisions"}],"predecessor-version":[{"id":3984,"href":"https:\/\/museodelacharreria.org.mx\/ko\/wp-json\/wp\/v2\/pages\/1717\/revisions\/3984"}],"up":[{"embeddable":true,"href":"https:\/\/museodelacharreria.org.mx\/ko\/wp-json\/wp\/v2\/pages\/56"}],"wp:featuredmedia":[{"embeddable":true,"href":"https:\/\/museodelacharreria.org.mx\/ko\/wp-json\/wp\/v2\/media\/1948"}],"wp:attachment":[{"href":"https:\/\/museodelacharreria.org.mx\/ko\/wp-json\/wp\/v2\/media?parent=1717"}],"curies":[{"name":"wp","href":"https:\/\/api.w.org\/{rel}","templated":true}]}}