{"id":2368,"date":"2023-11-07T16:41:26","date_gmt":"2023-11-07T16:41:26","guid":{"rendered":"https:\/\/museodelacharreria.org.mx\/?page_id=2368"},"modified":"2023-11-08T02:24:45","modified_gmt":"2023-11-08T02:24:45","slug":"%ea%b0%9c%ec%9d%b8%ec%a0%95%eb%b3%b4-%ec%b7%a8%ea%b8%89%eb%b0%a9%ec%b9%a8","status":"publish","type":"page","link":"https:\/\/museodelacharreria.org.mx\/ko\/aviso-de-privacidad\/","title":{"rendered":"\uac1c\uc778\uc815\ubcf4 \ucde8\uae09\ubc29\uce68"},"content":{"rendered":"<p style=\"text-align: center;\"><strong>\uac1c\uc778\uc815\ubcf4 \ucde8\uae09\ubc29\uce68<\/strong><\/p>\n<p>\ud22c\uba85\uc131 \ubc0f \uacf5\uacf5 \uc815\ubcf4\uc5d0 \ub300\ud55c \uc811\uadfc\uc5d0 \uad00\ud55c \uc5f0\ubc29\ubc95\uc758 \uc870\ud56d\uc5d0 \ub530\ub77c \uba55\uc2dc\ucf54 \uc2dc\ud2f0 \ucc28\ub808\ub9ac\uc544 \ubc15\ubb3c\uad00 \ud504\ub85c\uc81d\ud2b8\ub294 \ub2e4\uc74c\uacfc \uac19\uc740 \uc815\ubcf4\ub97c \uc54c\ub824\ub4dc\ub9bd\ub2c8\ub2e4. <strong>\uac1c\uc778\uc815\ubcf4 \ucde8\uae09\ubc29\uce68<\/strong>:<\/p>\n<p>\uc778\ud130\ub137 \ube0c\ub77c\uc6b0\uc800 \uc720\ud615, \uc6b4\uc601 \uccb4\uc81c \ubc0f \ub2f9\uc0ac \uc0ac\uc774\ud2b8\uc5d0\uc11c \ubc29\ubb38\ud55c \ud398\uc774\uc9c0\uc640 \uac19\uc740 \ube44\uac1c\uc778 \uc815\ubcf4\ub294 \ub2f9\uc0ac \uc6f9\uc0ac\uc774\ud2b8 \uad00\ub9ac\ub97c \uac1c\uc120\ud558\uace0 \uc0ac\uc6a9\uc790\uc5d0\uac8c \ubcf4\ub2e4 \uac1c\uc778\ud654\ub41c \uacbd\ud5d8\uc744 \uc81c\uacf5\ud558\uae30 \uc704\ud55c \ubaa9\uc801\uc73c\ub85c \uc800\uc7a5\ub429\ub2c8\ub2e4. \uc774\uc5d0 \ub300\ud55c \uc790\uc138\ud55c \ub0b4\uc6a9\uc740 \uc774\uc6a9\uc57d\uad00\uc5d0\uc11c \ud655\uc778\ud560 \uc218 \uc788\uc2b5\ub2c8\ub2e4.<\/p>\n<p>\ub2f9\uc0ac\ub294 \uc0ac\uc774\ud2b8\uc5d0\uc11c \ucfe0\ud0a4 \ubc0f \uae30\ud0c0 \uae30\uc220\uc744 \uc0ac\uc6a9\ud558\uc5ec \uc0ac\uc774\ud2b8 \ubc0f \uc774\uba54\uc77c \ud504\ub85c\uadf8\ub7a8\uc744 \uad00\ub9ac\ud558\uba70, \uc0ac\uc6a9\uc790\ub85c\ubd80\ud130 \uac1c\uc778\uc815\ubcf4\ub97c \uc218\uc9d1\ud558\uac70\ub098 \uc800\uc7a5\ud558\uc9c0 \uc54a\uc2b5\ub2c8\ub2e4. \uc774\uc5d0 \ub300\ud55c \uc790\uc138\ud55c \ub0b4\uc6a9\uc740 \uc774\uc6a9\uc57d\uad00\uc5d0\uc11c \ud655\uc778\ud560 \uc218 \uc788\uc2b5\ub2c8\ub2e4.<\/p>\n<p>\uc0ac\uc6a9\uc790\uac00 \ub2f9\uc0ac \uc6f9\uc0ac\uc774\ud2b8\uc758 \ubb38\uc758 \uc591\uc2dd\uc5d0 \uc785\ub825\ud55c \uc815\ubcf4\ub294 \ud22c\uba85\uc131 \ubc0f \uacf5\uacf5 \uc815\ubcf4\uc5d0 \ub300\ud55c \uc811\uadfc\uc5d0 \uad00\ud55c \uc5f0\ubc29\ubc95\uc5d0 \uaddc\uc815\ub41c \uac1c\uc778 \uc815\ubcf4 \ubcf4\ud638 \uc9c0\uce68\uc5d0 \ub530\ub77c \ubc30\ud3ec, \ubc30\ud3ec \ub610\ub294 \uc0c1\uc5c5\ud654\ub418\uc9c0 \uc54a\uc2b5\ub2c8\ub2e4.<\/p>\n<p>\uc774 \uc815\ubcf4\ub294 \uc591\uc2dd\uc774 \uc0dd\uc131\ub41c \ubaa9\uc801 \ub610\ub294 \uc0ac\uc6a9\uc790\uc758 \uc694\uccad\uc774\ub098 \uc758\uacac\uc5d0 \ub300\ud55c \uc5f0\ub77d\uc744 \ucde8\ud558\uae30 \uc704\ud55c \ubaa9\uc801\uc73c\ub85c\ub9cc \uc0ac\uc6a9\ub429\ub2c8\ub2e4. \uad6c\uc5d8 \uc0e4\ub808\ub9ac\uc544 \ubc15\ubb3c\uad00 \uc6f9\uc0ac\uc774\ud2b8\ub294 \uc0ac\uc6a9\uc790\uc758 \ube0c\ub77c\uc6b0\uc9d5, \ub4f1\ub85d \uacfc\uc815\uc5d0\uc11c \uc815\ubcf4\ub97c \uc218\uc9d1\ud558\uba70, \uac10\uc9c0\ub41c \uc120\ud638\ub3c4\uc640 \ud544\uc694\uc5d0 \ub530\ub77c \uc81c\ud488, \ub3c4\uad6c \ubc0f \ucf58\ud150\uce20\ub97c \uc81c\uacf5\ud558\uae30 \uc704\ud574 \ubc15\ubb3c\uad00 \uc6f9\uc0ac\uc774\ud2b8\uc758 \uceec\ub809\uc158 \uc218\uc9d1 \uc11c\ube44\uc2a4\ub97c \uc81c\uacf5\ud558\ub294 \ub370 \uc0ac\uc6a9\ub429\ub2c8\ub2e4.<\/p>\n<p><strong>\uc218\uc9d1\ub41c \ub370\uc774\ud130<\/strong>:<br \/>\n- \uc774\ub984 \ubc0f \uc131<br \/>\n- \uc774\uba54\uc77c \uc8fc\uc18c<br \/>\n- \uac70\uc8fc \uad6d\uac00:<\/p>\n<p>\uc774 \ub370\uc774\ud130\ub294 \uc6f9\uc0ac\uc774\ud2b8 https:\/\/museodelacharreria.org.mx \uc758 \uc5ec\ub7ec \uc139\uc158\uc5d0\uc11c \uc804\uc790\uc801\uc73c\ub85c \uc218\uc9d1\ub429\ub2c8\ub2e4. \uc81c\ud488 \ubc0f\/\ub610\ub294 \uc11c\ube44\uc2a4\ub97c \ub4f1\ub85d\ud558\uac70\ub098 \uad6c\ub3c5\ud560 \ub54c \uc2dc\uc2a4\ud15c\uc5d0\uc11c \uc694\uccad\ud558\ub294 \ub370\uc774\ud130\ub294 \ubb34\uc5c7\ubcf4\ub2e4\ub3c4 \ub2e4\uc74c\uacfc \uac19\uc2b5\ub2c8\ub2e4. \uadc0\ud558\uac00 \uc774 \uc804\uc790 \uc8fc\uc18c\uc758 \ud558\uc704 \uc2dc\uc2a4\ud15c\uc5d0 \uc790\ubc1c\uc801\uc73c\ub85c \uc785\ub825\ud558\ub294 \ubaa8\ub4e0 \uac1c\uc778 \ub370\uc774\ud130\ub294 \ubcf4\uc548 \ubc0f \uac1c\uc778\uc815\ubcf4 \ubcf4\ud638 \ud45c\uc900\uc758 \uc801\uc6a9\uc744 \ubc1b\uc2b5\ub2c8\ub2e4.<\/p>\n<p>\uc81c\uacf5\ub41c \uac1c\uc778\uc815\ubcf4\ub294 \ud68c\uc6d0\ub2d8\uc758 \ud504\ub85c\ud544\uc774 \ud3ec\ud568\ub41c \ud30c\uc77c\uc758 \uc77c\ubd80\ub97c \uad6c\uc131\ud558\uba70, \ud68c\uc6d0\ub2d8\uc740 \uc2dc\uc2a4\ud15c\uc5d0\uc11c \ubd80\uc5ec\ud55c \uc0ac\uc6a9\uc790\/\ud68c\uc6d0 \ubc0f \uac1c\uc778 \uc2dd\ubcc4 \ubc88\ud638\ub97c \uc0ac\uc6a9\ud558\uc5ec \uc5b8\uc81c\ub4e0\uc9c0 \uc218\uc815\ud560 \uc218 \uc788\uc2b5\ub2c8\ub2e4. \uc815\uae30\uc801\uc73c\ub85c \ub370\uc774\ud130\ub97c \uc5c5\ub370\uc774\ud2b8\ud558\ub294 \uac83\uc774 \uc88b\uc2b5\ub2c8\ub2e4.<\/p>\n<p>\uc0ac\uc6a9\uc790\uac00 \uc218\ud589\ud55c \uc808\ucc28\ub294 \ud398\ub370\ub9ac\ucf54 \uba55\uc2dc\uce74\ub098 \ub370 \ucc28\ub808\ub9ac\uc544 AC\uc758 \uc81c\ub3c4\uc801 \ubc1c\uc804\uc744 \ubaa8\ub2c8\ud130\ub9c1\ud558\uae30 \uc704\ud55c \ubcf4\uace0\uc11c\uc758 \uc77c\ubd80\ub97c \uad6c\uc131\ud560 \uc218 \uc788\uc2b5\ub2c8\ub2e4. \uc774\ub7ec\ud55c \ubb38\uc11c\ub294 \ud1b5\uacc4\uc801 \ubaa9\uc801\uc73c\ub85c\ub9cc \uc0ac\uc6a9\ub418\uba70 \uac1c\ubcc4 \uc0ac\uc6a9\uc790\ub97c \uc2dd\ubcc4\ud560 \uc218 \uc788\ub294 \uc815\ubcf4\ub294 \ud3ec\ud568\ub418\uc9c0 \uc54a\uc2b5\ub2c8\ub2e4.<\/p>\n<p>\uc0ac\uc6a9\uc790\uac00 \uc81c\uacf5\ud55c \uac1c\uc778\uc815\ubcf4\ub294 2016\ub144 4\uc6d4 21\uc77c \uc5f0\ubc29 \uad00\ubcf4\uc5d0 \uac8c\uc7ac\ub41c \ud22c\uba85\uc131 \ubc0f \uacf5\uacf5 \uc815\ubcf4 \uc811\uadfc\uc5d0 \uad00\ud55c \uc5f0\ubc29\ubc95, \uadf8 \uaddc\uc815 \ubc0f \ud22c\uba85\uc131 \ubc0f \uacf5\uacf5 \uc815\ubcf4 \uc811\uadfc\uc5d0 \uad00\ud55c \uc5f0\ubc29\ubc95\uc744 \uac1c\uc815\ud558\ub294 \ubc95\ub839\uc5d0 \ub530\ub77c \ucc98\ub9ac\ub429\ub2c8\ub2e4.<\/p>\n<p>\uac1c\uc778 \ub370\uc774\ud130\ub294 \uacf5\uacf5 \uc815\ubcf4\uc5d0 \ub300\ud55c \ud22c\uba85\uc131 \ubc0f \uc811\uadfc\uc5d0 \uad00\ud55c \uc5f0\ubc29\ubc95\uc758 \uc5c4\uaca9\ud55c \uaddc\uc815\uc5d0 \ub530\ub77c \uc81c3\uc790\uc5d0\uac8c \uc81c\uacf5\ub420 \uc218 \uc788\uc2b5\ub2c8\ub2e4.<\/p>\n<p>\uac01 \uc0ac\uc6a9\uc790\uc758 \uc774\uba54\uc77c \uc8fc\uc18c\ub294 \uc9c8\ubb38\uc5d0 \ub2f5\ubcc0\ud558\ub294 \ub370 \uc0ac\uc6a9\ub429\ub2c8\ub2e4. \uc0ac\uc6a9\uc790 \ubaa8\ub974\uac8c \ubaa9\ub85d\uc5d0 \ucd94\uac00\ub418\uac70\ub098 \uacf5\uac1c\ub418\uc9c0 \uc54a\uc2b5\ub2c8\ub2e4.<\/p>\n<p>\uc6f9\uc0ac\uc774\ud2b8 https:\/\/museodelacharreria.org.mx \uc5d0 \ud3ec\ud568\ub41c \uc815\ubcf4, \ud30c\uc77c, \ub370\uc774\ud130\ubca0\uc774\uc2a4 \ubc0f \uc774\ubbf8\uc9c0\ub294 \uba55\uc2dc\ucf54 \ucd95\uad6c \uc5f0\ub9f9(Federaci\u00f3n Mexicana de Charrer\u00eda AC)\uc758 \uc790\uc0b0\uc785\ub2c8\ub2e4. \uc5f0\ub9f9\uc758 \uba85\uc2dc\uc801\uc778 \ud5c8\uac00\ub97c \ubc1b\uc740 \uacbd\uc6b0\ub97c \uc81c\uc678\ud558\uace0\ub294 \uc774\ub97c \uc0ac\uc6a9\ud558\ub294 \uac83\uc774 \uae08\uc9c0\ub418\uba70, \uc774 \uacbd\uc6b0 oficial@fmcharreria.org.mx \uc73c\ub85c \ubcf4\ub0b4\uc57c \ud569\ub2c8\ub2e4.<\/p>\n<p>Museo de la Charrer\u00eda \uc6f9\uc0ac\uc774\ud2b8\ub294 \uc0c8\ub85c\uc6b4 \ubc95\ub960, \ubc95\ud559 \ub610\ub294 \uae30\uc220\uc801 \uc694\uad6c\uc0ac\ud56d\uc5d0 \uc801\uc751\ud558\uae30 \uc704\ud574 \ub610\ub294 \ud22c\uba85\uc131 \ubc0f \uacf5\uacf5 \uc815\ubcf4 \uc811\uadfc\uc5d0 \uad00\ud55c \ubc95\ub960\uc758 \uc870\ud56d\uc744 \uc704\ubc18\ud558\uc9c0 \uc54a\uace0 \uc0ac\uc6a9\uc790\uc5d0\uac8c \ub354 \ub098\uc740 \uc11c\ube44\uc2a4\uc640 \ucf58\ud150\uce20\ub97c \uc81c\uacf5\ud560 \uc218 \uc788\ub294 \uae30\ud0c0 \uc774\uc720\ub85c \uac1c\uc778\uc815\ubcf4 \ubcf4\ud638\uc815\ucc45\uc744 \uc218\uc815\ud560 \uad8c\ub9ac\ub97c \ubcf4\uc720\ud569\ub2c8\ub2e4.<\/p>\n<p>\ubcf8 \uac1c\uc778\uc815\ubcf4 \ubcf4\ud638\uc815\ucc45\uc740 \ubcf8 \uc6f9 \uc0ac\uc774\ud2b8 \uc0ac\uc6a9\uc758 \uc77c\ubd80\uc774\uba70, \ub530\ub77c\uc11c \uc0ac\uc6a9\uc790\uac00 Museo de la Charrer\u00eda\uc758 \ub514\uc9c0\ud138 \ud50c\ub7ab\ud3fc \uc11c\ube44\uc2a4\ub97c \uc0ac\uc6a9\ud55c\ub2e4\ub294 \uac83\uc740 \uc704\uc758 \uc57d\uad00\uc744 \uc77d\uace0 \uc774\ud574\ud588\uc73c\uba70 \ub3d9\uc758\ud588\uc74c\uc744 \uc758\ubbf8\ud569\ub2c8\ub2e4.<\/p>\n<p>\ubcf8 \uac1c\uc778\uc815\ubcf4 \ubcf4\ud638 \uace0\uc9c0\ub294 2023\ub144 11\uc6d4\ubd80\ud130 \uc801\uc6a9\ub429\ub2c8\ub2e4. Museo de la Charrer\u00eda \ub514\uc9c0\ud138 \ud50c\ub7ab\ud3fc\uc740 \ucd94\uac00, \uc0ad\uc81c \ub610\ub294 \uc5c5\ub370\uc774\ud2b8\uac00 \uc774\ub8e8\uc5b4\uc9c0\uae30 \ucd5c\uc18c 1\uc8fc\uc77c \uc804\uc5d0 Museo de la Charrer\u00eda \uc6f9\uc0ac\uc774\ud2b8 \ud558\ub2e8\uc758 '\uac1c\uc778\uc815\ubcf4 \ucde8\uae09\ubc29\uce68' \uc139\uc158\uc5d0 \ubcf8 \uace0\uc9c0\ub97c \uac8c\uc2dc\ud569\ub2c8\ub2e4.<\/p>\n<p>\uc694\uccad \ub610\ub294 \uc758\uacac\uc5d0 \ub300\ud55c \uc8fc\uc758\ub97c \uc644\ub8cc\ud558\uae30 \uc704\ud574 \ucd94\uac00 \uc815\ubcf4\uac00 \ud544\uc694\ud55c \uacbd\uc6b0 \uc0ac\uc6a9\uc790\uc5d0\uac8c \uc774\uba54\uc77c\ub85c \uc5f0\ub77d\uc744 \ub4dc\ub9b4 \uc218 \uc788\uc2b5\ub2c8\ub2e4. \uc790\uc138\ud55c \uc815\ubcf4\uac00 \ud544\uc694\ud55c \uacbd\uc6b0 oficial@fmcharreria.org.mx \uc73c\ub85c \uc774\uba54\uc77c\uc744 \ubcf4\ub0b4\uac70\ub098 \uba55\uc2dc\ucf54 \uce74\ud1a8\ub9ad\uc5f0\ub9f9(Federaci\u00f3n Mexicana de Charrer\u00eda AC)\uc73c\ub85c \uc8fc\uc18c(\uba55\uc2dc\ucf54\uc2dc\ud2f0, \uba55\uc2dc\ucf54\uc2dc\ud2f0, C.P. 06080, \uc54c\uce7c\ub514\uc544 \ucfe0\uc544\uc6b0\ud14c\ubaa9, \uc13c\ud2b8\ub85c \ud788\uc2a4\ud1a0\ub9ac\ucf54, \uc774\uc0ac\ubca8 \ub77c \uce74\ud1a0\ub9ac\uce74 N\u00ba 108, \uc54c\uce7c\ub514\uc544 \ucfe0\uc544\uc6b0\ud14c\ubaa9)\ub97c \ubcf4\ub0b4\uc8fc\uc2dc\uae30 \ubc14\ub78d\ub2c8\ub2e4.<\/p>","protected":false},"excerpt":{"rendered":"<p>Aviso de Privacidad En cumplimiento con lo establecido por la Ley Federal de Transparencia y Acceso a la Informaci\u00f3n P\u00fablica, el proyecto Museos de la Charrer\u00eda de la Ciudad de M\u00e9xico, hace de su conocimiento su Aviso de Privacidad: La informaci\u00f3n de car\u00e1cter no personal, como el tipo de explorador de Internet, sistema operativo y [&hellip;]<\/p>\n","protected":false},"author":2,"featured_media":0,"parent":0,"menu_order":0,"comment_status":"closed","ping_status":"closed","template":"","meta":{"footnotes":""},"class_list":["post-2368","page","type-page","status-publish","hentry"],"yoast_head":"<!-- This site is optimized with the Yoast SEO plugin v27.5 - https:\/\/yoast.com\/product\/yoast-seo-wordpress\/ -->\n<title>Aviso de Privacidad - Museo de la Charrer\u00eda CDMX<\/title>\n<meta name=\"description\" content=\"Aviso de Privacidad\" \/>\n<meta name=\"robots\" content=\"index, follow, max-snippet:-1, max-image-preview:large, max-video-preview:-1\" \/>\n<link rel=\"canonical\" href=\"https:\/\/museodelacharreria.org.mx\/ko\/\uac1c\uc778\uc815\ubcf4-\ucde8\uae09\ubc29\uce68\/\" \/>\n<meta property=\"og:locale\" content=\"ko_KR\" \/>\n<meta property=\"og:type\" content=\"article\" \/>\n<meta property=\"og:title\" content=\"Aviso de Privacidad - Museo de la Charrer\u00eda CDMX\" \/>\n<meta property=\"og:description\" content=\"Aviso de Privacidad\" \/>\n<meta property=\"og:url\" content=\"https:\/\/museodelacharreria.org.mx\/ko\/\uac1c\uc778\uc815\ubcf4-\ucde8\uae09\ubc29\uce68\/\" \/>\n<meta property=\"og:site_name\" content=\"Museo de la Charrer\u00eda CDMX\" \/>\n<meta property=\"article:modified_time\" content=\"2023-11-08T02:24:45+00:00\" \/>\n<meta property=\"og:image\" content=\"https:\/\/museodelacharreria.org.mx\/wp-content\/uploads\/2023\/09\/Museo-de-la-Charreria-CDMX-Sombrero-Papa-Francisco-0015.jpg\" \/>\n\t<meta property=\"og:image:width\" content=\"1920\" \/>\n\t<meta property=\"og:image:height\" content=\"1280\" \/>\n\t<meta property=\"og:image:type\" content=\"image\/jpeg\" \/>\n<meta name=\"twitter:card\" content=\"summary_large_image\" \/>\n<meta name=\"twitter:label1\" content=\"\uc608\uc0c1 \ub418\ub294 \ud310\ub3c5 \uc2dc\uac04\" \/>\n\t<meta name=\"twitter:data1\" content=\"4\ubd84\" \/>\n<script type=\"application\/ld+json\" class=\"yoast-schema-graph\">{\"@context\":\"https:\\\/\\\/schema.org\",\"@graph\":[{\"@type\":\"WebPage\",\"@id\":\"https:\\\/\\\/museodelacharreria.org.mx\\\/aviso-de-privacidad\\\/\",\"url\":\"https:\\\/\\\/museodelacharreria.org.mx\\\/aviso-de-privacidad\\\/\",\"name\":\"Aviso de Privacidad - Museo de la Charrer\u00eda CDMX\",\"isPartOf\":{\"@id\":\"https:\\\/\\\/museodelacharreria.org.mx\\\/#website\"},\"datePublished\":\"2023-11-07T16:41:26+00:00\",\"dateModified\":\"2023-11-08T02:24:45+00:00\",\"description\":\"Aviso de Privacidad\",\"breadcrumb\":{\"@id\":\"https:\\\/\\\/museodelacharreria.org.mx\\\/aviso-de-privacidad\\\/#breadcrumb\"},\"inLanguage\":\"ko-KR\",\"potentialAction\":[{\"@type\":\"ReadAction\",\"target\":[\"https:\\\/\\\/museodelacharreria.org.mx\\\/aviso-de-privacidad\\\/\"]}]},{\"@type\":\"BreadcrumbList\",\"@id\":\"https:\\\/\\\/museodelacharreria.org.mx\\\/aviso-de-privacidad\\\/#breadcrumb\",\"itemListElement\":[{\"@type\":\"ListItem\",\"position\":1,\"name\":\"Portada\",\"item\":\"https:\\\/\\\/museodelacharreria.org.mx\\\/inicio\\\/\"},{\"@type\":\"ListItem\",\"position\":2,\"name\":\"Aviso de Privacidad\"}]},{\"@type\":\"WebSite\",\"@id\":\"https:\\\/\\\/museodelacharreria.org.mx\\\/#website\",\"url\":\"https:\\\/\\\/museodelacharreria.org.mx\\\/\",\"name\":\"Museo de la Charrer\u00eda CDMX\",\"description\":\"Historia y tradici\u00f3n, patrimonio cultural inmaterial de la humanidad UNESCO\",\"publisher\":{\"@id\":\"https:\\\/\\\/museodelacharreria.org.mx\\\/#organization\"},\"potentialAction\":[{\"@type\":\"SearchAction\",\"target\":{\"@type\":\"EntryPoint\",\"urlTemplate\":\"https:\\\/\\\/museodelacharreria.org.mx\\\/?s={search_term_string}\"},\"query-input\":{\"@type\":\"PropertyValueSpecification\",\"valueRequired\":true,\"valueName\":\"search_term_string\"}}],\"inLanguage\":\"ko-KR\"},{\"@type\":\"Organization\",\"@id\":\"https:\\\/\\\/museodelacharreria.org.mx\\\/#organization\",\"name\":\"Museo de la Charrer\u00eda Ciudad de M\u00e9xico\",\"alternateName\":\"Museo de la Charrer\u00eda CDMX\",\"url\":\"https:\\\/\\\/museodelacharreria.org.mx\\\/\",\"logo\":{\"@type\":\"ImageObject\",\"inLanguage\":\"ko-KR\",\"@id\":\"https:\\\/\\\/museodelacharreria.org.mx\\\/#\\\/schema\\\/logo\\\/image\\\/\",\"url\":\"https:\\\/\\\/museodelacharreria.org.mx\\\/wp-content\\\/uploads\\\/2023\\\/07\\\/Logo-Museo-de-la-Charreria-b-n.png\",\"contentUrl\":\"https:\\\/\\\/museodelacharreria.org.mx\\\/wp-content\\\/uploads\\\/2023\\\/07\\\/Logo-Museo-de-la-Charreria-b-n.png\",\"width\":500,\"height\":250,\"caption\":\"Museo de la Charrer\u00eda Ciudad de M\u00e9xico\"},\"image\":{\"@id\":\"https:\\\/\\\/museodelacharreria.org.mx\\\/#\\\/schema\\\/logo\\\/image\\\/\"},\"sameAs\":[\"https:\\\/\\\/www.youtube.com\\\/@MuseoDeLaCharreria\"]}]}<\/script>\n<!-- \/ Yoast SEO plugin. -->","yoast_head_json":{"title":"\uac1c\uc778 \uc815\ubcf4 \ubcf4\ud638 \uc815\ucc45 - Museo de la Charrer\u00eda CDMX","description":"\uac1c\uc778\uc815\ubcf4 \ucde8\uae09\ubc29\uce68","robots":{"index":"index","follow":"follow","max-snippet":"max-snippet:-1","max-image-preview":"max-image-preview:large","max-video-preview":"max-video-preview:-1"},"canonical":"https:\/\/museodelacharreria.org.mx\/ko\/\uac1c\uc778\uc815\ubcf4-\ucde8\uae09\ubc29\uce68\/","og_locale":"ko_KR","og_type":"article","og_title":"Aviso de Privacidad - Museo de la Charrer\u00eda CDMX","og_description":"Aviso de Privacidad","og_url":"https:\/\/museodelacharreria.org.mx\/ko\/\uac1c\uc778\uc815\ubcf4-\ucde8\uae09\ubc29\uce68\/","og_site_name":"Museo de la Charrer\u00eda CDMX","article_modified_time":"2023-11-08T02:24:45+00:00","og_image":[{"width":1920,"height":1280,"url":"https:\/\/museodelacharreria.org.mx\/wp-content\/uploads\/2023\/09\/Museo-de-la-Charreria-CDMX-Sombrero-Papa-Francisco-0015.jpg","type":"image\/jpeg"}],"twitter_card":"summary_large_image","twitter_misc":{"\uc608\uc0c1 \ub418\ub294 \ud310\ub3c5 \uc2dc\uac04":"4\ubd84"},"schema":{"@context":"https:\/\/schema.org","@graph":[{"@type":"WebPage","@id":"https:\/\/museodelacharreria.org.mx\/aviso-de-privacidad\/","url":"https:\/\/museodelacharreria.org.mx\/aviso-de-privacidad\/","name":"\uac1c\uc778 \uc815\ubcf4 \ubcf4\ud638 \uc815\ucc45 - Museo de la Charrer\u00eda CDMX","isPartOf":{"@id":"https:\/\/museodelacharreria.org.mx\/#website"},"datePublished":"2023-11-07T16:41:26+00:00","dateModified":"2023-11-08T02:24:45+00:00","description":"\uac1c\uc778\uc815\ubcf4 \ucde8\uae09\ubc29\uce68","breadcrumb":{"@id":"https:\/\/museodelacharreria.org.mx\/aviso-de-privacidad\/#breadcrumb"},"inLanguage":"ko-KR","potentialAction":[{"@type":"ReadAction","target":["https:\/\/museodelacharreria.org.mx\/aviso-de-privacidad\/"]}]},{"@type":"BreadcrumbList","@id":"https:\/\/museodelacharreria.org.mx\/aviso-de-privacidad\/#breadcrumb","itemListElement":[{"@type":"ListItem","position":1,"name":"Portada","item":"https:\/\/museodelacharreria.org.mx\/inicio\/"},{"@type":"ListItem","position":2,"name":"Aviso de Privacidad"}]},{"@type":"WebSite","@id":"https:\/\/museodelacharreria.org.mx\/#website","url":"https:\/\/museodelacharreria.org.mx\/","name":"\uc0e4\ub808\ub9ac\uc544 \ubc15\ubb3c\uad00 CDMX","description":"\uc5ed\uc0ac\uc640 \uc804\ud1b5, \uc778\ub958\uc758 \ubb34\ud615\ubb38\ud654\uc720\uc0b0 \uc720\ub124\uc2a4\ucf54","publisher":{"@id":"https:\/\/museodelacharreria.org.mx\/#organization"},"potentialAction":[{"@type":"SearchAction","target":{"@type":"EntryPoint","urlTemplate":"https:\/\/museodelacharreria.org.mx\/?s={search_term_string}"},"query-input":{"@type":"PropertyValueSpecification","valueRequired":true,"valueName":"search_term_string"}}],"inLanguage":"ko-KR"},{"@type":"Organization","@id":"https:\/\/museodelacharreria.org.mx\/#organization","name":"\uc0e4\ub808\ub9ac\uc544 \uba55\uc2dc\ucf54 \uc2dc\ud2f0 \ubc15\ubb3c\uad00","alternateName":"Museo de la Charrer\u00eda CDMX","url":"https:\/\/museodelacharreria.org.mx\/","logo":{"@type":"ImageObject","inLanguage":"ko-KR","@id":"https:\/\/museodelacharreria.org.mx\/#\/schema\/logo\/image\/","url":"https:\/\/museodelacharreria.org.mx\/wp-content\/uploads\/2023\/07\/Logo-Museo-de-la-Charreria-b-n.png","contentUrl":"https:\/\/museodelacharreria.org.mx\/wp-content\/uploads\/2023\/07\/Logo-Museo-de-la-Charreria-b-n.png","width":500,"height":250,"caption":"Museo de la Charrer\u00eda Ciudad de M\u00e9xico"},"image":{"@id":"https:\/\/museodelacharreria.org.mx\/#\/schema\/logo\/image\/"},"sameAs":["https:\/\/www.youtube.com\/@MuseoDeLaCharreria"]}]}},"_links":{"self":[{"href":"https:\/\/museodelacharreria.org.mx\/ko\/wp-json\/wp\/v2\/pages\/2368","targetHints":{"allow":["GET"]}}],"collection":[{"href":"https:\/\/museodelacharreria.org.mx\/ko\/wp-json\/wp\/v2\/pages"}],"about":[{"href":"https:\/\/museodelacharreria.org.mx\/ko\/wp-json\/wp\/v2\/types\/page"}],"author":[{"embeddable":true,"href":"https:\/\/museodelacharreria.org.mx\/ko\/wp-json\/wp\/v2\/users\/2"}],"replies":[{"embeddable":true,"href":"https:\/\/museodelacharreria.org.mx\/ko\/wp-json\/wp\/v2\/comments?post=2368"}],"version-history":[{"count":3,"href":"https:\/\/museodelacharreria.org.mx\/ko\/wp-json\/wp\/v2\/pages\/2368\/revisions"}],"predecessor-version":[{"id":2381,"href":"https:\/\/museodelacharreria.org.mx\/ko\/wp-json\/wp\/v2\/pages\/2368\/revisions\/2381"}],"wp:attachment":[{"href":"https:\/\/museodelacharreria.org.mx\/ko\/wp-json\/wp\/v2\/media?parent=2368"}],"curies":[{"name":"wp","href":"https:\/\/api.w.org\/{rel}","templated":true}]}}