{"id":1831,"date":"2023-10-04T02:26:34","date_gmt":"2023-10-04T02:26:34","guid":{"rendered":"https:\/\/museodelacharreria.org.mx\/?page_id=1831"},"modified":"2024-12-06T07:19:11","modified_gmt":"2024-12-06T13:19:11","slug":"seculo-xx","status":"publish","type":"page","link":"https:\/\/museodelacharreria.org.mx\/pt\/historia\/siglo-xx\/","title":{"rendered":"S\u00c9CULO XX"},"content":{"rendered":"<style type=\"text\/css\" data-created_by=\"avia_inline_auto\" id=\"style-css-av-2xkel7-bde44a0d5dbd3ad145764fe2370db91c\">\n.avia-section.av-2xkel7-bde44a0d5dbd3ad145764fe2370db91c{\nbackground-repeat:no-repeat;\nbackground-image:url(https:\/\/museodelacharreria.org.mx\/wp-content\/uploads\/2023\/10\/division-del-norte-francisco-villa.webp);\nbackground-position:50% 0%;\nbackground-attachment:scroll;\nmargin-top:0px;\nmargin-bottom:0px;\n}\n<\/style>\n<div id='av_section_1'  class='avia-section av-2xkel7-bde44a0d5dbd3ad145764fe2370db91c main_color avia-section-default avia-no-border-styling  avia-builder-el-0  el_before_av_submenu  avia-builder-el-first  avia-full-stretch avia-bg-style-scroll av-minimum-height av-minimum-height-60 av-height-percent  container_wrap fullsize'  data-section-bg-repeat='stretch' data-av_minimum_height_pc='60' data-av_min_height_opt='percent'><div class='container av-section-cont-open' ><main  role=\"main\" itemprop=\"mainContentOfPage\"  class='template-page content  av-content-full alpha units'><div class='post-entry post-entry-type-page post-entry-1831'><div class='entry-content-wrapper clearfix'>\n\n<style type=\"text\/css\" data-created_by=\"avia_inline_auto\" id=\"style-css-av-lo6drtvd-85972c50f3926622da4821f0cd198ed2\">\n.av_font_icon.av-lo6drtvd-85972c50f3926622da4821f0cd198ed2 .av-icon-char{\nfont-size:20px;\nline-height:20px;\n}\n<\/style>\n<span  class='av_font_icon av-lo6drtvd-85972c50f3926622da4821f0cd198ed2 avia_animate_when_visible av-icon-style- avia-icon-pos-right av-no-color avia-icon-animate'><span class='av-icon-char' aria-hidden='true' data-av_icon='\ue8e0' data-av_iconfont='entypo-fontello' data-avia-icon-tooltip=\"Imagen: &amp;#8220;Francisco Villa &amp;#8211; Batalla de Ojinaga&amp;#8221; 1914 Archivo Casasola. Mediateca del Instituto Nacional de Antropolog\u00eda e Historia de M\u00e9xico &amp;#8211; Derechos Reservados&lt;br \/&gt;\"><\/span><\/span>\n<\/div><\/div><\/main><!-- close content main element --><\/div><\/div><div class='clear'><\/div><div id='sub_menu1'  class='av-submenu-container av-5syjid-20cc2c243a2f2778b0c5c3a1afbb5dc1 main_color  avia-builder-el-2  el_after_av_section  el_before_av_one_full  av-sticky-submenu submenu-not-first container_wrap fullsize' style='z-index:301' ><div class='container av-menu-mobile-disabled av-submenu-pos-center'><ul id=\"menu-historia\" class=\"av-subnav-menu\" role=\"menu\"><li role=\"menuitem\" id=\"menu-item-1778\" class=\"menu-item menu-item-type-post_type menu-item-object-page menu-item-top-level menu-item-top-level-1\"><a href=\"https:\/\/museodelacharreria.org.mx\/pt\/historia\/siglo-xvi\/\" itemprop=\"url\" tabindex=\"0\"><span class=\"avia-bullet\"><\/span><span class=\"avia-menu-text\">S\u00c9CULO XVI<\/span><span class=\"avia-menu-fx\"><span class=\"avia-arrow-wrap\"><span class=\"avia-arrow\"><\/span><\/span><\/span><\/a><\/li>\n<li role=\"menuitem\" id=\"menu-item-1797\" class=\"menu-item menu-item-type-post_type menu-item-object-page menu-item-top-level menu-item-top-level-2\"><a href=\"https:\/\/museodelacharreria.org.mx\/pt\/historia\/siglo-xvii\/\" itemprop=\"url\" tabindex=\"0\"><span class=\"avia-bullet\"><\/span><span class=\"avia-menu-text\">S\u00c9CULO XVII<\/span><span class=\"avia-menu-fx\"><span class=\"avia-arrow-wrap\"><span class=\"avia-arrow\"><\/span><\/span><\/span><\/a><\/li>\n<li role=\"menuitem\" id=\"menu-item-1809\" class=\"menu-item menu-item-type-post_type menu-item-object-page menu-item-top-level menu-item-top-level-3\"><a href=\"https:\/\/museodelacharreria.org.mx\/pt\/historia\/siglo-xviii\/\" itemprop=\"url\" tabindex=\"0\"><span class=\"avia-bullet\"><\/span><span class=\"avia-menu-text\">S\u00c9CULO XVIII<\/span><span class=\"avia-menu-fx\"><span class=\"avia-arrow-wrap\"><span class=\"avia-arrow\"><\/span><\/span><\/span><\/a><\/li>\n<li role=\"menuitem\" id=\"menu-item-1818\" class=\"menu-item menu-item-type-post_type menu-item-object-page menu-item-top-level menu-item-top-level-4\"><a href=\"https:\/\/museodelacharreria.org.mx\/pt\/historia\/siglo-xix\/\" itemprop=\"url\" tabindex=\"0\"><span class=\"avia-bullet\"><\/span><span class=\"avia-menu-text\">S\u00c9CULO XIX<\/span><span class=\"avia-menu-fx\"><span class=\"avia-arrow-wrap\"><span class=\"avia-arrow\"><\/span><\/span><\/span><\/a><\/li>\n<li role=\"menuitem\" id=\"menu-item-1840\" class=\"menu-item menu-item-type-post_type menu-item-object-page menu-item-top-level menu-item-top-level-5\"><a href=\"https:\/\/museodelacharreria.org.mx\/pt\/historia\/siglo-xx\/\" itemprop=\"url\" tabindex=\"0\"><span class=\"avia-bullet\"><\/span><span class=\"avia-menu-text\">S\u00c9CULO XX<\/span><span class=\"avia-menu-fx\"><span class=\"avia-arrow-wrap\"><span class=\"avia-arrow\"><\/span><\/span><\/span><\/a><\/li>\n<li role=\"menuitem\" id=\"menu-item-1863\" class=\"menu-item menu-item-type-post_type menu-item-object-page menu-item-top-level menu-item-top-level-6\"><a href=\"https:\/\/museodelacharreria.org.mx\/pt\/historia\/siglo-xxi\/\" itemprop=\"url\" tabindex=\"0\"><span class=\"avia-bullet\"><\/span><span class=\"avia-menu-text\">S\u00c9CULO XXI<\/span><span class=\"avia-menu-fx\"><span class=\"avia-arrow-wrap\"><span class=\"avia-arrow\"><\/span><\/span><\/span><\/a><\/li>\n<\/ul><\/div><\/div><div class='sticky_placeholder'><\/div><div id='after_submenu_1'  class='main_color av_default_container_wrap container_wrap fullsize'  ><div class='container av-section-cont-open' ><div class='template-page content  av-content-full alpha units'><div class='post-entry post-entry-type-page post-entry-1831'><div class='entry-content-wrapper clearfix'><\/p>\n\n<style type=\"text\/css\" data-created_by=\"avia_inline_auto\" id=\"style-css-av-lnapyhdx-b289005ca77e5017eff9eca400f12de3\">\n#top .flex_column.av-lnapyhdx-b289005ca77e5017eff9eca400f12de3{\nmargin-top:-7%;\nmargin-bottom:0px;\n}\n.flex_column.av-lnapyhdx-b289005ca77e5017eff9eca400f12de3{\npadding:5% 5% 5% 5%;\nbackground-color:rgba(10,10,10,0.48);\n}\n.responsive #top #wrap_all .flex_column.av-lnapyhdx-b289005ca77e5017eff9eca400f12de3{\nmargin-top:-7%;\nmargin-bottom:0px;\n}\n<\/style>\n<div  class='flex_column av-lnapyhdx-b289005ca77e5017eff9eca400f12de3 av_one_full  avia-builder-el-3  el_after_av_submenu  avia-builder-el-no-sibling  first flex_column_div'     ><p>\n<style type=\"text\/css\" data-created_by=\"avia_inline_auto\" id=\"style-css-av-lnap3288-95d43671b747991d2bbf56ac8b92d10f\">\n#top .av-special-heading.av-lnap3288-95d43671b747991d2bbf56ac8b92d10f{\npadding-bottom:10px;\n}\nbody .av-special-heading.av-lnap3288-95d43671b747991d2bbf56ac8b92d10f .av-special-heading-tag .heading-char{\nfont-size:25px;\n}\n.av-special-heading.av-lnap3288-95d43671b747991d2bbf56ac8b92d10f .av-subheading{\nfont-size:15px;\n}\n<\/style>\n<div  class='av-special-heading av-lnap3288-95d43671b747991d2bbf56ac8b92d10f av-special-heading-h2 blockquote modern-quote modern-centered  avia-builder-el-4  el_before_av_textblock  avia-builder-el-first'><h2 class='av-special-heading-tag'  itemprop=\"headline\"  >S\u00c9CULO XX<\/h2><div class='av-subheading av-subheading_below'><p>A evolu\u00e7\u00e3o da charreria ao longo da hist\u00f3ria mexicana<\/p>\n<\/div><div class=\"special-heading-border\"><div class=\"special-heading-inner-border\"><\/div><\/div><\/div><br \/>\n<section  class='av_textblock_section av-lnap26cr-22bc630749eb84fff7f01f2c3751306f'   itemscope=\"itemscope\" itemtype=\"https:\/\/schema.org\/CreativeWork\" ><div class='avia_textblock'  itemprop=\"text\" ><p>Durante o <strong>S\u00e9culo XX<\/strong>Durante o s\u00e9culo XX, a charrer\u00eda desenvolveu seu maior esplendor nas terras altas, e em todas as grandes fazendas, em determinadas \u00e9pocas do ano, eram realizados os trabalhos de ferrar, castrar ou capadero e tusadero dos cavalos. Esse trabalho era motivo de grandes festividades, e tanto os propriet\u00e1rios quanto os vaqueiros se divertiam enquanto o faziam.<\/p>\n<p>A arte da \"Charreria\" j\u00e1 era conhecida na Europa e nos Estados Unidos desde o in\u00edcio do s\u00e9culo passado, devido \u00e0s exibi\u00e7\u00f5es dos \"charros\". Ponciano D\u00edaz Gonz\u00e1lez fez as primeiras apresenta\u00e7\u00f5es em 1888. Ele foi o primeiro mexicano a se apresentar em arenas espanholas, touradas e \"corridas de toro y reata\", usando com grande distin\u00e7\u00e3o os trajes de \"charro\".<\/p>\n<p>Os camponeses costumavam perseguir animais que n\u00e3o estavam marcados. Eles tinham que tirar as selas dos cavalos, deixando apenas os freios, depois se amarravam na cintura e se prendiam ao cavalo, que se aproximava dos rebanhos selvagens. Depois, selecionando os animais de que gostavam, pulavam sobre eles, agarrando suas crinas, e os montavam at\u00e9 que estivessem domados. Essa foi a origem da \"Passagem da Morte\" e de outros atos.<\/p>\n<p>As primeiras \"Manganas floreadas\" foram criadas por Don Felipe e Don Ignacio Gonz\u00e1lez. Eles chamavam esses atos de: \"La Crinolina\", \"la contra crinolina\" e \"la caricia\". Assim, tornou-se a verdadeira arte, o manuseio da reata.<\/p>\n<p>Os \"charros\" formavam uma verdadeira aristocracia rural com um forte senso de M\u00e9xico. Os propriet\u00e1rios de terras se alternavam, fraternalmente, com seus vaqueiros e pe\u00f5es, realizando as atividades mais ousadas. Assim, eles eram os homens corajosos, duros e honestos que formavam o cora\u00e7\u00e3o do povo mexicano.<\/p>\n<p style=\"text-align: center;\"><strong>A REVOLU\u00c7\u00c3O MEXICANA<\/strong><\/p>\n<p>Mais tarde, na revolu\u00e7\u00e3o, Francisco I. Madero, um rico propriet\u00e1rio de terras de Coahuila com ideias democr\u00e1ticas, cujo lema era \"Sufragio Efectivo no Reelecci\u00f3n\", incitou o povo a derrubar o ditador Porfirio D\u00edaz. Ele assumiu o poder ap\u00f3s a revolu\u00e7\u00e3o de 1910, que varreu as plan\u00edcies do norte e o interior do sul. No galope do cavalo, os encontros mais importantes envolveram a a\u00e7\u00e3o dos centauros. Em 1911, com a marcha de Madero, come\u00e7ou o s\u00e9culo das revolu\u00e7\u00f5es, com chap\u00e9us largos e uma cruz de cartucheira no peito. No auge da revolu\u00e7\u00e3o, Francisco Villa passou a maior parte do tempo a cavalo, por isso foi chamado de \"O Centauro do Norte\". Emiliano Zapata, considerado o melhor domador de cavalos da regi\u00e3o, usava o traje caracter\u00edstico dos camponeses do sul da rep\u00fablica, o traje de charro. Ele foi o \u00fanico l\u00edder da revolu\u00e7\u00e3o que sabia desde o in\u00edcio qual era seu objetivo: a devolu\u00e7\u00e3o da terra aos seus propriet\u00e1rios originais. Al\u00e9m dos nomes j\u00e1 famosos de Villa e Zapata, havia muitos outros que se caracterizavam por sua coragem imprudente. Depois que a fase armada terminou, veio a fase da lei; o constitucionalismo triunfou e a revolu\u00e7\u00e3o, quando se tornou um governo, pensou que a parte mais importante da riqueza da p\u00e1tria era o homem.<\/p>\n<p style=\"text-align: center;\"><strong>P\u00d3S-REVOLU\u00c7\u00c3O<\/strong><\/p>\n<p>Com o desaparecimento das fazendas nas prov\u00edncias mexicanas, embora em menor escala, eles continuaram a realizar o trabalho no campo com o que restava do gado; mas para aqueles que foram para a cidade, restou apenas a lembran\u00e7a daqueles velhos tempos de fazenda. Com o passar dos anos, essas pessoas quiseram reviver os costumes que estavam t\u00e3o profundamente enraizados nelas. A charreria se tornou um esporte quando os charros, conscientes de seu valor como deposit\u00e1rios da tradi\u00e7\u00e3o equestre do campo, se organizaram para poder imitar as tarefas das quais nosso esporte faz parte, dentro das cidades. Os trabalhos do charro do campo, muito nossos e muito mexicanos, s\u00e3o uma parte sens\u00edvel de nosso esp\u00edrito, nascido de um parto doloroso, produto da uni\u00e3o de duas ra\u00e7as: a ind\u00edgena-abor\u00edgene e a espanhola, dando lugar ao mesti\u00e7o, um homem duro, sofrido, com uma personalidade s\u00e9ria e impetuosa, sereno e digno representante de nosso campo, que luta com coragem no deserto, ri e se apaixona por uma mulher, ou se ajoelha e beija a m\u00e3o de sua m\u00e3e. Ele ama a selva, a plan\u00edcie, o deserto, o c\u00e9u, o vento, a chuva e sua alma sertaneja, a alma do charro, carrega a altivez de nossas montanhas. Foi no campo que a charreria se formou, que o M\u00e9xico se formou e que nossa hist\u00f3ria foi escrita.<\/p>\n<p style=\"text-align: center;\"><strong>A CHARRERIA COMO ESPORTE<\/strong><\/p>\n<p>Portanto, deve ficar claro que a Charreria nasceu no campo e foi regulamentada na cidade, com a primeira associa\u00e7\u00e3o surgindo na Cidade do M\u00e9xico, sob o nome de \"La Nacional\", em 4 de junho de 1921. Posteriormente, em 29 de abril de 1923, surgiu a segunda associa\u00e7\u00e3o da Rep\u00fablica, com o nome de \"Club Nacional de Charros Potosinos\", hoje Potosina de Charros, na capital do estado de San Luis Potosi, e, em 8 de agosto de 1923, em Toluca, no estado do M\u00e9xico, a terceira associa\u00e7\u00e3o de charros do estado do M\u00e9xico.<\/p>\n<p>A charreria foi declarada \"Esporte Nacional\" pelo Presidente da Rep\u00fablica, Sr. Manuel Avila Camacho, e o dia 14 de setembro foi institu\u00eddo como o \"Dia do Charro\".<\/p>\n<p>Em 16 de dezembro de 1933, foi fundada a Federa\u00e7\u00e3o Nacional de Charros, que assumiu a dupla e frut\u00edfera tarefa de reunir todas as associa\u00e7\u00f5es de charros do pa\u00eds para organizar competi\u00e7\u00f5es e elaborar regulamentos comuns que unificassem os crit\u00e9rios na pr\u00e1tica desse esporte nacional. <a href=\"https:\/\/museodelacharreria.org.mx\/deporte\/\">esporte nacional<\/a>.<\/p>\n<p style=\"text-align: center;\"><strong>SEMI-PROFISSIONALIZA\u00c7\u00c3O E ALTO DESEMPENHO<\/strong><\/p>\n<p>Na d\u00e9cada de 80, teve in\u00edcio o boom do alto rendimento, controverso devido \u00e0 quest\u00e3o da semiprofissionaliza\u00e7\u00e3o, mas amplamente aceito pelo desenvolvimento e crescimento do esporte transformado em uma forma de arte. Antes dessa \u00e9poca, as equipes eram compostas principalmente por membros da fam\u00edlia que, al\u00e9m de suas atividades agr\u00edcolas, se reuniam para competir em charrear com outras fam\u00edlias. Essa semiprofissionaliza\u00e7\u00e3o levou ao desenvolvimento de esportistas de alto desempenho, cuja principal atividade era justamente esse esporte.<\/p>\n<p>Hoje, mais charros t\u00eam diplomas acad\u00eamicos obtidos por meio de trabalho \u00e1rduo, o que significou um n\u00edvel mais alto de esporte, porque as novas gera\u00e7\u00f5es o criaram.<\/p>\n<p>A Charreria est\u00e1 vivendo o presente em todos os sentidos, conquistando novos seguidores, obtendo cada vez mais patrocinadores, enquanto o n\u00edvel do esporte continua crescendo e isso gra\u00e7as ao alto desempenho esportivo que \u00e9 impresso em cada competi\u00e7\u00e3o, em toda a extens\u00e3o do pa\u00eds, bem como em Allende las Fronteras.<\/p>\n<\/div><\/section><\/p><\/div>","protected":false},"excerpt":{"rendered":"","protected":false},"author":2,"featured_media":1836,"parent":56,"menu_order":0,"comment_status":"closed","ping_status":"closed","template":"","meta":{"footnotes":""},"class_list":["post-1831","page","type-page","status-publish","has-post-thumbnail","hentry"],"yoast_head":"<!-- This site is optimized with the Yoast SEO plugin v27.4 - https:\/\/yoast.com\/product\/yoast-seo-wordpress\/ -->\n<title>SIGLO XX - Museo de la Charrer\u00eda CDMX<\/title>\n<meta name=\"robots\" content=\"index, follow, max-snippet:-1, max-image-preview:large, max-video-preview:-1\" \/>\n<link rel=\"canonical\" href=\"https:\/\/museodelacharreria.org.mx\/pt\/historico\/seculo-xx\/\" \/>\n<meta property=\"og:locale\" content=\"pt_BR\" \/>\n<meta property=\"og:type\" content=\"article\" \/>\n<meta property=\"og:title\" content=\"SIGLO XX - Museo de la Charrer\u00eda CDMX\" \/>\n<meta property=\"og:url\" content=\"https:\/\/museodelacharreria.org.mx\/pt\/historico\/seculo-xx\/\" \/>\n<meta property=\"og:site_name\" content=\"Museo de la Charrer\u00eda CDMX\" \/>\n<meta property=\"article:modified_time\" content=\"2024-12-06T13:19:11+00:00\" \/>\n<meta property=\"og:image\" content=\"https:\/\/museodelacharreria.org.mx\/wp-content\/uploads\/2023\/10\/division-del-norte-francisco-villa.webp\" \/>\n\t<meta property=\"og:image:width\" content=\"1200\" \/>\n\t<meta property=\"og:image:height\" content=\"750\" \/>\n\t<meta property=\"og:image:type\" content=\"image\/webp\" \/>\n<meta name=\"twitter:card\" content=\"summary_large_image\" \/>\n<meta name=\"twitter:label1\" content=\"Est. tempo de leitura\" \/>\n\t<meta name=\"twitter:data1\" content=\"5 minutos\" \/>\n<script type=\"application\/ld+json\" class=\"yoast-schema-graph\">{\"@context\":\"https:\\\/\\\/schema.org\",\"@graph\":[{\"@type\":\"WebPage\",\"@id\":\"https:\\\/\\\/museodelacharreria.org.mx\\\/historia\\\/siglo-xx\\\/\",\"url\":\"https:\\\/\\\/museodelacharreria.org.mx\\\/historia\\\/siglo-xx\\\/\",\"name\":\"SIGLO XX - Museo de la Charrer\u00eda CDMX\",\"isPartOf\":{\"@id\":\"https:\\\/\\\/museodelacharreria.org.mx\\\/#website\"},\"primaryImageOfPage\":{\"@id\":\"https:\\\/\\\/museodelacharreria.org.mx\\\/historia\\\/siglo-xx\\\/#primaryimage\"},\"image\":{\"@id\":\"https:\\\/\\\/museodelacharreria.org.mx\\\/historia\\\/siglo-xx\\\/#primaryimage\"},\"thumbnailUrl\":\"https:\\\/\\\/museodelacharreria.org.mx\\\/wp-content\\\/uploads\\\/2023\\\/10\\\/division-del-norte-francisco-villa.webp\",\"datePublished\":\"2023-10-04T02:26:34+00:00\",\"dateModified\":\"2024-12-06T13:19:11+00:00\",\"breadcrumb\":{\"@id\":\"https:\\\/\\\/museodelacharreria.org.mx\\\/historia\\\/siglo-xx\\\/#breadcrumb\"},\"inLanguage\":\"pt-BR\",\"potentialAction\":[{\"@type\":\"ReadAction\",\"target\":[\"https:\\\/\\\/museodelacharreria.org.mx\\\/historia\\\/siglo-xx\\\/\"]}]},{\"@type\":\"ImageObject\",\"inLanguage\":\"pt-BR\",\"@id\":\"https:\\\/\\\/museodelacharreria.org.mx\\\/historia\\\/siglo-xx\\\/#primaryimage\",\"url\":\"https:\\\/\\\/museodelacharreria.org.mx\\\/wp-content\\\/uploads\\\/2023\\\/10\\\/division-del-norte-francisco-villa.webp\",\"contentUrl\":\"https:\\\/\\\/museodelacharreria.org.mx\\\/wp-content\\\/uploads\\\/2023\\\/10\\\/division-del-norte-francisco-villa.webp\",\"width\":1200,\"height\":750,\"caption\":\"Francisco Villa Batalla de Ojinaga 1914 - Mediateca INAH Archivo Casasola. Derechos Reservados\"},{\"@type\":\"BreadcrumbList\",\"@id\":\"https:\\\/\\\/museodelacharreria.org.mx\\\/historia\\\/siglo-xx\\\/#breadcrumb\",\"itemListElement\":[{\"@type\":\"ListItem\",\"position\":1,\"name\":\"Portada\",\"item\":\"https:\\\/\\\/museodelacharreria.org.mx\\\/inicio\\\/\"},{\"@type\":\"ListItem\",\"position\":2,\"name\":\"HISTORIA\",\"item\":\"https:\\\/\\\/museodelacharreria.org.mx\\\/historia\\\/\"},{\"@type\":\"ListItem\",\"position\":3,\"name\":\"SIGLO XX\"}]},{\"@type\":\"WebSite\",\"@id\":\"https:\\\/\\\/museodelacharreria.org.mx\\\/#website\",\"url\":\"https:\\\/\\\/museodelacharreria.org.mx\\\/\",\"name\":\"Museo de la Charrer\u00eda CDMX\",\"description\":\"Historia y tradici\u00f3n, patrimonio cultural inmaterial de la humanidad UNESCO\",\"publisher\":{\"@id\":\"https:\\\/\\\/museodelacharreria.org.mx\\\/#organization\"},\"potentialAction\":[{\"@type\":\"SearchAction\",\"target\":{\"@type\":\"EntryPoint\",\"urlTemplate\":\"https:\\\/\\\/museodelacharreria.org.mx\\\/?s={search_term_string}\"},\"query-input\":{\"@type\":\"PropertyValueSpecification\",\"valueRequired\":true,\"valueName\":\"search_term_string\"}}],\"inLanguage\":\"pt-BR\"},{\"@type\":\"Organization\",\"@id\":\"https:\\\/\\\/museodelacharreria.org.mx\\\/#organization\",\"name\":\"Museo de la Charrer\u00eda Ciudad de M\u00e9xico\",\"alternateName\":\"Museo de la Charrer\u00eda CDMX\",\"url\":\"https:\\\/\\\/museodelacharreria.org.mx\\\/\",\"logo\":{\"@type\":\"ImageObject\",\"inLanguage\":\"pt-BR\",\"@id\":\"https:\\\/\\\/museodelacharreria.org.mx\\\/#\\\/schema\\\/logo\\\/image\\\/\",\"url\":\"https:\\\/\\\/museodelacharreria.org.mx\\\/wp-content\\\/uploads\\\/2023\\\/07\\\/Logo-Museo-de-la-Charreria-b-n.png\",\"contentUrl\":\"https:\\\/\\\/museodelacharreria.org.mx\\\/wp-content\\\/uploads\\\/2023\\\/07\\\/Logo-Museo-de-la-Charreria-b-n.png\",\"width\":500,\"height\":250,\"caption\":\"Museo de la Charrer\u00eda Ciudad de M\u00e9xico\"},\"image\":{\"@id\":\"https:\\\/\\\/museodelacharreria.org.mx\\\/#\\\/schema\\\/logo\\\/image\\\/\"},\"sameAs\":[\"https:\\\/\\\/www.youtube.com\\\/@MuseoDeLaCharreria\"]}]}<\/script>\n<!-- \/ Yoast SEO plugin. -->","yoast_head_json":{"title":"S\u00c9CULO XX - Museu de Charreria CDMX","robots":{"index":"index","follow":"follow","max-snippet":"max-snippet:-1","max-image-preview":"max-image-preview:large","max-video-preview":"max-video-preview:-1"},"canonical":"https:\/\/museodelacharreria.org.mx\/pt\/historico\/seculo-xx\/","og_locale":"pt_BR","og_type":"article","og_title":"SIGLO XX - Museo de la Charrer\u00eda CDMX","og_url":"https:\/\/museodelacharreria.org.mx\/pt\/historico\/seculo-xx\/","og_site_name":"Museo de la Charrer\u00eda CDMX","article_modified_time":"2024-12-06T13:19:11+00:00","og_image":[{"width":1200,"height":750,"url":"https:\/\/museodelacharreria.org.mx\/wp-content\/uploads\/2023\/10\/division-del-norte-francisco-villa.webp","type":"image\/webp"}],"twitter_card":"summary_large_image","twitter_misc":{"Est. tempo de leitura":"5 minutos"},"schema":{"@context":"https:\/\/schema.org","@graph":[{"@type":"WebPage","@id":"https:\/\/museodelacharreria.org.mx\/historia\/siglo-xx\/","url":"https:\/\/museodelacharreria.org.mx\/historia\/siglo-xx\/","name":"S\u00c9CULO XX - Museu de Charreria CDMX","isPartOf":{"@id":"https:\/\/museodelacharreria.org.mx\/#website"},"primaryImageOfPage":{"@id":"https:\/\/museodelacharreria.org.mx\/historia\/siglo-xx\/#primaryimage"},"image":{"@id":"https:\/\/museodelacharreria.org.mx\/historia\/siglo-xx\/#primaryimage"},"thumbnailUrl":"https:\/\/museodelacharreria.org.mx\/wp-content\/uploads\/2023\/10\/division-del-norte-francisco-villa.webp","datePublished":"2023-10-04T02:26:34+00:00","dateModified":"2024-12-06T13:19:11+00:00","breadcrumb":{"@id":"https:\/\/museodelacharreria.org.mx\/historia\/siglo-xx\/#breadcrumb"},"inLanguage":"pt-BR","potentialAction":[{"@type":"ReadAction","target":["https:\/\/museodelacharreria.org.mx\/historia\/siglo-xx\/"]}]},{"@type":"ImageObject","inLanguage":"pt-BR","@id":"https:\/\/museodelacharreria.org.mx\/historia\/siglo-xx\/#primaryimage","url":"https:\/\/museodelacharreria.org.mx\/wp-content\/uploads\/2023\/10\/division-del-norte-francisco-villa.webp","contentUrl":"https:\/\/museodelacharreria.org.mx\/wp-content\/uploads\/2023\/10\/division-del-norte-francisco-villa.webp","width":1200,"height":750,"caption":"Francisco Villa Batalla de Ojinaga 1914 - Mediateca INAH Archivo Casasola. Derechos Reservados"},{"@type":"BreadcrumbList","@id":"https:\/\/museodelacharreria.org.mx\/historia\/siglo-xx\/#breadcrumb","itemListElement":[{"@type":"ListItem","position":1,"name":"Portada","item":"https:\/\/museodelacharreria.org.mx\/inicio\/"},{"@type":"ListItem","position":2,"name":"HISTORIA","item":"https:\/\/museodelacharreria.org.mx\/historia\/"},{"@type":"ListItem","position":3,"name":"SIGLO XX"}]},{"@type":"WebSite","@id":"https:\/\/museodelacharreria.org.mx\/#website","url":"https:\/\/museodelacharreria.org.mx\/","name":"Museu da Charreria CDMX","description":"Hist\u00f3ria e tradi\u00e7\u00e3o, patrim\u00f4nio cultural intang\u00edvel da humanidade UNESCO","publisher":{"@id":"https:\/\/museodelacharreria.org.mx\/#organization"},"potentialAction":[{"@type":"SearchAction","target":{"@type":"EntryPoint","urlTemplate":"https:\/\/museodelacharreria.org.mx\/?s={search_term_string}"},"query-input":{"@type":"PropertyValueSpecification","valueRequired":true,"valueName":"search_term_string"}}],"inLanguage":"pt-BR"},{"@type":"Organization","@id":"https:\/\/museodelacharreria.org.mx\/#organization","name":"Museu de Charreria Cidade do M\u00e9xico","alternateName":"Museo de la Charrer\u00eda CDMX","url":"https:\/\/museodelacharreria.org.mx\/","logo":{"@type":"ImageObject","inLanguage":"pt-BR","@id":"https:\/\/museodelacharreria.org.mx\/#\/schema\/logo\/image\/","url":"https:\/\/museodelacharreria.org.mx\/wp-content\/uploads\/2023\/07\/Logo-Museo-de-la-Charreria-b-n.png","contentUrl":"https:\/\/museodelacharreria.org.mx\/wp-content\/uploads\/2023\/07\/Logo-Museo-de-la-Charreria-b-n.png","width":500,"height":250,"caption":"Museo de la Charrer\u00eda Ciudad de M\u00e9xico"},"image":{"@id":"https:\/\/museodelacharreria.org.mx\/#\/schema\/logo\/image\/"},"sameAs":["https:\/\/www.youtube.com\/@MuseoDeLaCharreria"]}]}},"_links":{"self":[{"href":"https:\/\/museodelacharreria.org.mx\/pt\/wp-json\/wp\/v2\/pages\/1831","targetHints":{"allow":["GET"]}}],"collection":[{"href":"https:\/\/museodelacharreria.org.mx\/pt\/wp-json\/wp\/v2\/pages"}],"about":[{"href":"https:\/\/museodelacharreria.org.mx\/pt\/wp-json\/wp\/v2\/types\/page"}],"author":[{"embeddable":true,"href":"https:\/\/museodelacharreria.org.mx\/pt\/wp-json\/wp\/v2\/users\/2"}],"replies":[{"embeddable":true,"href":"https:\/\/museodelacharreria.org.mx\/pt\/wp-json\/wp\/v2\/comments?post=1831"}],"version-history":[{"count":13,"href":"https:\/\/museodelacharreria.org.mx\/pt\/wp-json\/wp\/v2\/pages\/1831\/revisions"}],"predecessor-version":[{"id":3994,"href":"https:\/\/museodelacharreria.org.mx\/pt\/wp-json\/wp\/v2\/pages\/1831\/revisions\/3994"}],"up":[{"embeddable":true,"href":"https:\/\/museodelacharreria.org.mx\/pt\/wp-json\/wp\/v2\/pages\/56"}],"wp:featuredmedia":[{"embeddable":true,"href":"https:\/\/museodelacharreria.org.mx\/pt\/wp-json\/wp\/v2\/media\/1836"}],"wp:attachment":[{"href":"https:\/\/museodelacharreria.org.mx\/pt\/wp-json\/wp\/v2\/media?parent=1831"}],"curies":[{"name":"wp","href":"https:\/\/api.w.org\/{rel}","templated":true}]}}