{"id":1831,"date":"2023-10-04T02:26:34","date_gmt":"2023-10-04T02:26:34","guid":{"rendered":"https:\/\/museodelacharreria.org.mx\/?page_id=1831"},"modified":"2024-12-06T07:19:11","modified_gmt":"2024-12-06T13:19:11","slug":"yirminci-yuzyil","status":"publish","type":"page","link":"https:\/\/museodelacharreria.org.mx\/tr\/historia\/siglo-xx\/","title":{"rendered":"20. Y\u00dcZYIL"},"content":{"rendered":"<style type=\"text\/css\" data-created_by=\"avia_inline_auto\" id=\"style-css-av-2xkel7-bde44a0d5dbd3ad145764fe2370db91c\">\n.avia-section.av-2xkel7-bde44a0d5dbd3ad145764fe2370db91c{\nbackground-repeat:no-repeat;\nbackground-image:url(https:\/\/museodelacharreria.org.mx\/wp-content\/uploads\/2023\/10\/division-del-norte-francisco-villa.webp);\nbackground-position:50% 0%;\nbackground-attachment:scroll;\nmargin-top:0px;\nmargin-bottom:0px;\n}\n<\/style>\n<div id='av_section_1'  class='avia-section av-2xkel7-bde44a0d5dbd3ad145764fe2370db91c main_color avia-section-default avia-no-border-styling  avia-builder-el-0  el_before_av_submenu  avia-builder-el-first  avia-full-stretch avia-bg-style-scroll av-minimum-height av-minimum-height-60 av-height-percent  container_wrap fullsize'  data-section-bg-repeat='stretch' data-av_minimum_height_pc='60' data-av_min_height_opt='percent'><div class='container av-section-cont-open' ><main  role=\"main\" itemprop=\"mainContentOfPage\"  class='template-page content  av-content-full alpha units'><div class='post-entry post-entry-type-page post-entry-1831'><div class='entry-content-wrapper clearfix'>\n\n<style type=\"text\/css\" data-created_by=\"avia_inline_auto\" id=\"style-css-av-lo6drtvd-85972c50f3926622da4821f0cd198ed2\">\n.av_font_icon.av-lo6drtvd-85972c50f3926622da4821f0cd198ed2 .av-icon-char{\nfont-size:20px;\nline-height:20px;\n}\n<\/style>\n<span  class='av_font_icon av-lo6drtvd-85972c50f3926622da4821f0cd198ed2 avia_animate_when_visible av-icon-style- avia-icon-pos-right av-no-color avia-icon-animate'><span class='av-icon-char' aria-hidden='true' data-av_icon='\ue8e0' data-av_iconfont='entypo-fontello' data-avia-icon-tooltip=\"Imagen: &amp;#8220;Francisco Villa &amp;#8211; Batalla de Ojinaga&amp;#8221; 1914 Archivo Casasola. Mediateca del Instituto Nacional de Antropolog\u00eda e Historia de M\u00e9xico &amp;#8211; Derechos Reservados&lt;br \/&gt;\"><\/span><\/span>\n<\/div><\/div><\/main><!-- close content main element --><\/div><\/div><div class='clear'><\/div><div id='sub_menu1'  class='av-submenu-container av-5syjid-20cc2c243a2f2778b0c5c3a1afbb5dc1 main_color  avia-builder-el-2  el_after_av_section  el_before_av_one_full  av-sticky-submenu submenu-not-first container_wrap fullsize' style='z-index:301' ><div class='container av-menu-mobile-disabled av-submenu-pos-center'><ul id=\"menu-historia\" class=\"av-subnav-menu\" role=\"menu\"><li role=\"menuitem\" id=\"menu-item-1778\" class=\"menu-item menu-item-type-post_type menu-item-object-page menu-item-top-level menu-item-top-level-1\"><a href=\"https:\/\/museodelacharreria.org.mx\/tr\/historia\/siglo-xvi\/\" itemprop=\"url\" tabindex=\"0\"><span class=\"avia-bullet\"><\/span><span class=\"avia-menu-text\">16. Y\u00dcZYIL<\/span><span class=\"avia-menu-fx\"><span class=\"avia-arrow-wrap\"><span class=\"avia-arrow\"><\/span><\/span><\/span><\/a><\/li>\n<li role=\"menuitem\" id=\"menu-item-1797\" class=\"menu-item menu-item-type-post_type menu-item-object-page menu-item-top-level menu-item-top-level-2\"><a href=\"https:\/\/museodelacharreria.org.mx\/tr\/historia\/siglo-xvii\/\" itemprop=\"url\" tabindex=\"0\"><span class=\"avia-bullet\"><\/span><span class=\"avia-menu-text\">17. Y\u00dcZYIL<\/span><span class=\"avia-menu-fx\"><span class=\"avia-arrow-wrap\"><span class=\"avia-arrow\"><\/span><\/span><\/span><\/a><\/li>\n<li role=\"menuitem\" id=\"menu-item-1809\" class=\"menu-item menu-item-type-post_type menu-item-object-page menu-item-top-level menu-item-top-level-3\"><a href=\"https:\/\/museodelacharreria.org.mx\/tr\/historia\/siglo-xviii\/\" itemprop=\"url\" tabindex=\"0\"><span class=\"avia-bullet\"><\/span><span class=\"avia-menu-text\">18. Y\u00dcZYIL<\/span><span class=\"avia-menu-fx\"><span class=\"avia-arrow-wrap\"><span class=\"avia-arrow\"><\/span><\/span><\/span><\/a><\/li>\n<li role=\"menuitem\" id=\"menu-item-1818\" class=\"menu-item menu-item-type-post_type menu-item-object-page menu-item-top-level menu-item-top-level-4\"><a href=\"https:\/\/museodelacharreria.org.mx\/tr\/historia\/siglo-xix\/\" itemprop=\"url\" tabindex=\"0\"><span class=\"avia-bullet\"><\/span><span class=\"avia-menu-text\">19. Y\u00dcZYIL<\/span><span class=\"avia-menu-fx\"><span class=\"avia-arrow-wrap\"><span class=\"avia-arrow\"><\/span><\/span><\/span><\/a><\/li>\n<li role=\"menuitem\" id=\"menu-item-1840\" class=\"menu-item menu-item-type-post_type menu-item-object-page menu-item-top-level menu-item-top-level-5\"><a href=\"https:\/\/museodelacharreria.org.mx\/tr\/historia\/siglo-xx\/\" itemprop=\"url\" tabindex=\"0\"><span class=\"avia-bullet\"><\/span><span class=\"avia-menu-text\">20. Y\u00dcZYIL<\/span><span class=\"avia-menu-fx\"><span class=\"avia-arrow-wrap\"><span class=\"avia-arrow\"><\/span><\/span><\/span><\/a><\/li>\n<li role=\"menuitem\" id=\"menu-item-1863\" class=\"menu-item menu-item-type-post_type menu-item-object-page menu-item-top-level menu-item-top-level-6\"><a href=\"https:\/\/museodelacharreria.org.mx\/tr\/historia\/siglo-xxi\/\" itemprop=\"url\" tabindex=\"0\"><span class=\"avia-bullet\"><\/span><span class=\"avia-menu-text\">21. Y\u00dcZYIL<\/span><span class=\"avia-menu-fx\"><span class=\"avia-arrow-wrap\"><span class=\"avia-arrow\"><\/span><\/span><\/span><\/a><\/li>\n<\/ul><\/div><\/div><div class='sticky_placeholder'><\/div><div id='after_submenu_1'  class='main_color av_default_container_wrap container_wrap fullsize'  ><div class='container av-section-cont-open' ><div class='template-page content  av-content-full alpha units'><div class='post-entry post-entry-type-page post-entry-1831'><div class='entry-content-wrapper clearfix'><\/p>\n\n<style type=\"text\/css\" data-created_by=\"avia_inline_auto\" id=\"style-css-av-lnapyhdx-b289005ca77e5017eff9eca400f12de3\">\n#top .flex_column.av-lnapyhdx-b289005ca77e5017eff9eca400f12de3{\nmargin-top:-7%;\nmargin-bottom:0px;\n}\n.flex_column.av-lnapyhdx-b289005ca77e5017eff9eca400f12de3{\npadding:5% 5% 5% 5%;\nbackground-color:rgba(10,10,10,0.48);\n}\n.responsive #top #wrap_all .flex_column.av-lnapyhdx-b289005ca77e5017eff9eca400f12de3{\nmargin-top:-7%;\nmargin-bottom:0px;\n}\n<\/style>\n<div  class='flex_column av-lnapyhdx-b289005ca77e5017eff9eca400f12de3 av_one_full  avia-builder-el-3  el_after_av_submenu  avia-builder-el-no-sibling  first flex_column_div'     ><p>\n<style type=\"text\/css\" data-created_by=\"avia_inline_auto\" id=\"style-css-av-lnap3288-95d43671b747991d2bbf56ac8b92d10f\">\n#top .av-special-heading.av-lnap3288-95d43671b747991d2bbf56ac8b92d10f{\npadding-bottom:10px;\n}\nbody .av-special-heading.av-lnap3288-95d43671b747991d2bbf56ac8b92d10f .av-special-heading-tag .heading-char{\nfont-size:25px;\n}\n.av-special-heading.av-lnap3288-95d43671b747991d2bbf56ac8b92d10f .av-subheading{\nfont-size:15px;\n}\n<\/style>\n<div  class='av-special-heading av-lnap3288-95d43671b747991d2bbf56ac8b92d10f av-special-heading-h2 blockquote modern-quote modern-centered  avia-builder-el-4  el_before_av_textblock  avia-builder-el-first'><h2 class='av-special-heading-tag'  itemprop=\"headline\"  >20. Y\u00dcZYIL<\/h2><div class='av-subheading av-subheading_below'><p>Meksika Tarihi Boyunca Charreria'n\u0131n Evrimi<\/p>\n<\/div><div class=\"special-heading-border\"><div class=\"special-heading-inner-border\"><\/div><\/div><\/div><br \/>\n<section  class='av_textblock_section av-lnap26cr-22bc630749eb84fff7f01f2c3751306f'   itemscope=\"itemscope\" itemtype=\"https:\/\/schema.org\/CreativeWork\" ><div class='avia_textblock'  itemprop=\"text\" ><p>s\u0131ras\u0131nda <strong>20. y\u00fczy\u0131l<\/strong>Charrer\u00eda en b\u00fcy\u00fck ihti\u015fam\u0131n\u0131 yaylalarda g\u00f6stermi\u015f ve t\u00fcm b\u00fcy\u00fck haciendalarda y\u0131l\u0131n belirli zamanlar\u0131nda atlar\u0131n, i\u011fdi\u015flerin ya da capaderolar\u0131n ve tusaderolar\u0131n nallanmas\u0131 ger\u00e7ekle\u015ftirilmi\u015ftir. Bu t\u00fcr i\u015fler b\u00fcy\u00fck \u015fenliklere vesile olur ve hem at sahipleri hem de kovboylar bu i\u015fleri yaparken e\u011flenirlerdi.<\/p>\n<p>\"Charreria\" sanat\u0131, \"charros \"lar\u0131n sergileri nedeniyle ge\u00e7en y\u00fczy\u0131l\u0131n ba\u015f\u0131ndan beri Avrupa ve Amerika Birle\u015fik Devletleri'nde zaten biliniyordu. Ponciano D\u00edaz Gonz\u00e1lez ilk g\u00f6sterilerini 1888 y\u0131l\u0131nda ger\u00e7ekle\u015ftirdi. \u0130spanyol arenalar\u0131nda, bo\u011fa g\u00fcre\u015flerinde ve \"corridas de toro y reata \"larda \"charro\" kost\u00fcmlerini b\u00fcy\u00fck bir ayr\u0131cal\u0131kla giyerek g\u00f6steri yapan ilk Meksikal\u0131yd\u0131.<\/p>\n<p>K\u00f6yl\u00fcler i\u015faretlenmemi\u015f hayvanlar\u0131 kovalard\u0131. Atlar\u0131n eyerlerini \u00e7\u00f6zerler, sadece dizginlerini b\u0131rak\u0131rlar, sonra kendilerini bellerinden ba\u011flarlar ve vah\u015fi s\u00fcr\u00fclere yakla\u015facak olan ata ba\u011flan\u0131rlard\u0131. Daha sonra be\u011fendikleri hayvanlar\u0131 se\u00e7erek \u00fczerlerine atl\u0131yor, yelelerinden tutuyor ve evcille\u015ftirene kadar s\u00fcr\u00fcyorlard\u0131. Bu, \"\u00d6l\u00fcm Ge\u00e7idi\" ve di\u011fer eylemlerin k\u00f6keniydi.<\/p>\n<p>\u0130lk \"Manganas floreadas\" Don Felipe ve Don Ignacio Gonz\u00e1lez taraf\u0131ndan yarat\u0131ld\u0131. Bu eylemleri \"La Crinolina\", \"la contra crinolina\" ve \"la caricia\" olarak adland\u0131rd\u0131lar. B\u00f6ylece, reata ile u\u011fra\u015fmak ger\u00e7ek bir sanat haline geldi.<\/p>\n<p>\"\u015earrolar\" g\u00fc\u00e7l\u00fc bir Meksika duygusuna sahip ger\u00e7ek bir k\u0131rsal aristokrasi olu\u015fturdular. Toprak sahipleri, kovboylar\u0131 ve ameleleriyle karde\u015f\u00e7e d\u00f6n\u00fc\u015f\u00fcml\u00fc olarak en cesur faaliyetleri y\u00fcr\u00fct\u00fcrlerdi. B\u00f6ylece, Meksika halk\u0131n\u0131n kalbini olu\u015fturan cesur, sert ve d\u00fcr\u00fcst adamlar oldular.<\/p>\n<p style=\"text-align: center;\"><strong>MEKSI\u0307KA DEVRI\u0307MI\u0307<\/strong><\/p>\n<p>Devrimin ilerleyen d\u00f6nemlerinde, slogan\u0131 'Sufragio Efectivo no Reelecci\u00f3n' olan, demokratik fikirlere sahip zengin bir Coahuila toprak sahibi olan Francisco I. Madero, halk\u0131 diktat\u00f6r Porfirio D\u00edaz'\u0131 devirmeye te\u015fvik etti. Kuzey ovalar\u0131n\u0131 ve g\u00fcney k\u0131rsal\u0131n\u0131 kas\u0131p kavuran 1910 devriminden sonra iktidar\u0131 ele ge\u00e7irdi. Atlar\u0131n d\u00f6rtnala ko\u015ftu\u011fu bu d\u00f6nemde, en \u00f6nemli kar\u015f\u0131la\u015fmalar sentorlar\u0131n eylemlerini i\u00e7eriyordu. 1911'de Madero'nun y\u00fcr\u00fcy\u00fc\u015f\u00fcyle, geni\u015f \u015fapkalar ve g\u00f6\u011f\u00fcste bir fi\u015fek ha\u00e7\u0131 ile devrimler y\u00fczy\u0131l\u0131 ba\u015flad\u0131. Devrimin zirvesinde Francisco Villa zaman\u0131n\u0131n \u00e7o\u011funu at s\u0131rt\u0131nda ge\u00e7iriyordu, bu y\u00fczden kendisine 'Kuzeyin Centaur'u' deniyordu. B\u00f6lgedeki en iyi at terbiyecisi olarak kabul edilen Emiliano Zapata, cumhuriyetin g\u00fcneyindeki ta\u015fra halk\u0131n\u0131n karakteristik k\u0131yafeti olan charro kost\u00fcm\u00fcn\u00fc giyiyordu. Devrimin ba\u015f\u0131ndan beri amac\u0131n\u0131n ne oldu\u011funu bilen tek lideriydi: topraklar\u0131n as\u0131l sahiplerine iadesi. Villa ve Zapata gibi \u00fcnl\u00fc isimlerin yan\u0131 s\u0131ra, pervas\u0131z cesaretleriyle \u00f6ne \u00e7\u0131kan pek \u00e7ok ki\u015fi daha vard\u0131. Silahl\u0131 a\u015fama sona erdi\u011finde, hukuk a\u015famas\u0131 geldi; anayasac\u0131l\u0131k zafer kazand\u0131 ve devrim bir h\u00fck\u00fcmet haline geldi\u011finde, Anavatan'\u0131n zenginli\u011finin en \u00f6nemli par\u00e7as\u0131n\u0131n insan oldu\u011funu d\u00fc\u015f\u00fcnd\u00fc.<\/p>\n<p style=\"text-align: center;\"><strong>DEVR\u0130M SONRASI<\/strong><\/p>\n<p>Meksika eyaletlerindeki haciendalar\u0131n ortadan kalkmas\u0131yla birlikte, daha az \u00f6l\u00e7\u00fcde de olsa, s\u0131\u011f\u0131rlardan geriye kalanlarla k\u0131r i\u015flerini y\u00fcr\u00fctmeye devam ettiler; ancak \u015fehre gidenler i\u00e7in sadece o eski hacienda g\u00fcnlerinin hat\u0131ras\u0131 kald\u0131. Y\u0131llar ge\u00e7tik\u00e7e, bu insanlar i\u00e7lerinde \u00e7ok derinlere k\u00f6k salm\u0131\u015f olan gelenekleri yeniden canland\u0131rmak istediler. Ta\u015fra binicilik gelene\u011finin emanet\u00e7ileri olarak de\u011ferlerinin fark\u0131nda olan charrolar, sporumuzun bir par\u00e7as\u0131 oldu\u011fu g\u00f6revleri \u015fehirlerde taklit edebilmek i\u00e7in kendilerini organize ettiklerinde charreria bir spor haline geldi. \u00c7ok bizim ve \u00e7ok Meksikal\u0131 olan ta\u015fra charrolar\u0131, ruhumuzun hassas bir par\u00e7as\u0131d\u0131r, ac\u0131l\u0131 bir do\u011fumdan do\u011fmu\u015ftur, iki \u0131rk\u0131n birle\u015fmesinin \u00fcr\u00fcn\u00fcd\u00fcr: K\u0131z\u0131lderili ve \u0130spanyol, yerini mestizoya b\u0131rakm\u0131\u015ft\u0131r, ciddi ve at\u0131lgan bir ki\u015fili\u011fe sahip sert, ac\u0131 \u00e7eken bir adam, sakin ve ta\u015fram\u0131z\u0131n de\u011ferli temsilcisi, \u00e7\u00f6lde cesaretle sava\u015fan, g\u00fclen ve bir kad\u0131na a\u015f\u0131k olan ya da diz \u00e7\u00f6k\u00fcp annesinin elini \u00f6pen. Orman\u0131, ovay\u0131, \u00e7\u00f6l\u00fc, g\u00f6ky\u00fcz\u00fcn\u00fc, r\u00fczg\u00e2r\u0131, ya\u011fmuru sever ve ta\u015fral\u0131 ruhu, \u015faronun ruhu, da\u011flar\u0131m\u0131z\u0131n ma\u011frurlu\u011funu ta\u015f\u0131r. K\u0131rsal kesimde charreria olu\u015fmu\u015f, Meksika olu\u015fmu\u015f ve tarihimiz yaz\u0131lm\u0131\u015ft\u0131r.<\/p>\n<p style=\"text-align: center;\"><strong>SPOR OLARAK CHARRERIA<\/strong><\/p>\n<p>Bu nedenle, Charreria'n\u0131n k\u0131rsalda do\u011fdu\u011fu ve \u015fehirde d\u00fczenlendi\u011fi, ilk derne\u011fin 4 Haziran 1921'de \"La Nacional\" ad\u0131 alt\u0131nda Mexico City'de ortaya \u00e7\u0131kt\u0131\u011f\u0131 a\u00e7\u0131k olmal\u0131d\u0131r. Daha sonra, 29 Nisan 1923'te Cumhuriyet'in ikinci derne\u011fi \"Club Nacional de Charros Potosinos\" ad\u0131yla, \u015fimdi San Luis Potosi eyaletinin ba\u015fkentindeki Potosina de Charros ve 8 A\u011fustos 1923'te Meksika Eyaleti'nin Toluca kentinde Meksika Eyaleti'ndeki \u00fc\u00e7\u00fcnc\u00fc charros derne\u011fi ortaya \u00e7\u0131kt\u0131.<\/p>\n<p>Charreria, Cumhurba\u015fkan\u0131 Say\u0131n Manuel Avila Camacho taraf\u0131ndan \"Ulusal Spor\" ilan edilmi\u015f ve 14 Eyl\u00fcl \"Charro G\u00fcn\u00fc\" olarak belirlenmi\u015ftir.<\/p>\n<p>16 Aral\u0131k 1933'te, \u00fclkenin t\u00fcm charro derneklerini bir araya getirerek yar\u0131\u015fmalar d\u00fczenlemek ve bu sporun uygulanmas\u0131nda kriterleri birle\u015ftirecek ortak y\u00f6netmelikler haz\u0131rlamak gibi \u00e7ifte ve verimli bir g\u00f6revi \u00fcstlenen Ulusal Charros Federasyonu kuruldu. <a href=\"https:\/\/museodelacharreria.org.mx\/deporte\/\">ulusal spor<\/a>.<\/p>\n<p style=\"text-align: center;\"><strong>YARI PROFESYONELLE\u015eME VE Y\u00dcKSEK PERFORMANS<\/strong><\/p>\n<p>80'li y\u0131llarda, yar\u0131 profesyonelle\u015fme sorunu nedeniyle tart\u0131\u015fmal\u0131 olan, ancak sporun geli\u015fmesi ve b\u00fcy\u00fcmesi i\u00e7in b\u00fcy\u00fck \u00f6l\u00e7\u00fcde kabul g\u00f6ren y\u00fcksek performans patlamas\u0131 ba\u015flad\u0131 ve bir sanat formuna d\u00f6n\u00fc\u015ft\u00fc. Bu d\u00f6nemden \u00f6nce, tak\u0131mlar \u00e7o\u011funlukla tar\u0131msal faaliyetlerinin yan\u0131 s\u0131ra di\u011fer ailelerle yar\u0131\u015fmak i\u00e7in bir araya gelen aile \u00fcyelerinden olu\u015fuyordu. Bu yar\u0131 profesyonelle\u015fme, ana faaliyeti tam da bu spor olan y\u00fcksek performansl\u0131 sporcular\u0131n geli\u015fmesine yol a\u00e7t\u0131.<\/p>\n<p>Bug\u00fcn daha fazla charro, \u00e7ok \u00e7al\u0131\u015farak elde ettikleri akademik derecelere sahip ve bu da daha y\u00fcksek bir spor seviyesi anlam\u0131na geliyor \u00e7\u00fcnk\u00fc yeni nesiller bunu getirdi.<\/p>\n<p>Charreria kelimenin tam anlam\u0131yla bug\u00fcn\u00fc ya\u015f\u0131yor, yeni takip\u00e7iler kazan\u0131yor, giderek daha fazla sponsor ediniyor, spor seviyesi artmaya devam ediyor ve bu, her yar\u0131\u015fmada bas\u0131lan y\u00fcksek sportif performans sayesinde, \u00fclkenin yan\u0131 s\u0131ra Allende las Fronteras'\u0131n uzunlu\u011fu ve geni\u015fli\u011fi boyunca devam ediyor.<\/p>\n<\/div><\/section><\/p><\/div>","protected":false},"excerpt":{"rendered":"","protected":false},"author":2,"featured_media":1836,"parent":56,"menu_order":0,"comment_status":"closed","ping_status":"closed","template":"","meta":{"footnotes":""},"class_list":["post-1831","page","type-page","status-publish","has-post-thumbnail","hentry"],"yoast_head":"<!-- This site is optimized with the Yoast SEO plugin v27.4 - https:\/\/yoast.com\/product\/yoast-seo-wordpress\/ -->\n<title>SIGLO XX - Museo de la Charrer\u00eda CDMX<\/title>\n<meta name=\"robots\" content=\"index, follow, max-snippet:-1, max-image-preview:large, max-video-preview:-1\" \/>\n<link rel=\"canonical\" href=\"https:\/\/museodelacharreria.org.mx\/tr\/tarih\/yirminci-yuzyil\/\" \/>\n<meta property=\"og:locale\" content=\"tr_TR\" \/>\n<meta property=\"og:type\" content=\"article\" \/>\n<meta property=\"og:title\" content=\"SIGLO XX - Museo de la Charrer\u00eda CDMX\" \/>\n<meta property=\"og:url\" content=\"https:\/\/museodelacharreria.org.mx\/tr\/tarih\/yirminci-yuzyil\/\" \/>\n<meta property=\"og:site_name\" content=\"Museo de la Charrer\u00eda CDMX\" \/>\n<meta property=\"article:modified_time\" content=\"2024-12-06T13:19:11+00:00\" \/>\n<meta property=\"og:image\" content=\"https:\/\/museodelacharreria.org.mx\/wp-content\/uploads\/2023\/10\/division-del-norte-francisco-villa.webp\" \/>\n\t<meta property=\"og:image:width\" content=\"1200\" \/>\n\t<meta property=\"og:image:height\" content=\"750\" \/>\n\t<meta property=\"og:image:type\" content=\"image\/webp\" \/>\n<meta name=\"twitter:card\" content=\"summary_large_image\" \/>\n<meta name=\"twitter:label1\" content=\"Tahmini okuma s\u00fcresi\" \/>\n\t<meta name=\"twitter:data1\" content=\"5 dakika\" \/>\n<script type=\"application\/ld+json\" class=\"yoast-schema-graph\">{\"@context\":\"https:\\\/\\\/schema.org\",\"@graph\":[{\"@type\":\"WebPage\",\"@id\":\"https:\\\/\\\/museodelacharreria.org.mx\\\/historia\\\/siglo-xx\\\/\",\"url\":\"https:\\\/\\\/museodelacharreria.org.mx\\\/historia\\\/siglo-xx\\\/\",\"name\":\"SIGLO XX - Museo de la Charrer\u00eda CDMX\",\"isPartOf\":{\"@id\":\"https:\\\/\\\/museodelacharreria.org.mx\\\/#website\"},\"primaryImageOfPage\":{\"@id\":\"https:\\\/\\\/museodelacharreria.org.mx\\\/historia\\\/siglo-xx\\\/#primaryimage\"},\"image\":{\"@id\":\"https:\\\/\\\/museodelacharreria.org.mx\\\/historia\\\/siglo-xx\\\/#primaryimage\"},\"thumbnailUrl\":\"https:\\\/\\\/museodelacharreria.org.mx\\\/wp-content\\\/uploads\\\/2023\\\/10\\\/division-del-norte-francisco-villa.webp\",\"datePublished\":\"2023-10-04T02:26:34+00:00\",\"dateModified\":\"2024-12-06T13:19:11+00:00\",\"breadcrumb\":{\"@id\":\"https:\\\/\\\/museodelacharreria.org.mx\\\/historia\\\/siglo-xx\\\/#breadcrumb\"},\"inLanguage\":\"tr\",\"potentialAction\":[{\"@type\":\"ReadAction\",\"target\":[\"https:\\\/\\\/museodelacharreria.org.mx\\\/historia\\\/siglo-xx\\\/\"]}]},{\"@type\":\"ImageObject\",\"inLanguage\":\"tr\",\"@id\":\"https:\\\/\\\/museodelacharreria.org.mx\\\/historia\\\/siglo-xx\\\/#primaryimage\",\"url\":\"https:\\\/\\\/museodelacharreria.org.mx\\\/wp-content\\\/uploads\\\/2023\\\/10\\\/division-del-norte-francisco-villa.webp\",\"contentUrl\":\"https:\\\/\\\/museodelacharreria.org.mx\\\/wp-content\\\/uploads\\\/2023\\\/10\\\/division-del-norte-francisco-villa.webp\",\"width\":1200,\"height\":750,\"caption\":\"Francisco Villa Batalla de Ojinaga 1914 - Mediateca INAH Archivo Casasola. Derechos Reservados\"},{\"@type\":\"BreadcrumbList\",\"@id\":\"https:\\\/\\\/museodelacharreria.org.mx\\\/historia\\\/siglo-xx\\\/#breadcrumb\",\"itemListElement\":[{\"@type\":\"ListItem\",\"position\":1,\"name\":\"Portada\",\"item\":\"https:\\\/\\\/museodelacharreria.org.mx\\\/inicio\\\/\"},{\"@type\":\"ListItem\",\"position\":2,\"name\":\"HISTORIA\",\"item\":\"https:\\\/\\\/museodelacharreria.org.mx\\\/historia\\\/\"},{\"@type\":\"ListItem\",\"position\":3,\"name\":\"SIGLO XX\"}]},{\"@type\":\"WebSite\",\"@id\":\"https:\\\/\\\/museodelacharreria.org.mx\\\/#website\",\"url\":\"https:\\\/\\\/museodelacharreria.org.mx\\\/\",\"name\":\"Museo de la Charrer\u00eda CDMX\",\"description\":\"Historia y tradici\u00f3n, patrimonio cultural inmaterial de la humanidad UNESCO\",\"publisher\":{\"@id\":\"https:\\\/\\\/museodelacharreria.org.mx\\\/#organization\"},\"potentialAction\":[{\"@type\":\"SearchAction\",\"target\":{\"@type\":\"EntryPoint\",\"urlTemplate\":\"https:\\\/\\\/museodelacharreria.org.mx\\\/?s={search_term_string}\"},\"query-input\":{\"@type\":\"PropertyValueSpecification\",\"valueRequired\":true,\"valueName\":\"search_term_string\"}}],\"inLanguage\":\"tr\"},{\"@type\":\"Organization\",\"@id\":\"https:\\\/\\\/museodelacharreria.org.mx\\\/#organization\",\"name\":\"Museo de la Charrer\u00eda Ciudad de M\u00e9xico\",\"alternateName\":\"Museo de la Charrer\u00eda CDMX\",\"url\":\"https:\\\/\\\/museodelacharreria.org.mx\\\/\",\"logo\":{\"@type\":\"ImageObject\",\"inLanguage\":\"tr\",\"@id\":\"https:\\\/\\\/museodelacharreria.org.mx\\\/#\\\/schema\\\/logo\\\/image\\\/\",\"url\":\"https:\\\/\\\/museodelacharreria.org.mx\\\/wp-content\\\/uploads\\\/2023\\\/07\\\/Logo-Museo-de-la-Charreria-b-n.png\",\"contentUrl\":\"https:\\\/\\\/museodelacharreria.org.mx\\\/wp-content\\\/uploads\\\/2023\\\/07\\\/Logo-Museo-de-la-Charreria-b-n.png\",\"width\":500,\"height\":250,\"caption\":\"Museo de la Charrer\u00eda Ciudad de M\u00e9xico\"},\"image\":{\"@id\":\"https:\\\/\\\/museodelacharreria.org.mx\\\/#\\\/schema\\\/logo\\\/image\\\/\"},\"sameAs\":[\"https:\\\/\\\/www.youtube.com\\\/@MuseoDeLaCharreria\"]}]}<\/script>\n<!-- \/ Yoast SEO plugin. -->","yoast_head_json":{"title":"20. Y\u00dcZYIL - Charreria CDMX M\u00fczesi","robots":{"index":"index","follow":"follow","max-snippet":"max-snippet:-1","max-image-preview":"max-image-preview:large","max-video-preview":"max-video-preview:-1"},"canonical":"https:\/\/museodelacharreria.org.mx\/tr\/tarih\/yirminci-yuzyil\/","og_locale":"tr_TR","og_type":"article","og_title":"SIGLO XX - Museo de la Charrer\u00eda CDMX","og_url":"https:\/\/museodelacharreria.org.mx\/tr\/tarih\/yirminci-yuzyil\/","og_site_name":"Museo de la Charrer\u00eda CDMX","article_modified_time":"2024-12-06T13:19:11+00:00","og_image":[{"width":1200,"height":750,"url":"https:\/\/museodelacharreria.org.mx\/wp-content\/uploads\/2023\/10\/division-del-norte-francisco-villa.webp","type":"image\/webp"}],"twitter_card":"summary_large_image","twitter_misc":{"Tahmini okuma s\u00fcresi":"5 dakika"},"schema":{"@context":"https:\/\/schema.org","@graph":[{"@type":"WebPage","@id":"https:\/\/museodelacharreria.org.mx\/historia\/siglo-xx\/","url":"https:\/\/museodelacharreria.org.mx\/historia\/siglo-xx\/","name":"20. Y\u00dcZYIL - Charreria CDMX M\u00fczesi","isPartOf":{"@id":"https:\/\/museodelacharreria.org.mx\/#website"},"primaryImageOfPage":{"@id":"https:\/\/museodelacharreria.org.mx\/historia\/siglo-xx\/#primaryimage"},"image":{"@id":"https:\/\/museodelacharreria.org.mx\/historia\/siglo-xx\/#primaryimage"},"thumbnailUrl":"https:\/\/museodelacharreria.org.mx\/wp-content\/uploads\/2023\/10\/division-del-norte-francisco-villa.webp","datePublished":"2023-10-04T02:26:34+00:00","dateModified":"2024-12-06T13:19:11+00:00","breadcrumb":{"@id":"https:\/\/museodelacharreria.org.mx\/historia\/siglo-xx\/#breadcrumb"},"inLanguage":"tr","potentialAction":[{"@type":"ReadAction","target":["https:\/\/museodelacharreria.org.mx\/historia\/siglo-xx\/"]}]},{"@type":"ImageObject","inLanguage":"tr","@id":"https:\/\/museodelacharreria.org.mx\/historia\/siglo-xx\/#primaryimage","url":"https:\/\/museodelacharreria.org.mx\/wp-content\/uploads\/2023\/10\/division-del-norte-francisco-villa.webp","contentUrl":"https:\/\/museodelacharreria.org.mx\/wp-content\/uploads\/2023\/10\/division-del-norte-francisco-villa.webp","width":1200,"height":750,"caption":"Francisco Villa Batalla de Ojinaga 1914 - Mediateca INAH Archivo Casasola. Derechos Reservados"},{"@type":"BreadcrumbList","@id":"https:\/\/museodelacharreria.org.mx\/historia\/siglo-xx\/#breadcrumb","itemListElement":[{"@type":"ListItem","position":1,"name":"Portada","item":"https:\/\/museodelacharreria.org.mx\/inicio\/"},{"@type":"ListItem","position":2,"name":"HISTORIA","item":"https:\/\/museodelacharreria.org.mx\/historia\/"},{"@type":"ListItem","position":3,"name":"SIGLO XX"}]},{"@type":"WebSite","@id":"https:\/\/museodelacharreria.org.mx\/#website","url":"https:\/\/museodelacharreria.org.mx\/","name":"Charreria M\u00fczesi CDMX","description":"Tarih ve gelenek, insanl\u0131\u011f\u0131n somut olmayan k\u00fclt\u00fcrel miras\u0131 UNESCO","publisher":{"@id":"https:\/\/museodelacharreria.org.mx\/#organization"},"potentialAction":[{"@type":"SearchAction","target":{"@type":"EntryPoint","urlTemplate":"https:\/\/museodelacharreria.org.mx\/?s={search_term_string}"},"query-input":{"@type":"PropertyValueSpecification","valueRequired":true,"valueName":"search_term_string"}}],"inLanguage":"tr"},{"@type":"Organization","@id":"https:\/\/museodelacharreria.org.mx\/#organization","name":"Meksiko Charreria M\u00fczesi","alternateName":"Museo de la Charrer\u00eda CDMX","url":"https:\/\/museodelacharreria.org.mx\/","logo":{"@type":"ImageObject","inLanguage":"tr","@id":"https:\/\/museodelacharreria.org.mx\/#\/schema\/logo\/image\/","url":"https:\/\/museodelacharreria.org.mx\/wp-content\/uploads\/2023\/07\/Logo-Museo-de-la-Charreria-b-n.png","contentUrl":"https:\/\/museodelacharreria.org.mx\/wp-content\/uploads\/2023\/07\/Logo-Museo-de-la-Charreria-b-n.png","width":500,"height":250,"caption":"Museo de la Charrer\u00eda Ciudad de M\u00e9xico"},"image":{"@id":"https:\/\/museodelacharreria.org.mx\/#\/schema\/logo\/image\/"},"sameAs":["https:\/\/www.youtube.com\/@MuseoDeLaCharreria"]}]}},"_links":{"self":[{"href":"https:\/\/museodelacharreria.org.mx\/tr\/wp-json\/wp\/v2\/pages\/1831","targetHints":{"allow":["GET"]}}],"collection":[{"href":"https:\/\/museodelacharreria.org.mx\/tr\/wp-json\/wp\/v2\/pages"}],"about":[{"href":"https:\/\/museodelacharreria.org.mx\/tr\/wp-json\/wp\/v2\/types\/page"}],"author":[{"embeddable":true,"href":"https:\/\/museodelacharreria.org.mx\/tr\/wp-json\/wp\/v2\/users\/2"}],"replies":[{"embeddable":true,"href":"https:\/\/museodelacharreria.org.mx\/tr\/wp-json\/wp\/v2\/comments?post=1831"}],"version-history":[{"count":13,"href":"https:\/\/museodelacharreria.org.mx\/tr\/wp-json\/wp\/v2\/pages\/1831\/revisions"}],"predecessor-version":[{"id":3994,"href":"https:\/\/museodelacharreria.org.mx\/tr\/wp-json\/wp\/v2\/pages\/1831\/revisions\/3994"}],"up":[{"embeddable":true,"href":"https:\/\/museodelacharreria.org.mx\/tr\/wp-json\/wp\/v2\/pages\/56"}],"wp:featuredmedia":[{"embeddable":true,"href":"https:\/\/museodelacharreria.org.mx\/tr\/wp-json\/wp\/v2\/media\/1836"}],"wp:attachment":[{"href":"https:\/\/museodelacharreria.org.mx\/tr\/wp-json\/wp\/v2\/media?parent=1831"}],"curies":[{"name":"wp","href":"https:\/\/api.w.org\/{rel}","templated":true}]}}